{"id":342,"date":"2024-09-04T19:16:15","date_gmt":"2024-09-04T11:16:15","guid":{"rendered":"https:\/\/www.luckywwtp.com\/?post_type=product&#038;p=342"},"modified":"2025-05-14T09:20:39","modified_gmt":"2025-05-14T01:20:39","slug":"deep-bed-denitrification-filters","status":"publish","type":"product","link":"https:\/\/www.luckywwtp.com\/fr\/produit\/deep-bed-denitrification-filters\/","title":{"rendered":"D\u00e9nitrification des mauvais filtres profonds (DDBF)"},"content":{"rendered":"<p><strong>Vue d'ensemble<\/strong>: Le mat\u00e9riau filtrant du filtre \u00e0 sable \u00e0 lit profond de d\u00e9nitrification adopte un milieu de sable quartzeux de 2~4mm, la profondeur du lit filtrant est de 1,5m-1,8m, le lit filtrant a une profondeur de protection de la qualit\u00e9 de l'eau suffisante pour \u00e9viter une d\u00e9gradation de la qualit\u00e9 de l'eau, m\u00eame s'il y a une expansion des boues ou des conditions anormales dans le processus de traitement frontal, cela ne causera pas de d\u00e9gradation hydraulique du lit filtrant. Il peut facilement faire face au d\u00e9bit de pointe ou au gonflement des boues de la station d'\u00e9puration et \u00e0 d'autres conditions anormales. En raison de la charge solide \u00e9lev\u00e9e et de la profondeur du lit, le lit filtrant homog\u00e8ne en sable quartzeux permet aux impuret\u00e9s solides de p\u00e9n\u00e9trer la surface du lit filtrant et de p\u00e9n\u00e9trer dans le mat\u00e9riau filtrant pour atteindre la profondeur de l'ensemble de la cuve du filtre afin de pi\u00e9ger les solides. Lorsque le filtre de d\u00e9nitrification perd compl\u00e8tement sa t\u00eate de filtration, le filtre doit \u00eatre lav\u00e9 \u00e0 contre-courant, le lavage \u00e0 contre-courant simule le mode de lavage et de r\u00e9curage de la main humaine, en utilisant de l'air et de l'eau puissants pour un lavage \u00e0 contre-courant combin\u00e9, l'air \u00e0 haute r\u00e9sistance provoque l'expansion glissante du lit filtrant, de sorte que les mat\u00e9riaux filtrants se frottent les uns aux autres, ce qui entra\u00eene l'\u00e9limination de toutes les SS intercept\u00e9es du m\u00e9dia, et les SS sont \u00e9limin\u00e9es du filtre par l'eau de lavage \u00e0 contre-courant. Le taux de nettoyage atteint 100%. Le mode de lavage \u00e0 contre-courant est adopt\u00e9 et l'eau de lavage \u00e0 contre-courant ne d\u00e9passe pas 2% du volume d'eau de la station d'\u00e9puration.<\/p>\n<p><strong>Caract\u00e9ristiques du processus<\/strong><br \/>\n\u2460Haute efficacit\u00e9 de r\u00e9action et forte capacit\u00e9 d'\u00e9limination de l'azote.<br \/>\n\u2461Forte capacit\u00e9 d'adaptation \u00e0 la modification de la qualit\u00e9 et de la quantit\u00e9 de l'eau ;<br \/>\n\u2462Fonctionnement stable, bonne qualit\u00e9 de l'eau d'effluent ; charge \u00e9lev\u00e9e, occupation de petites surfaces ;<br \/>\n\u2463D\u00e9charge de la boue au niveau de la taille, r\u00e9duisant ainsi le volume d'eau de lavage \u00e0 contre-courant de plus de 30% ;<br \/>\n\u2464Le syst\u00e8me de filtration \u00e0 double lit profond pour la d\u00e9nitrification divise efficacement les t\u00e2ches biochimiques et de filtration, am\u00e9liorant le temps de fonctionnement du filtre, r\u00e9duisant la fr\u00e9quence de l'\u00e9limination de l'azote et r\u00e9duisant les co\u00fbts d'exploitation.<\/p>\n<p><a href=\"mailto:sales@luckywwtp.com\"><img fetchpriority=\"high\" decoding=\"async\" class=\"alignnone wp-image-1887 size-full\" src=\"http:\/\/www.luckywwtp.com\/wp-content\/uploads\/2024\/12\/get-inquiry-blue.jpg\" alt=\"\" width=\"1000\" height=\"200\" srcset=\"https:\/\/www.luckywwtp.com\/wp-content\/uploads\/2024\/12\/get-inquiry-blue.jpg 1000w, https:\/\/www.luckywwtp.com\/wp-content\/uploads\/2024\/12\/get-inquiry-blue-300x60.jpg 300w, https:\/\/www.luckywwtp.com\/wp-content\/uploads\/2024\/12\/get-inquiry-blue-768x154.jpg 768w, https:\/\/www.luckywwtp.com\/wp-content\/uploads\/2024\/12\/get-inquiry-blue-18x4.jpg 18w, https:\/\/www.luckywwtp.com\/wp-content\/uploads\/2024\/12\/get-inquiry-blue-800x160.jpg 800w\" sizes=\"(max-width: 1000px) 100vw, 1000px\" \/><\/a><\/p>","protected":false},"excerpt":{"rendered":"<p>Overview: The filter material of the denitrification deep bed sand filter adopts 2~4mm quartzsand medium, the filter bed depth is 1.5m-1.8m, the filter bed has enough water qualityprotection depth to avoid water quality breakdown, even if there is sludge expansion orabnormal conditions in the front treatment process, it will not cause hydraulic breakdown of thefilter&#8230;<\/p>","protected":false},"featured_media":343,"comment_status":"open","ping_status":"closed","template":"","meta":{"_kad_post_transparent":"default","_kad_post_title":"","_kad_post_layout":"default","_kad_post_sidebar_id":"","_kad_post_content_style":"default","_kad_post_vertical_padding":"default","_kad_post_feature":"","_kad_post_feature_position":"","_kad_post_header":false,"_kad_post_footer":false,"_kad_post_classname":""},"product_brand":[],"product_cat":[55,24],"product_tag":[135,133,134],"class_list":{"0":"post-342","1":"product","2":"type-product","3":"status-publish","4":"has-post-thumbnail","6":"product_cat-basic-stp-equipment","7":"product_cat-products","8":"product_tag-biochemical-and-filtration-tasks","9":"product_tag-denitrification-deep-bed-sand-filter","10":"product_tag-filter-bed","12":"first","13":"instock","14":"shipping-taxable","15":"product-type-simple","16":"entry","17":"content-bg","18":"loop-entry"},"_links":{"self":[{"href":"https:\/\/www.luckywwtp.com\/fr\/wp-json\/wp\/v2\/product\/342","targetHints":{"allow":["GET"]}}],"collection":[{"href":"https:\/\/www.luckywwtp.com\/fr\/wp-json\/wp\/v2\/product"}],"about":[{"href":"https:\/\/www.luckywwtp.com\/fr\/wp-json\/wp\/v2\/types\/product"}],"replies":[{"embeddable":true,"href":"https:\/\/www.luckywwtp.com\/fr\/wp-json\/wp\/v2\/comments?post=342"}],"wp:featuredmedia":[{"embeddable":true,"href":"https:\/\/www.luckywwtp.com\/fr\/wp-json\/wp\/v2\/media\/343"}],"wp:attachment":[{"href":"https:\/\/www.luckywwtp.com\/fr\/wp-json\/wp\/v2\/media?parent=342"}],"wp:term":[{"taxonomy":"product_brand","embeddable":true,"href":"https:\/\/www.luckywwtp.com\/fr\/wp-json\/wp\/v2\/product_brand?post=342"},{"taxonomy":"product_cat","embeddable":true,"href":"https:\/\/www.luckywwtp.com\/fr\/wp-json\/wp\/v2\/product_cat?post=342"},{"taxonomy":"product_tag","embeddable":true,"href":"https:\/\/www.luckywwtp.com\/fr\/wp-json\/wp\/v2\/product_tag?post=342"}],"curies":[{"name":"wp","href":"https:\/\/api.w.org\/{rel}","templated":true}]}}