{"id":340,"date":"2024-09-04T19:14:57","date_gmt":"2024-09-04T11:14:57","guid":{"rendered":"https:\/\/www.luckywwtp.com\/?post_type=product&#038;p=340"},"modified":"2025-05-14T09:21:34","modified_gmt":"2025-05-14T01:21:34","slug":"erporation-system","status":"publish","type":"product","link":"https:\/\/www.luckywwtp.com\/fr\/produit\/erporation-system\/","title":{"rendered":"Syst\u00e8me d'\u00e9vaporation (MVR)"},"content":{"rendered":"<p><strong>Vue d'ensemble<\/strong>: Le MVR est une technologie de recompression m\u00e9canique de la vapeur, l'\u00e9vaporateur MVR est une technologie d'\u00e9conomie d'\u00e9nergie qui r\u00e9utilise l'\u00e9nergie de sa propre vapeur secondaire, r\u00e9duisant ainsi la demande d'\u00e9nergie externe. Le processus de fonctionnement de la MVR consiste \u00e0 comprimer la vapeur de faible qualit\u00e9 par le biais du compresseur, \u00e0 augmenter la temp\u00e9rature et la pression, \u00e0 accro\u00eetre le gain de chaleur, puis \u00e0 entrer dans l'\u00e9changeur de chaleur pour la condensation afin d'utiliser pleinement la chaleur latente de la vapeur de couverture.<\/p>\n<p><strong>Application<\/strong><br \/>\n\u2460Un syst\u00e8me de traitement des eaux us\u00e9es dans le cadre d'un contrat g\u00e9n\u00e9ral de projet de traitement des eaux us\u00e9es industrielles : industrie de la fermentation, pulpe de papier, cok\u00e9faction, engrais azot\u00e9s, m\u00e9taux non ferreux, imprimerie et teinture, agriculture et transformation alimentaire secondaire, fabrication de mati\u00e8res premi\u00e8res, cuir, pesticides, galvanoplastie, production d'\u00e9nergie, exploitation du p\u00e9trole et du gaz, sid\u00e9rurgie, ciment, industrie chimique du charbon et autres industries de traitement des eaux us\u00e9es industrielles, z\u00e9ro rejet ;<br \/>\n\u2461En tant qu'\u00e9quipement d'\u00e9vaporation et de cristallisation utilis\u00e9 dans le domaine des processus de production : industrie de la fermentation, amidon et d\u00e9riv\u00e9s de l'amidon, acides organiques, traitement en profondeur du ma\u00efs, industrie chimique du sel, industrie chimique marine, dessalement de l'eau de mer, industrie chimique fine, m\u00e9decine chinoise et bien d'autres domaines de production de processus ;<br \/>\n\u2462En tant qu'\u00e9quipement complet pour la ligne de traitement des fruits et l\u00e9gumes : impliqu\u00e9 dans le traitement de divers types de jus de fruits et de confitures, tels que la ligne de traitement des ketch up.<\/p>\n<p><img fetchpriority=\"high\" decoding=\"async\" width=\"1000\" height=\"895\" class=\"alignnone size-full wp-image-1257\" src=\"http:\/\/www.luckywwtp.com\/wp-content\/uploads\/2024\/09\/mvr3.jpg\" alt=\"\" srcset=\"https:\/\/www.luckywwtp.com\/wp-content\/uploads\/2024\/09\/mvr3.jpg 1000w, https:\/\/www.luckywwtp.com\/wp-content\/uploads\/2024\/09\/mvr3-300x269.jpg 300w, https:\/\/www.luckywwtp.com\/wp-content\/uploads\/2024\/09\/mvr3-768x687.jpg 768w, https:\/\/www.luckywwtp.com\/wp-content\/uploads\/2024\/09\/mvr3-13x12.jpg 13w, https:\/\/www.luckywwtp.com\/wp-content\/uploads\/2024\/09\/mvr3-800x716.jpg 800w\" sizes=\"(max-width: 1000px) 100vw, 1000px\" \/><\/p>\n<p><a href=\"mailto:sales@luckywwtp.com\"><img decoding=\"async\" class=\"alignnone wp-image-1887 size-full\" src=\"http:\/\/www.luckywwtp.com\/wp-content\/uploads\/2024\/12\/get-inquiry-blue.jpg\" alt=\"\" width=\"1000\" height=\"200\" srcset=\"https:\/\/www.luckywwtp.com\/wp-content\/uploads\/2024\/12\/get-inquiry-blue.jpg 1000w, https:\/\/www.luckywwtp.com\/wp-content\/uploads\/2024\/12\/get-inquiry-blue-300x60.jpg 300w, https:\/\/www.luckywwtp.com\/wp-content\/uploads\/2024\/12\/get-inquiry-blue-768x154.jpg 768w, https:\/\/www.luckywwtp.com\/wp-content\/uploads\/2024\/12\/get-inquiry-blue-18x4.jpg 18w, https:\/\/www.luckywwtp.com\/wp-content\/uploads\/2024\/12\/get-inquiry-blue-800x160.jpg 800w\" sizes=\"(max-width: 1000px) 100vw, 1000px\" \/><\/a><\/p>","protected":false},"excerpt":{"rendered":"<p>Overview: MVR is a steam mechanical recompression technology, MVR evaporator is anenergy-saving technology that reuses the energy of its own secondary steam, thereby reducingthe demand for external energy . The working process of MVR is to compress the low-gradesteam through the compressor, increase the temperature and pressure, increase the heat gain,and then enter the heat&#8230;<\/p>","protected":false},"featured_media":341,"comment_status":"open","ping_status":"closed","template":"","meta":{"_kad_post_transparent":"default","_kad_post_title":"","_kad_post_layout":"default","_kad_post_sidebar_id":"","_kad_post_content_style":"default","_kad_post_vertical_padding":"default","_kad_post_feature":"","_kad_post_feature_position":"","_kad_post_header":false,"_kad_post_footer":false,"_kad_post_classname":""},"product_brand":[],"product_cat":[55,24],"product_tag":[139,138,136,137],"class_list":{"0":"post-340","1":"product","2":"type-product","3":"status-publish","4":"has-post-thumbnail","6":"product_cat-basic-stp-equipment","7":"product_cat-products","8":"product_tag-evaporation","9":"product_tag-industrial-swage-treatment-project","10":"product_tag-mvr-evaporator","11":"product_tag-wastewater-treatment-system","13":"first","14":"instock","15":"shipping-taxable","16":"product-type-simple","17":"entry","18":"content-bg","19":"loop-entry"},"_links":{"self":[{"href":"https:\/\/www.luckywwtp.com\/fr\/wp-json\/wp\/v2\/product\/340","targetHints":{"allow":["GET"]}}],"collection":[{"href":"https:\/\/www.luckywwtp.com\/fr\/wp-json\/wp\/v2\/product"}],"about":[{"href":"https:\/\/www.luckywwtp.com\/fr\/wp-json\/wp\/v2\/types\/product"}],"replies":[{"embeddable":true,"href":"https:\/\/www.luckywwtp.com\/fr\/wp-json\/wp\/v2\/comments?post=340"}],"wp:featuredmedia":[{"embeddable":true,"href":"https:\/\/www.luckywwtp.com\/fr\/wp-json\/wp\/v2\/media\/341"}],"wp:attachment":[{"href":"https:\/\/www.luckywwtp.com\/fr\/wp-json\/wp\/v2\/media?parent=340"}],"wp:term":[{"taxonomy":"product_brand","embeddable":true,"href":"https:\/\/www.luckywwtp.com\/fr\/wp-json\/wp\/v2\/product_brand?post=340"},{"taxonomy":"product_cat","embeddable":true,"href":"https:\/\/www.luckywwtp.com\/fr\/wp-json\/wp\/v2\/product_cat?post=340"},{"taxonomy":"product_tag","embeddable":true,"href":"https:\/\/www.luckywwtp.com\/fr\/wp-json\/wp\/v2\/product_tag?post=340"}],"curies":[{"name":"wp","href":"https:\/\/api.w.org\/{rel}","templated":true}]}}