{"id":338,"date":"2024-09-04T19:13:53","date_gmt":"2024-09-04T11:13:53","guid":{"rendered":"https:\/\/www.luckywwtp.com\/?post_type=product&#038;p=338"},"modified":"2025-05-14T09:22:13","modified_gmt":"2025-05-14T01:22:13","slug":"reverse-osmosis","status":"publish","type":"product","link":"https:\/\/www.luckywwtp.com\/fr\/produit\/reverse-osmosis\/","title":{"rendered":"Syst\u00e8me d'ultrafiltration et d'osmose inverse (UF+RO)"},"content":{"rendered":"<p><strong>Osmose inverse et ultrafiltration<\/strong><br \/>\n\u2460All\u00e9ger la p\u00e9nurie d'eau : en prenant les b\u00e2timents nouvellement construits comme objet principal, il s'agit d'une mesure efficace pour att\u00e9nuer la p\u00e9nurie d'eau dans les zones o\u00f9 l'approvisionnement en eau est insuffisant ;<br \/>\n\u2461Protection des eaux publiques : Avec le d\u00e9veloppement rapide de la construction urbaine et de l'industrie et l'augmentation rapide des rejets d'eaux us\u00e9es, le syst\u00e8me de r\u00e9utilisation de l'eau est une mesure efficace pour r\u00e9duire la charge sur les syst\u00e8mes de drainage urbain et prot\u00e9ger les eaux publiques ;<br \/>\n\u2462Assurer l'approvisionnement en eau des r\u00e9sidents : il garantit un approvisionnement en eau stable pendant la saison s\u00e8che et offre un bon environnement aux r\u00e9sidents urbains ;<br \/>\n\u2463Utilisation rationnelle des ressources en eau : lt a r\u00e9alis\u00e9 le d\u00e9veloppement et l'utilisation rationnels des ressources en eau r\u00e9gionales, \u00e9conomis\u00e9 les ressources en eau, r\u00e9duit la pollution de l'eau et cr\u00e9\u00e9 les conditions d'un d\u00e9veloppement durable de la ville.<\/p>\n<p><img fetchpriority=\"high\" decoding=\"async\" class=\"wp-image-1787\" src=\"http:\/\/www.luckywwtp.com\/wp-content\/uploads\/2024\/09\/RO-NF.jpg\" alt=\"\" width=\"541\" height=\"541\" srcset=\"https:\/\/www.luckywwtp.com\/wp-content\/uploads\/2024\/09\/RO-NF.jpg 800w, https:\/\/www.luckywwtp.com\/wp-content\/uploads\/2024\/09\/RO-NF-300x300.jpg 300w, https:\/\/www.luckywwtp.com\/wp-content\/uploads\/2024\/09\/RO-NF-150x150.jpg 150w, https:\/\/www.luckywwtp.com\/wp-content\/uploads\/2024\/09\/RO-NF-768x768.jpg 768w, https:\/\/www.luckywwtp.com\/wp-content\/uploads\/2024\/09\/RO-NF-12x12.jpg 12w, https:\/\/www.luckywwtp.com\/wp-content\/uploads\/2024\/09\/RO-NF-600x600.jpg 600w, https:\/\/www.luckywwtp.com\/wp-content\/uploads\/2024\/09\/RO-NF-100x100.jpg 100w\" sizes=\"(max-width: 541px) 100vw, 541px\" \/><\/p>\n<p><strong>Le champ d'application<\/strong><br \/>\nIl convient \u00e0 la r\u00e9utilisation de l'eau dans la plupart des domaines des eaux us\u00e9es industrielles, telles que les eaux us\u00e9es de la fabrication du papier, les eaux us\u00e9es de l'imprimerie et de la teinture, les eaux us\u00e9es de la chimie fine, les eaux us\u00e9es de la p\u00e9trochimie, les eaux us\u00e9es de la chimie du charbon, les eaux us\u00e9es pharmaceutiques, les eaux us\u00e9es du traitement des minerais, les eaux us\u00e9es de l'industrie m\u00e9tallurgique, les eaux us\u00e9es des centrales \u00e9lectriques, les eaux us\u00e9es de la transformation m\u00e9canique et les eaux us\u00e9es municipales.<\/p>\n<p><strong>Avantages<\/strong><br \/>\n\u2460 Le syst\u00e8me UF est utilis\u00e9 pour \u00e9liminer les solides en suspension et les collo\u00efdes dans les eaux us\u00e9es afin de garantir les exigences de qualit\u00e9 de l'eau du syst\u00e8me RO. Apr\u00e8s le traitement du syst\u00e8me RO, plus de 98% de solides solubles, DCO, etc. sont \u00e9limin\u00e9s afin de garantir que l'eau produite par le syst\u00e8me r\u00e9pond aux normes de qualit\u00e9 de l'eau pour la r\u00e9utilisation.<br \/>\nLes installations de traitement de l'eau \u2461 sont peu encombrantes, n\u00e9cessitent peu d'investissements techniques, consomment peu d'\u00e9nergie, ont des co\u00fbts de traitement peu \u00e9lev\u00e9s et produisent peu de boues.<\/p>\n<p><a href=\"mailto:sales@luckywwtp.com\"><img decoding=\"async\" class=\"alignnone wp-image-1887 size-full\" src=\"http:\/\/www.luckywwtp.com\/wp-content\/uploads\/2024\/12\/get-inquiry-blue.jpg\" alt=\"\" width=\"1000\" height=\"200\" srcset=\"https:\/\/www.luckywwtp.com\/wp-content\/uploads\/2024\/12\/get-inquiry-blue.jpg 1000w, https:\/\/www.luckywwtp.com\/wp-content\/uploads\/2024\/12\/get-inquiry-blue-300x60.jpg 300w, https:\/\/www.luckywwtp.com\/wp-content\/uploads\/2024\/12\/get-inquiry-blue-768x154.jpg 768w, https:\/\/www.luckywwtp.com\/wp-content\/uploads\/2024\/12\/get-inquiry-blue-18x4.jpg 18w, https:\/\/www.luckywwtp.com\/wp-content\/uploads\/2024\/12\/get-inquiry-blue-800x160.jpg 800w\" sizes=\"(max-width: 1000px) 100vw, 1000px\" \/><\/a><\/p>","protected":false},"excerpt":{"rendered":"<p>Reverse Osmosis &amp; Ultra Filtration \u2460Alleviate water supply shortage: taking newly built buildings as the main object.it is an effective measure to alleviate water supply shortage in areas with watersupply shortage; \u2461Protect public waters: With the rapid development of urban construction scaleand industry and rapid increase of sewage discharge, the water reuse system isan effective&#8230;<\/p>","protected":false},"featured_media":339,"comment_status":"open","ping_status":"closed","template":"","meta":{"_kad_post_transparent":"default","_kad_post_title":"","_kad_post_layout":"default","_kad_post_sidebar_id":"","_kad_post_content_style":"default","_kad_post_vertical_padding":"default","_kad_post_feature":"","_kad_post_feature_position":"","_kad_post_header":false,"_kad_post_footer":false,"_kad_post_classname":""},"product_brand":[],"product_cat":[55,24],"product_tag":[145,150,146,148,140,149,147,141,144,143,142],"class_list":{"0":"post-338","1":"product","2":"type-product","3":"status-publish","4":"has-post-thumbnail","6":"product_cat-basic-stp-equipment","7":"product_cat-products","8":"product_tag-industrial-wastewater-fields","9":"product_tag-low-sludge-production","10":"product_tag-municipal-sewage","11":"product_tag-remove-suspended-solids","12":"product_tag-reverse-osmosis","13":"product_tag-ro-system","14":"product_tag-uf-system","15":"product_tag-ultra-filtration","16":"product_tag-urban-drainage-systems","17":"product_tag-water-reuse","18":"product_tag-water-supply","20":"first","21":"instock","22":"shipping-taxable","23":"product-type-simple","24":"entry","25":"content-bg","26":"loop-entry"},"_links":{"self":[{"href":"https:\/\/www.luckywwtp.com\/fr\/wp-json\/wp\/v2\/product\/338","targetHints":{"allow":["GET"]}}],"collection":[{"href":"https:\/\/www.luckywwtp.com\/fr\/wp-json\/wp\/v2\/product"}],"about":[{"href":"https:\/\/www.luckywwtp.com\/fr\/wp-json\/wp\/v2\/types\/product"}],"replies":[{"embeddable":true,"href":"https:\/\/www.luckywwtp.com\/fr\/wp-json\/wp\/v2\/comments?post=338"}],"wp:featuredmedia":[{"embeddable":true,"href":"https:\/\/www.luckywwtp.com\/fr\/wp-json\/wp\/v2\/media\/339"}],"wp:attachment":[{"href":"https:\/\/www.luckywwtp.com\/fr\/wp-json\/wp\/v2\/media?parent=338"}],"wp:term":[{"taxonomy":"product_brand","embeddable":true,"href":"https:\/\/www.luckywwtp.com\/fr\/wp-json\/wp\/v2\/product_brand?post=338"},{"taxonomy":"product_cat","embeddable":true,"href":"https:\/\/www.luckywwtp.com\/fr\/wp-json\/wp\/v2\/product_cat?post=338"},{"taxonomy":"product_tag","embeddable":true,"href":"https:\/\/www.luckywwtp.com\/fr\/wp-json\/wp\/v2\/product_tag?post=338"}],"curies":[{"name":"wp","href":"https:\/\/api.w.org\/{rel}","templated":true}]}}