{"id":335,"date":"2024-09-04T19:12:55","date_gmt":"2024-09-04T11:12:55","guid":{"rendered":"https:\/\/www.luckywwtp.com\/?post_type=product&#038;p=335"},"modified":"2025-05-14T09:22:58","modified_gmt":"2025-05-14T01:22:58","slug":"ion-exchange-systems","status":"publish","type":"product","link":"https:\/\/www.luckywwtp.com\/fr\/produit\/ion-exchange-systems\/","title":{"rendered":"Syst\u00e8me d'\u00e9change d'ions (IX)"},"content":{"rendered":"<p><strong>Vue d'ensemble :<\/strong> Le processus d'\u00e9change d'ions exige que l'agent d'\u00e9change soit plac\u00e9 \u00e0 l'int\u00e9rieur de l'\u00e9changeur d'ions (ou lit). La capacit\u00e9 d'\u00e9change d'ions est restaur\u00e9e par r\u00e9g\u00e9n\u00e9ration lorsque l'agent \u00e9changeur d'ions est d\u00e9faillant. Afin d'am\u00e9liorer l'\u00e9conomie et l'applicabilit\u00e9 technique du processus d'\u00e9change d'ions, diff\u00e9rentes combinaisons de r\u00e9sines, diff\u00e9rents types de lits et divers syst\u00e8mes d'\u00e9change d'ions ont \u00e9t\u00e9 mis au point. L'agent d'\u00e9change install\u00e9 dans l'\u00e9changeur d'ions est dans une position fixe pendant le processus d'\u00e9change - un tel \u00e9changeur d'ions est appel\u00e9 un lit fixe, et le traitement d'\u00e9change de l'eau brute et la production d'eau apr\u00e8s la d\u00e9faillance de la r\u00e9sine sont effectu\u00e9s s\u00e9par\u00e9ment dans le m\u00eame \u00e9changeur \u00e0 des moments diff\u00e9rents. Les \u00e9changeurs d'ions \u00e0 lit fixe peuvent \u00eatre divis\u00e9s en lit simple, lit double et lit mixte selon le type de r\u00e9sine dans l'\u00e9changeur.<\/p>\n<p>Le lit simple est rempli d'une seule r\u00e9sine ; le lit double est rempli de r\u00e9sines fortes et faibles ; le lit mixte est rempli de r\u00e9sines Yin et Yang. Dans des circonstances normales, le lit fixe se r\u00e9f\u00e8re au type de lit unique avec lit fixe. Les \u00e9changeurs d'ions \u00e0 lit continu sont des \u00e9changeurs dans lesquels la r\u00e9sine \u00e9changeuse d'ions fonctionne de mani\u00e8re dynamique et o\u00f9 le traitement d'\u00e9change de l'eau brute et la r\u00e9g\u00e9n\u00e9ration apr\u00e8s la chute de la r\u00e9sine sont effectu\u00e9s simultan\u00e9ment dans diff\u00e9rents dispositifs. Utilisation : les \u00e9changeurs d'ions sont principalement utilis\u00e9s pour la pr\u00e9paration d'eau pure et d'eau tr\u00e8s pure, et ont \u00e9t\u00e9 largement utilis\u00e9s dans de nombreux domaines industriels tels que la m\u00e9decine, l'industrie chimique, l'\u00e9lectronique, la peinture, les boissons et l'alimentation en eau des chaudi\u00e8res \u00e0 moyenne et haute pression. Il est utilis\u00e9 pour les chaudi\u00e8res, les centrales thermiques, l'industrie chimique, l'industrie l\u00e9g\u00e8re, les textiles, la m\u00e9decine, la biologie, l'\u00e9lectronique, l'\u00e9nergie atomique et le traitement de l'eau pure, l'adoucissement de l'eau dure n\u00e9cessaire \u00e0 la production industrielle, la pr\u00e9paration de l'eau d\u00e9ionis\u00e9e. Il peut \u00e9galement \u00eatre utilis\u00e9 pour la d\u00e9coloration et la purification des aliments et des m\u00e9dicaments, la r\u00e9cup\u00e9ration des m\u00e9taux pr\u00e9cieux et des mati\u00e8res premi\u00e8res chimiques, et le traitement des eaux us\u00e9es de la galvanoplastie.<\/p>\n<p><a href=\"mailto:sales@luckywwtp.com\"><img fetchpriority=\"high\" decoding=\"async\" class=\"alignnone wp-image-1887 size-full\" src=\"http:\/\/www.luckywwtp.com\/wp-content\/uploads\/2024\/12\/get-inquiry-blue.jpg\" alt=\"\" width=\"1000\" height=\"200\" srcset=\"https:\/\/www.luckywwtp.com\/wp-content\/uploads\/2024\/12\/get-inquiry-blue.jpg 1000w, https:\/\/www.luckywwtp.com\/wp-content\/uploads\/2024\/12\/get-inquiry-blue-300x60.jpg 300w, https:\/\/www.luckywwtp.com\/wp-content\/uploads\/2024\/12\/get-inquiry-blue-768x154.jpg 768w, https:\/\/www.luckywwtp.com\/wp-content\/uploads\/2024\/12\/get-inquiry-blue-18x4.jpg 18w, https:\/\/www.luckywwtp.com\/wp-content\/uploads\/2024\/12\/get-inquiry-blue-800x160.jpg 800w\" sizes=\"(max-width: 1000px) 100vw, 1000px\" \/><\/a><\/p>","protected":false},"excerpt":{"rendered":"<p>Overview: The ion exchanger process requires the exchange agent to be placed inside the ion exchanger (or bed). The ion exchange capacity is restored by regeneration after the ion exchange agent fails. in order to improve the economy and technical applicability of the ion exchange process, diferent combinations of resins, different bed types and various&#8230;<\/p>","protected":false},"featured_media":337,"comment_status":"open","ping_status":"closed","template":"","meta":{"_kad_post_transparent":"default","_kad_post_title":"","_kad_post_layout":"default","_kad_post_sidebar_id":"","_kad_post_content_style":"default","_kad_post_vertical_padding":"default","_kad_post_feature":"","_kad_post_feature_position":"","_kad_post_header":false,"_kad_post_footer":false,"_kad_post_classname":""},"product_brand":[],"product_cat":[55,24],"product_tag":[154,153,156,151,155,152],"class_list":{"0":"post-335","1":"product","2":"type-product","3":"status-publish","4":"has-post-thumbnail","6":"product_cat-basic-stp-equipment","7":"product_cat-products","8":"product_tag-exchange-treatment-of-raw-water","9":"product_tag-ion-exchange-resin","10":"product_tag-ion-exchange-system","11":"product_tag-ion-exchanger","12":"product_tag-mixed-bed","13":"product_tag-raw-water","15":"first","16":"instock","17":"shipping-taxable","18":"product-type-simple","19":"entry","20":"content-bg","21":"loop-entry"},"_links":{"self":[{"href":"https:\/\/www.luckywwtp.com\/fr\/wp-json\/wp\/v2\/product\/335","targetHints":{"allow":["GET"]}}],"collection":[{"href":"https:\/\/www.luckywwtp.com\/fr\/wp-json\/wp\/v2\/product"}],"about":[{"href":"https:\/\/www.luckywwtp.com\/fr\/wp-json\/wp\/v2\/types\/product"}],"replies":[{"embeddable":true,"href":"https:\/\/www.luckywwtp.com\/fr\/wp-json\/wp\/v2\/comments?post=335"}],"wp:featuredmedia":[{"embeddable":true,"href":"https:\/\/www.luckywwtp.com\/fr\/wp-json\/wp\/v2\/media\/337"}],"wp:attachment":[{"href":"https:\/\/www.luckywwtp.com\/fr\/wp-json\/wp\/v2\/media?parent=335"}],"wp:term":[{"taxonomy":"product_brand","embeddable":true,"href":"https:\/\/www.luckywwtp.com\/fr\/wp-json\/wp\/v2\/product_brand?post=335"},{"taxonomy":"product_cat","embeddable":true,"href":"https:\/\/www.luckywwtp.com\/fr\/wp-json\/wp\/v2\/product_cat?post=335"},{"taxonomy":"product_tag","embeddable":true,"href":"https:\/\/www.luckywwtp.com\/fr\/wp-json\/wp\/v2\/product_tag?post=335"}],"curies":[{"name":"wp","href":"https:\/\/api.w.org\/{rel}","templated":true}]}}