{"id":331,"date":"2024-09-04T19:10:59","date_gmt":"2024-09-04T11:10:59","guid":{"rendered":"https:\/\/www.luckywwtp.com\/?post_type=product&#038;p=331"},"modified":"2025-05-14T09:24:48","modified_gmt":"2025-05-14T01:24:48","slug":"iron-carbon-micro-electrolysis","status":"publish","type":"product","link":"https:\/\/www.luckywwtp.com\/fr\/produit\/iron-carbon-micro-electrolysis\/","title":{"rendered":"Micro-\u00e9lectrolyse fer-carbone"},"content":{"rendered":"<p><strong>Vue d'ensemble :<\/strong> La technologie de la micro\u00e9lectrolyse catalytique est actuellement un proc\u00e9d\u00e9 id\u00e9al pour le traitement des eaux us\u00e9es organiques \u00e0 forte concentration. Elle utilise un filtre d'oxydation \u00e9lectrochimique catalytique multicomposant \u00e0 haut rendement et un \u00e9quipement de traitement des acides pour former un syst\u00e8me de r\u00e9action pour le traitement des eaux us\u00e9es. La diff\u00e9rence de potentiel de 0,9 \u00e0 1,7 V g\u00e9n\u00e9r\u00e9e par le filtre d'oxydation \u00e9lectrochimique lui-m\u00eame apr\u00e8s le passage de l'eau dans le syst\u00e8me formera d'innombrables cellules galvaniques dans l'\u00e9quipement. Les cellules galvaniques utilisent les eaux us\u00e9es comme \u00e9lectrolyte et le traitement \u00e9lectrochimique des eaux us\u00e9es est form\u00e9 par la d\u00e9charge de l'anode et de la cathode, afin d'atteindre l'objectif de d\u00e9gradation \u00e9lectrochimique des mati\u00e8res organiques dans les eaux us\u00e9es.<\/p>\n<p><strong>Application<\/strong><br \/>\nEaux us\u00e9es dans les industries de la teinture, de la chimie, de la pharmacie, de la cok\u00e9faction et du p\u00e9trole : Apr\u00e8s le traitement des eaux us\u00e9es, la valeur de la DCO a diminu\u00e9 de mani\u00e8re significative et les m\u00e9taux lourds ont \u00e9t\u00e9 \u00e9limin\u00e9s. Eaux us\u00e9es de l'imprimerie et de la teinture, eaux us\u00e9es du cuir :<br \/>\nBonne d\u00e9coloration et \u00e9limination \u00e9vidente de la DCO. Eaux us\u00e9es de la galvanoplastie, de l'imprimerie, de l'industrie mini\u00e8re et autres eaux us\u00e9es contenant des m\u00e9taux lourds :<br \/>\nLes m\u00e9taux lourds peuvent \u00eatre \u00e9limin\u00e9s des eaux us\u00e9es susmentionn\u00e9es.<img fetchpriority=\"high\" decoding=\"async\" class=\"alignnone wp-image-1264 size-full\" src=\"http:\/\/www.luckywwtp.com\/wp-content\/uploads\/2024\/09\/Iron-1-e1742807606678.jpg\" alt=\"\" width=\"1900\" height=\"1317\" srcset=\"https:\/\/www.luckywwtp.com\/wp-content\/uploads\/2024\/09\/Iron-1-e1742807606678.jpg 1900w, https:\/\/www.luckywwtp.com\/wp-content\/uploads\/2024\/09\/Iron-1-e1742807606678-300x208.jpg 300w, https:\/\/www.luckywwtp.com\/wp-content\/uploads\/2024\/09\/Iron-1-e1742807606678-1024x710.jpg 1024w, https:\/\/www.luckywwtp.com\/wp-content\/uploads\/2024\/09\/Iron-1-e1742807606678-768x532.jpg 768w, https:\/\/www.luckywwtp.com\/wp-content\/uploads\/2024\/09\/Iron-1-e1742807606678-1536x1065.jpg 1536w, https:\/\/www.luckywwtp.com\/wp-content\/uploads\/2024\/09\/Iron-1-e1742807606678-18x12.jpg 18w, https:\/\/www.luckywwtp.com\/wp-content\/uploads\/2024\/09\/Iron-1-e1742807606678-1320x915.jpg 1320w, https:\/\/www.luckywwtp.com\/wp-content\/uploads\/2024\/09\/Iron-1-e1742807606678-800x555.jpg 800w\" sizes=\"(max-width: 1900px) 100vw, 1900px\" \/><\/p>\n<p><a href=\"mailto:sales@luckywwtp.com\"><img decoding=\"async\" class=\"alignnone wp-image-1887 size-full\" src=\"http:\/\/www.luckywwtp.com\/wp-content\/uploads\/2024\/12\/get-inquiry-blue.jpg\" alt=\"\" width=\"1000\" height=\"200\" srcset=\"https:\/\/www.luckywwtp.com\/wp-content\/uploads\/2024\/12\/get-inquiry-blue.jpg 1000w, https:\/\/www.luckywwtp.com\/wp-content\/uploads\/2024\/12\/get-inquiry-blue-300x60.jpg 300w, https:\/\/www.luckywwtp.com\/wp-content\/uploads\/2024\/12\/get-inquiry-blue-768x154.jpg 768w, https:\/\/www.luckywwtp.com\/wp-content\/uploads\/2024\/12\/get-inquiry-blue-18x4.jpg 18w, https:\/\/www.luckywwtp.com\/wp-content\/uploads\/2024\/12\/get-inquiry-blue-800x160.jpg 800w\" sizes=\"(max-width: 1000px) 100vw, 1000px\" \/><\/a><\/p>","protected":false},"excerpt":{"rendered":"<p>Overview: Catalytic microelectrolysis technology is currently an ideal process for the treatment of high-concentration organic wastewater. lt uses high-efficiency multi-component catalytic electrochemical oxidation filter and supporting acid treatment equipment to form a reaction system for wastewater treatment.The 0.9-1.7V potential difference generated by the electrochemical oxidation filter itself after the water passes through the system will&#8230;<\/p>","protected":false},"featured_media":332,"comment_status":"open","ping_status":"closed","template":"","meta":{"_kad_post_transparent":"default","_kad_post_title":"","_kad_post_layout":"default","_kad_post_sidebar_id":"","_kad_post_content_style":"default","_kad_post_vertical_padding":"default","_kad_post_feature":"","_kad_post_feature_position":"","_kad_post_header":false,"_kad_post_footer":false,"_kad_post_classname":""},"product_brand":[],"product_cat":[24,28],"product_tag":[181,182,185,184,183],"class_list":{"0":"post-331","1":"product","2":"type-product","3":"status-publish","4":"has-post-thumbnail","6":"product_cat-products","7":"product_cat-solid-waste-treatment","8":"product_tag-electrochemical-oxidation-filter","9":"product_tag-heavy-metals-removed","10":"product_tag-mining-industry","11":"product_tag-printing","12":"product_tag-wastewater-in-electroplating","14":"first","15":"instock","16":"shipping-taxable","17":"product-type-simple","18":"entry","19":"content-bg","20":"loop-entry"},"_links":{"self":[{"href":"https:\/\/www.luckywwtp.com\/fr\/wp-json\/wp\/v2\/product\/331","targetHints":{"allow":["GET"]}}],"collection":[{"href":"https:\/\/www.luckywwtp.com\/fr\/wp-json\/wp\/v2\/product"}],"about":[{"href":"https:\/\/www.luckywwtp.com\/fr\/wp-json\/wp\/v2\/types\/product"}],"replies":[{"embeddable":true,"href":"https:\/\/www.luckywwtp.com\/fr\/wp-json\/wp\/v2\/comments?post=331"}],"wp:featuredmedia":[{"embeddable":true,"href":"https:\/\/www.luckywwtp.com\/fr\/wp-json\/wp\/v2\/media\/332"}],"wp:attachment":[{"href":"https:\/\/www.luckywwtp.com\/fr\/wp-json\/wp\/v2\/media?parent=331"}],"wp:term":[{"taxonomy":"product_brand","embeddable":true,"href":"https:\/\/www.luckywwtp.com\/fr\/wp-json\/wp\/v2\/product_brand?post=331"},{"taxonomy":"product_cat","embeddable":true,"href":"https:\/\/www.luckywwtp.com\/fr\/wp-json\/wp\/v2\/product_cat?post=331"},{"taxonomy":"product_tag","embeddable":true,"href":"https:\/\/www.luckywwtp.com\/fr\/wp-json\/wp\/v2\/product_tag?post=331"}],"curies":[{"name":"wp","href":"https:\/\/api.w.org\/{rel}","templated":true}]}}