{"id":315,"date":"2024-09-04T18:48:42","date_gmt":"2024-09-04T10:48:42","guid":{"rendered":"https:\/\/www.luckywwtp.com\/?post_type=product&#038;p=315"},"modified":"2025-05-14T09:25:47","modified_gmt":"2025-05-14T01:25:47","slug":"fendon-advanced-oxidation-process","status":"publish","type":"product","link":"https:\/\/www.luckywwtp.com\/fr\/produit\/fendon-advanced-oxidation-process\/","title":{"rendered":"Proc\u00e9d\u00e9s d'oxydation avanc\u00e9s (AOP) de Fendon"},"content":{"rendered":"<p><strong>Vue d'ensemble :<\/strong> Le processus d'oxydation de Fenton g\u00e9n\u00e8re des OH \u00e0 forte capacit\u00e9 d'oxydation en pr\u00e9sence de Fe+2 dans des conditions acides, et d\u00e9clenche d'autres esp\u00e8ces r\u00e9actives de l'oxyg\u00e8ne pour d\u00e9grader la mati\u00e8re organique. Le processus d'oxydation est une r\u00e9action en cha\u00eene. La cha\u00eene commence par la production de OH, tandis que d'autres esp\u00e8ces r\u00e9actives de l'oxyg\u00e8ne et des interm\u00e9diaires de r\u00e9action forment les n\u0153uds de la cha\u00eene, et chaque esp\u00e8ce r\u00e9active de l'oxyg\u00e8ne est consomm\u00e9e et la cha\u00eene de r\u00e9action se termine. Le m\u00e9canisme de r\u00e9action est plus complexe, ces esp\u00e8ces r\u00e9actives de l'oxyg\u00e8ne ne font que fournir des mol\u00e9cules organiques et les min\u00e9raliser en substances inorganiques telles que COz et H2O2, .OH produit dans la r\u00e9action est une esp\u00e8ce tr\u00e8s active et non s\u00e9lective avec un potentiel d'oxydation de 2.OH produit dans la r\u00e9action est une esp\u00e8ce tr\u00e8s active et non s\u00e9lective avec un potentiel d'oxydation de 2,8 V, qui peut entra\u00eener la d\u00e9gradation de la plupart des mati\u00e8res organiques dans la solution aqueuse par r\u00e9action d'oxydor\u00e9duction et promouvoir leur craquage et leur polym\u00e9risation, de mani\u00e8re \u00e0 r\u00e9duire efficacement la chrominance, la DCO et le COT des eaux us\u00e9es et \u00e0 am\u00e9liorer consid\u00e9rablement la biod\u00e9gradabilit\u00e9 des eaux us\u00e9es, c'est pourquoi le processus d'oxydation Fenton est devenu l'une des principales technologies d'oxydation avanc\u00e9es.<img fetchpriority=\"high\" decoding=\"async\" class=\"alignnone wp-image-1261 size-full\" src=\"http:\/\/www.luckywwtp.com\/wp-content\/uploads\/2024\/09\/Fendon-e1742893995746.jpg\" alt=\"\" width=\"1000\" height=\"365\" srcset=\"https:\/\/www.luckywwtp.com\/wp-content\/uploads\/2024\/09\/Fendon-e1742893995746.jpg 1000w, https:\/\/www.luckywwtp.com\/wp-content\/uploads\/2024\/09\/Fendon-e1742893995746-300x110.jpg 300w, https:\/\/www.luckywwtp.com\/wp-content\/uploads\/2024\/09\/Fendon-e1742893995746-768x280.jpg 768w, https:\/\/www.luckywwtp.com\/wp-content\/uploads\/2024\/09\/Fendon-e1742893995746-18x7.jpg 18w, https:\/\/www.luckywwtp.com\/wp-content\/uploads\/2024\/09\/Fendon-e1742893995746-800x292.jpg 800w\" sizes=\"(max-width: 1000px) 100vw, 1000px\" \/><\/p>\n<p><strong>Avantages<\/strong><br \/>\n\u2460La r\u00e9action d\u00e9marre rapidement, la r\u00e9action a lieu dans un environnement acide, \u00e0 une temp\u00e9rature et une pression normales, et les conditions sont douces.<br \/>\n\u2461Il n'est pas n\u00e9cessaire de concevoir un syst\u00e8me de r\u00e9action complexe, les chercheurs pensent que le r\u00e9actif de Fenton a de fortes propri\u00e9t\u00e9s oxydantes, le processus de r\u00e9action peut compl\u00e8tement rendre les polluants inoffensifs pendant le processus de r\u00e9action, et l'agent oxydant H2O2, le r\u00e9sidu apr\u00e8s avoir particip\u00e9 \u00e0 la r\u00e9action peut \u00eatre d\u00e9compos\u00e9 par lui-m\u00eame, ne laissant aucun r\u00e9sidu, mais aussi un bon floculant, avec un bon effet.<\/p>\n<p><a href=\"mailto:sales@luckywwtp.com\"><img decoding=\"async\" class=\"alignnone wp-image-1887 size-full\" src=\"http:\/\/www.luckywwtp.com\/wp-content\/uploads\/2024\/12\/get-inquiry-blue.jpg\" alt=\"\" width=\"1000\" height=\"200\" srcset=\"https:\/\/www.luckywwtp.com\/wp-content\/uploads\/2024\/12\/get-inquiry-blue.jpg 1000w, https:\/\/www.luckywwtp.com\/wp-content\/uploads\/2024\/12\/get-inquiry-blue-300x60.jpg 300w, https:\/\/www.luckywwtp.com\/wp-content\/uploads\/2024\/12\/get-inquiry-blue-768x154.jpg 768w, https:\/\/www.luckywwtp.com\/wp-content\/uploads\/2024\/12\/get-inquiry-blue-18x4.jpg 18w, https:\/\/www.luckywwtp.com\/wp-content\/uploads\/2024\/12\/get-inquiry-blue-800x160.jpg 800w\" sizes=\"(max-width: 1000px) 100vw, 1000px\" \/><\/a><\/p>","protected":false},"excerpt":{"rendered":"<p>Overview: Fenton oxidation process generates OH with strong oxidation capacity in the presence of Fe+2 under acidic conditions, and triggers more other reactive oxygen species to degrade organic matter. The oxidation process is a chain reaction. The chain begins with the production of .OH, while other reactive oxygen species and reaction intermediates form the nodes&#8230;<\/p>","protected":false},"featured_media":316,"comment_status":"open","ping_status":"closed","template":"","meta":{"_kad_post_transparent":"default","_kad_post_title":"","_kad_post_layout":"default","_kad_post_sidebar_id":"","_kad_post_content_style":"default","_kad_post_vertical_padding":"default","_kad_post_feature":"","_kad_post_feature_position":"","_kad_post_header":false,"_kad_post_footer":false,"_kad_post_classname":""},"product_brand":[],"product_cat":[55,24],"product_tag":[200,203,201,202,199],"class_list":{"0":"post-315","1":"product","2":"type-product","3":"status-publish","4":"has-post-thumbnail","6":"product_cat-basic-stp-equipment","7":"product_cat-products","8":"product_tag-advanced-oxidation-technologies","9":"product_tag-aops","10":"product_tag-complex-reaction-system","11":"product_tag-fendon-advanced-oxidation-process","12":"product_tag-fenton-oxidation-process","14":"first","15":"instock","16":"shipping-taxable","17":"product-type-simple","18":"entry","19":"content-bg","20":"loop-entry"},"_links":{"self":[{"href":"https:\/\/www.luckywwtp.com\/fr\/wp-json\/wp\/v2\/product\/315","targetHints":{"allow":["GET"]}}],"collection":[{"href":"https:\/\/www.luckywwtp.com\/fr\/wp-json\/wp\/v2\/product"}],"about":[{"href":"https:\/\/www.luckywwtp.com\/fr\/wp-json\/wp\/v2\/types\/product"}],"replies":[{"embeddable":true,"href":"https:\/\/www.luckywwtp.com\/fr\/wp-json\/wp\/v2\/comments?post=315"}],"wp:featuredmedia":[{"embeddable":true,"href":"https:\/\/www.luckywwtp.com\/fr\/wp-json\/wp\/v2\/media\/316"}],"wp:attachment":[{"href":"https:\/\/www.luckywwtp.com\/fr\/wp-json\/wp\/v2\/media?parent=315"}],"wp:term":[{"taxonomy":"product_brand","embeddable":true,"href":"https:\/\/www.luckywwtp.com\/fr\/wp-json\/wp\/v2\/product_brand?post=315"},{"taxonomy":"product_cat","embeddable":true,"href":"https:\/\/www.luckywwtp.com\/fr\/wp-json\/wp\/v2\/product_cat?post=315"},{"taxonomy":"product_tag","embeddable":true,"href":"https:\/\/www.luckywwtp.com\/fr\/wp-json\/wp\/v2\/product_tag?post=315"}],"curies":[{"name":"wp","href":"https:\/\/api.w.org\/{rel}","templated":true}]}}