{"id":313,"date":"2024-09-04T18:47:35","date_gmt":"2024-09-04T10:47:35","guid":{"rendered":"https:\/\/www.luckywwtp.com\/?post_type=product&#038;p=313"},"modified":"2025-05-14T09:27:41","modified_gmt":"2025-05-14T01:27:41","slug":"pressure-sand-filter","status":"publish","type":"product","link":"https:\/\/www.luckywwtp.com\/fr\/produit\/pressure-sand-filter\/","title":{"rendered":"Filtre \u00e0 sable sous pression et filtre multi-m\u00e9dia"},"content":{"rendered":"<p><strong>Vue d'ensemble :<\/strong> Le filtre multi-m\u00e9dia utilise deux ou plusieurs m\u00e9dias filtrants pour filtrer l'eau \u00e0 turbidit\u00e9 \u00e9lev\u00e9e \u00e0 travers une certaine \u00e9paisseur de mat\u00e9riaux granulaires ou non granulaires sous une certaine pression, de mani\u00e8re \u00e0 \u00e9liminer efficacement les impuret\u00e9s en suspension et \u00e0 clarifier l'eau. Les mat\u00e9riaux filtrants couramment utilis\u00e9s sont le sable de quartz, le filtre d'anthracite, le sable de mangan\u00e8se, le filtre \u00e0 charbon actif, etc. Ils sont principalement utilis\u00e9s pour l'\u00e9limination de la turbidit\u00e9 dans le traitement de l'eau, l'adoucissement de l'eau et le pr\u00e9traitement de l'eau pure, etc. La turbidit\u00e9 des effluents peut \u00eatre inf\u00e9rieure \u00e0 3 degr\u00e9s.<\/p>\n<p><img fetchpriority=\"high\" decoding=\"async\" class=\"wp-image-1790 size-full\" src=\"http:\/\/www.luckywwtp.com\/wp-content\/uploads\/2024\/09\/\u5fae\u7802\u8fc7\u6ee4\u56681-e1742548058691.jpg\" alt=\"\" width=\"1000\" height=\"527\" srcset=\"https:\/\/www.luckywwtp.com\/wp-content\/uploads\/2024\/09\/\u5fae\u7802\u8fc7\u6ee4\u56681-e1742548058691.jpg 1000w, https:\/\/www.luckywwtp.com\/wp-content\/uploads\/2024\/09\/\u5fae\u7802\u8fc7\u6ee4\u56681-e1742548058691-300x158.jpg 300w, https:\/\/www.luckywwtp.com\/wp-content\/uploads\/2024\/09\/\u5fae\u7802\u8fc7\u6ee4\u56681-e1742548058691-768x405.jpg 768w, https:\/\/www.luckywwtp.com\/wp-content\/uploads\/2024\/09\/\u5fae\u7802\u8fc7\u6ee4\u56681-e1742548058691-18x9.jpg 18w, https:\/\/www.luckywwtp.com\/wp-content\/uploads\/2024\/09\/\u5fae\u7802\u8fc7\u6ee4\u56681-e1742548058691-800x422.jpg 800w\" sizes=\"(max-width: 1000px) 100vw, 1000px\" \/><\/p>\n<p><img decoding=\"async\" class=\"alignnone size-full wp-image-1791\" src=\"http:\/\/www.luckywwtp.com\/wp-content\/uploads\/2024\/09\/activated-carbon-filter.jpg\" alt=\"\" width=\"1024\" height=\"569\" srcset=\"https:\/\/www.luckywwtp.com\/wp-content\/uploads\/2024\/09\/activated-carbon-filter.jpg 1024w, https:\/\/www.luckywwtp.com\/wp-content\/uploads\/2024\/09\/activated-carbon-filter-300x167.jpg 300w, https:\/\/www.luckywwtp.com\/wp-content\/uploads\/2024\/09\/activated-carbon-filter-768x427.jpg 768w, https:\/\/www.luckywwtp.com\/wp-content\/uploads\/2024\/09\/activated-carbon-filter-18x10.jpg 18w, https:\/\/www.luckywwtp.com\/wp-content\/uploads\/2024\/09\/activated-carbon-filter-800x445.jpg 800w\" sizes=\"(max-width: 1024px) 100vw, 1024px\" \/><\/p>\n<p><strong>Application<br \/>\n<\/strong>\u2460Traitement de l'eau brute par filtration pour la production d'\u00e9nergie, l'industrie chimique, la papeterie, les boissons, etc.<br \/>\n\u2461D\u00e9coloration, \u00e9limination des mati\u00e8res organiques, \u00e9limination de la turbidit\u00e9 des eaux souterraines dans l'approvisionnement en eau des usines chimiques<br \/>\n\u2462Pr\u00e9traitement de l'osmose inverse, de l'\u00e9changeur d'ions, de l'ultrafiltration et d'autres syst\u00e8mes<br \/>\n\u2463Pr\u00e9traitement des eaux domestiques, traitement des eaux industrielles, traitement des eaux us\u00e9es<br \/>\n\u2464Traitement de l'eau de piscine, syst\u00e8me de filtration de l'eau de circulation, eau de surface<\/p>\n<p><a href=\"mailto:sales@luckywwtp.com\"><img decoding=\"async\" class=\"alignnone wp-image-1887 size-full\" src=\"http:\/\/www.luckywwtp.com\/wp-content\/uploads\/2024\/12\/get-inquiry-blue.jpg\" alt=\"\" width=\"1000\" height=\"200\" srcset=\"https:\/\/www.luckywwtp.com\/wp-content\/uploads\/2024\/12\/get-inquiry-blue.jpg 1000w, https:\/\/www.luckywwtp.com\/wp-content\/uploads\/2024\/12\/get-inquiry-blue-300x60.jpg 300w, https:\/\/www.luckywwtp.com\/wp-content\/uploads\/2024\/12\/get-inquiry-blue-768x154.jpg 768w, https:\/\/www.luckywwtp.com\/wp-content\/uploads\/2024\/12\/get-inquiry-blue-18x4.jpg 18w, https:\/\/www.luckywwtp.com\/wp-content\/uploads\/2024\/12\/get-inquiry-blue-800x160.jpg 800w\" sizes=\"(max-width: 1000px) 100vw, 1000px\" \/><\/a><\/p>","protected":false},"excerpt":{"rendered":"<p>Overview: Multi-media filter uses two or more filtering media to filter the water with higher turbidity through a certain thickness of granular or non-granular materials under a certain pressure so as to effectively remove suspended impurities to clear the water. Commonly used filter materials include quartz sand filteration, anthracite filter, manganese sand, activated carbon filter,&#8230;<\/p>","protected":false},"featured_media":314,"comment_status":"open","ping_status":"closed","template":"","meta":{"_kad_post_transparent":"default","_kad_post_title":"","_kad_post_layout":"default","_kad_post_sidebar_id":"","_kad_post_content_style":"default","_kad_post_vertical_padding":"default","_kad_post_feature":"","_kad_post_feature_position":"","_kad_post_header":false,"_kad_post_footer":false,"_kad_post_classname":""},"product_brand":[],"product_cat":[24,29],"product_tag":[163,162,172,168,169,151,158,159,164,166,161,165,157,160,171,167,170],"class_list":{"0":"post-313","1":"product","2":"type-product","3":"status-publish","4":"has-post-thumbnail","6":"product_cat-products","7":"product_cat-waste-water-treatment-products","8":"product_tag-activated-carbon-filter","9":"product_tag-anthracite-filter","10":"product_tag-circulating-water-filtration-system","11":"product_tag-domestic-water-pretreatment","12":"product_tag-industrial-water-treatment","13":"product_tag-ion-exchanger","14":"product_tag-multi-medium-filtration","15":"product_tag-multi-media-filter","16":"product_tag-pre-treatment-of-pure-water","17":"product_tag-pre-treatment-of-reverse-osmosis","18":"product_tag-quartz-sand-filteration","19":"product_tag-raw-water-filtration-treatment","20":"product_tag-sand-filter","21":"product_tag-softening-water","22":"product_tag-swimming-pool-water-treatment","23":"product_tag-ultrafiltration","24":"product_tag-wastewatear-treatment","26":"first","27":"instock","28":"shipping-taxable","29":"product-type-simple","30":"entry","31":"content-bg","32":"loop-entry"},"_links":{"self":[{"href":"https:\/\/www.luckywwtp.com\/fr\/wp-json\/wp\/v2\/product\/313","targetHints":{"allow":["GET"]}}],"collection":[{"href":"https:\/\/www.luckywwtp.com\/fr\/wp-json\/wp\/v2\/product"}],"about":[{"href":"https:\/\/www.luckywwtp.com\/fr\/wp-json\/wp\/v2\/types\/product"}],"replies":[{"embeddable":true,"href":"https:\/\/www.luckywwtp.com\/fr\/wp-json\/wp\/v2\/comments?post=313"}],"wp:featuredmedia":[{"embeddable":true,"href":"https:\/\/www.luckywwtp.com\/fr\/wp-json\/wp\/v2\/media\/314"}],"wp:attachment":[{"href":"https:\/\/www.luckywwtp.com\/fr\/wp-json\/wp\/v2\/media?parent=313"}],"wp:term":[{"taxonomy":"product_brand","embeddable":true,"href":"https:\/\/www.luckywwtp.com\/fr\/wp-json\/wp\/v2\/product_brand?post=313"},{"taxonomy":"product_cat","embeddable":true,"href":"https:\/\/www.luckywwtp.com\/fr\/wp-json\/wp\/v2\/product_cat?post=313"},{"taxonomy":"product_tag","embeddable":true,"href":"https:\/\/www.luckywwtp.com\/fr\/wp-json\/wp\/v2\/product_tag?post=313"}],"curies":[{"name":"wp","href":"https:\/\/api.w.org\/{rel}","templated":true}]}}