{"id":311,"date":"2024-09-04T18:40:49","date_gmt":"2024-09-04T10:40:49","guid":{"rendered":"https:\/\/www.luckywwtp.com\/?post_type=product&#038;p=311"},"modified":"2025-05-14T09:29:16","modified_gmt":"2025-05-14T01:29:16","slug":"dissolved-air-flotation-daf","status":"publish","type":"product","link":"https:\/\/www.luckywwtp.com\/fr\/produit\/dissolved-air-flotation-daf\/","title":{"rendered":"Syst\u00e8me de flottation \u00e0 l'air dissous (DAF)"},"content":{"rendered":"<p><strong>Vue d'ensemble :<\/strong> L'\u00e9quipement de flottation \u00e0 air dissous \u00e0 plaque inclin\u00e9e \u00e0 haute densit\u00e9 (DAF) est un nouveau type de dispositif int\u00e9gr\u00e9 de s\u00e9paration solide-liquide qui int\u00e8gre habilement la technologie traditionnelle de flottation \u00e0 air dissous avec la technologie de pr\u00e9cipitation peu profonde de la plaque inclin\u00e9e. Il peut \u00e9liminer les flocs et les gouttelettes d'huile plus l\u00e9g\u00e8res que l'eau par flottation \u00e0 air dissous peu profonde, et \u00e9liminer les particules en suspension plus lourdes que l'eau par pr\u00e9cipitation peu profonde de la plaque inclin\u00e9e. Il convient tr\u00e8s bien aux eaux us\u00e9es dont les conditions de qualit\u00e9 de l'eau sont compliqu\u00e9es et qui contiennent une grande quantit\u00e9 de substances en suspension. L'\u00e9quipement est particuli\u00e8rement adapt\u00e9 au traitement des eaux us\u00e9es huileuses, des eaux us\u00e9es de tannerie et d'autres substances en suspension de composition complexe.<img fetchpriority=\"high\" decoding=\"async\" class=\"alignnone wp-image-1259 size-full\" src=\"http:\/\/www.luckywwtp.com\/wp-content\/uploads\/2024\/09\/daf-e1742548663858.jpg\" alt=\"\" width=\"990\" height=\"647\" srcset=\"https:\/\/www.luckywwtp.com\/wp-content\/uploads\/2024\/09\/daf-e1742548663858.jpg 990w, https:\/\/www.luckywwtp.com\/wp-content\/uploads\/2024\/09\/daf-e1742548663858-300x196.jpg 300w, https:\/\/www.luckywwtp.com\/wp-content\/uploads\/2024\/09\/daf-e1742548663858-768x502.jpg 768w, https:\/\/www.luckywwtp.com\/wp-content\/uploads\/2024\/09\/daf-e1742548663858-18x12.jpg 18w, https:\/\/www.luckywwtp.com\/wp-content\/uploads\/2024\/09\/daf-e1742548663858-800x523.jpg 800w\" sizes=\"(max-width: 990px) 100vw, 990px\" \/><\/p>\n<p><a href=\"mailto:sales@luckywwtp.com\"><img decoding=\"async\" class=\"alignnone wp-image-1887 size-full\" src=\"http:\/\/www.luckywwtp.com\/wp-content\/uploads\/2024\/12\/get-inquiry-blue.jpg\" alt=\"\" width=\"1000\" height=\"200\" srcset=\"https:\/\/www.luckywwtp.com\/wp-content\/uploads\/2024\/12\/get-inquiry-blue.jpg 1000w, https:\/\/www.luckywwtp.com\/wp-content\/uploads\/2024\/12\/get-inquiry-blue-300x60.jpg 300w, https:\/\/www.luckywwtp.com\/wp-content\/uploads\/2024\/12\/get-inquiry-blue-768x154.jpg 768w, https:\/\/www.luckywwtp.com\/wp-content\/uploads\/2024\/12\/get-inquiry-blue-18x4.jpg 18w, https:\/\/www.luckywwtp.com\/wp-content\/uploads\/2024\/12\/get-inquiry-blue-800x160.jpg 800w\" sizes=\"(max-width: 1000px) 100vw, 1000px\" \/><\/a><\/p>","protected":false},"excerpt":{"rendered":"<p>Overview: High-density inclined plate dissolving air flotation equipment (DAF) is a new type of integrated solid-liquid separation device which skillfully integrates the traditional dissolving air flotation technology with the shallow precipitation technology of inclined plate. lt can remove flocs and oil droplets that are lighter than water by shallow dissolved air flotation, and remove suspended&#8230;<\/p>","protected":false},"featured_media":344,"comment_status":"open","ping_status":"closed","template":"","meta":{"_kad_post_transparent":"default","_kad_post_title":"","_kad_post_layout":"default","_kad_post_sidebar_id":"","_kad_post_content_style":"default","_kad_post_vertical_padding":"default","_kad_post_feature":"","_kad_post_feature_position":"","_kad_post_header":false,"_kad_post_footer":false},"product_brand":[],"product_cat":[55,24],"product_tag":[174,176,173,175],"class_list":{"0":"post-311","1":"product","2":"type-product","3":"status-publish","4":"has-post-thumbnail","6":"product_cat-basic-stp-equipment","7":"product_cat-products","8":"product_tag-dissolving-air-flotation-equipment","9":"product_tag-dissolving-air-flotation-technology","10":"product_tag-inclined-plate-dissolving-air-flotation","11":"product_tag-integrated-solid-liquid-separation-device","13":"first","14":"instock","15":"shipping-taxable","16":"product-type-simple","17":"entry","18":"content-bg","19":"loop-entry"},"_links":{"self":[{"href":"https:\/\/www.luckywwtp.com\/fr\/wp-json\/wp\/v2\/product\/311","targetHints":{"allow":["GET"]}}],"collection":[{"href":"https:\/\/www.luckywwtp.com\/fr\/wp-json\/wp\/v2\/product"}],"about":[{"href":"https:\/\/www.luckywwtp.com\/fr\/wp-json\/wp\/v2\/types\/product"}],"replies":[{"embeddable":true,"href":"https:\/\/www.luckywwtp.com\/fr\/wp-json\/wp\/v2\/comments?post=311"}],"wp:featuredmedia":[{"embeddable":true,"href":"https:\/\/www.luckywwtp.com\/fr\/wp-json\/wp\/v2\/media\/344"}],"wp:attachment":[{"href":"https:\/\/www.luckywwtp.com\/fr\/wp-json\/wp\/v2\/media?parent=311"}],"wp:term":[{"taxonomy":"product_brand","embeddable":true,"href":"https:\/\/www.luckywwtp.com\/fr\/wp-json\/wp\/v2\/product_brand?post=311"},{"taxonomy":"product_cat","embeddable":true,"href":"https:\/\/www.luckywwtp.com\/fr\/wp-json\/wp\/v2\/product_cat?post=311"},{"taxonomy":"product_tag","embeddable":true,"href":"https:\/\/www.luckywwtp.com\/fr\/wp-json\/wp\/v2\/product_tag?post=311"}],"curies":[{"name":"wp","href":"https:\/\/api.w.org\/{rel}","templated":true}]}}