{"id":306,"date":"2024-09-04T18:31:36","date_gmt":"2024-09-04T10:31:36","guid":{"rendered":"https:\/\/www.luckywwtp.com\/?post_type=product&#038;p=306"},"modified":"2025-05-14T09:30:10","modified_gmt":"2025-05-14T01:30:10","slug":"automatic-water-purification-equipment","status":"publish","type":"product","link":"https:\/\/www.luckywwtp.com\/fr\/produit\/automatic-water-purification-equipment\/","title":{"rendered":"\u00c9quipement automatique de purification de l'eau"},"content":{"rendered":"<p><strong>Vue d'ensemble :<\/strong> Le purificateur d'eau automatique int\u00e9gr\u00e9 est un nouveau type d'\u00e9quipement multifonctionnel de purification de l'eau. L'ensemble de l'\u00e9quipement int\u00e8gre des processus tels que la floculation, le recul de la pr\u00e9cipitation, la collecte de l'eau, la filtration, et peut fonctionner de mani\u00e8re enti\u00e8rement automatique sans l'intervention d'un professionnel. L'ensemble du processus de traitement du purificateur d'eau automatique int\u00e9gr\u00e9 adopte le principe physique, utilisant pleinement le principe du siphon et de l'anti-siphon. L'entr\u00e9e et la sortie de l'eau, l'entr\u00e9e et la sortie du lavage \u00e0 contre-courant, etc. ne sont pas contr\u00f4l\u00e9es par des vannes, de sorte qu'il n'y a pas d'erreur de fonctionnement. L'\u00e9quipement a une longue dur\u00e9e de vie. L'automatisation du syst\u00e8me de purification de l'eau garantit non seulement une filtration efficace du syst\u00e8me de purification de l'eau (lorsque la turbidit\u00e9 de l'eau brute est inf\u00e9rieure \u00e0 3000mg\/h, la turbidit\u00e9 de l'eau filtr\u00e9e peut \u00eatre maintenue en dessous de 3ma\/h), mais peut \u00e9galement reculer automatiquement, sans installer de pompe \u00e0 eau de r\u00e9trolavage ou de compresseur d'air et d'autres \u00e9quipements \u00e9lectriques, ce qui permet d'\u00e9conomiser beaucoup d'investissements d'infrastructure et de co\u00fbts d'exploitation, de maintenance et d'entretien quotidiens.<\/p>\n<p><img fetchpriority=\"high\" decoding=\"async\" class=\"alignnone wp-image-1799\" src=\"http:\/\/www.luckywwtp.com\/wp-content\/uploads\/2024\/09\/\u4e00\u4f53\u5316\u51c0\u6c34\u8bbe\u59074-e1742892545462.jpg\" alt=\"\" width=\"501\" height=\"439\" srcset=\"https:\/\/www.luckywwtp.com\/wp-content\/uploads\/2024\/09\/\u4e00\u4f53\u5316\u51c0\u6c34\u8bbe\u59074-e1742892545462.jpg 1000w, https:\/\/www.luckywwtp.com\/wp-content\/uploads\/2024\/09\/\u4e00\u4f53\u5316\u51c0\u6c34\u8bbe\u59074-e1742892545462-300x263.jpg 300w, https:\/\/www.luckywwtp.com\/wp-content\/uploads\/2024\/09\/\u4e00\u4f53\u5316\u51c0\u6c34\u8bbe\u59074-e1742892545462-768x674.jpg 768w, https:\/\/www.luckywwtp.com\/wp-content\/uploads\/2024\/09\/\u4e00\u4f53\u5316\u51c0\u6c34\u8bbe\u59074-e1742892545462-14x12.jpg 14w, https:\/\/www.luckywwtp.com\/wp-content\/uploads\/2024\/09\/\u4e00\u4f53\u5316\u51c0\u6c34\u8bbe\u59074-e1742892545462-800x702.jpg 800w\" sizes=\"(max-width: 501px) 100vw, 501px\" \/><\/p>\n<p>&nbsp;<\/p>\n<p><strong>Application<\/strong><br \/>\nLe purificateur d'eau automatique int\u00e9gr\u00e9 est applicable au traitement de la qualit\u00e9 de l'eau contenant davantage de solides en suspension, comme les rivi\u00e8res et les lacs, et l'eau trait\u00e9e peut g\u00e9n\u00e9ralement r\u00e9pondre aux normes sanitaires de l'eau potable. Il est donc souvent utilis\u00e9 comme installation de soutien \u00e0 l'eau potable dans les zones d\u00e9pourvues de projets municipaux d'approvisionnement en eau, ce qui peut permettre d'\u00e9conomiser beaucoup d'investissements en infrastructures et de co\u00fbts d'exploitation et de maintenance quotidiens.<\/p>\n<p><a href=\"mailto:sales@luckywwtp.com\"><img decoding=\"async\" class=\"alignnone wp-image-1887 size-full\" src=\"http:\/\/www.luckywwtp.com\/wp-content\/uploads\/2024\/12\/get-inquiry-blue.jpg\" alt=\"\" width=\"1000\" height=\"200\" srcset=\"https:\/\/www.luckywwtp.com\/wp-content\/uploads\/2024\/12\/get-inquiry-blue.jpg 1000w, https:\/\/www.luckywwtp.com\/wp-content\/uploads\/2024\/12\/get-inquiry-blue-300x60.jpg 300w, https:\/\/www.luckywwtp.com\/wp-content\/uploads\/2024\/12\/get-inquiry-blue-768x154.jpg 768w, https:\/\/www.luckywwtp.com\/wp-content\/uploads\/2024\/12\/get-inquiry-blue-18x4.jpg 18w, https:\/\/www.luckywwtp.com\/wp-content\/uploads\/2024\/12\/get-inquiry-blue-800x160.jpg 800w\" sizes=\"(max-width: 1000px) 100vw, 1000px\" \/><\/a><\/p>","protected":false},"excerpt":{"rendered":"<p>Overview: integrated automatic water purifier is a new type of multi-functional water purification equipment. The whole equipment integrates processes such as flocculation, precipitation recoil, water collection, filtration, and can achieve fully automatic operation without professional person. The entire treatment process of the integrated automatic water purifier adopts the physical principle, fully utilizing the principle of&#8230;<\/p>","protected":false},"featured_media":307,"comment_status":"open","ping_status":"closed","template":"","meta":{"_kad_post_transparent":"default","_kad_post_title":"","_kad_post_layout":"default","_kad_post_sidebar_id":"","_kad_post_content_style":"default","_kad_post_vertical_padding":"default","_kad_post_feature":"","_kad_post_feature_position":"","_kad_post_header":false,"_kad_post_footer":false,"_kad_post_classname":""},"product_brand":[],"product_cat":[24,29],"product_tag":[190,189,188,187,191,186],"class_list":{"0":"post-306","1":"product","2":"type-product","3":"status-publish","4":"has-post-thumbnail","6":"product_cat-products","7":"product_cat-waste-water-treatment-products","8":"product_tag-integrated-water-purification","9":"product_tag-integrated-water-purification-system","10":"product_tag-municipal-water-supply-projects","11":"product_tag-water-purification-equipment","12":"product_tag-water-purification-system","13":"product_tag-water-purifier","15":"first","16":"instock","17":"shipping-taxable","18":"product-type-simple","19":"entry","20":"content-bg","21":"loop-entry"},"_links":{"self":[{"href":"https:\/\/www.luckywwtp.com\/fr\/wp-json\/wp\/v2\/product\/306","targetHints":{"allow":["GET"]}}],"collection":[{"href":"https:\/\/www.luckywwtp.com\/fr\/wp-json\/wp\/v2\/product"}],"about":[{"href":"https:\/\/www.luckywwtp.com\/fr\/wp-json\/wp\/v2\/types\/product"}],"replies":[{"embeddable":true,"href":"https:\/\/www.luckywwtp.com\/fr\/wp-json\/wp\/v2\/comments?post=306"}],"wp:featuredmedia":[{"embeddable":true,"href":"https:\/\/www.luckywwtp.com\/fr\/wp-json\/wp\/v2\/media\/307"}],"wp:attachment":[{"href":"https:\/\/www.luckywwtp.com\/fr\/wp-json\/wp\/v2\/media?parent=306"}],"wp:term":[{"taxonomy":"product_brand","embeddable":true,"href":"https:\/\/www.luckywwtp.com\/fr\/wp-json\/wp\/v2\/product_brand?post=306"},{"taxonomy":"product_cat","embeddable":true,"href":"https:\/\/www.luckywwtp.com\/fr\/wp-json\/wp\/v2\/product_cat?post=306"},{"taxonomy":"product_tag","embeddable":true,"href":"https:\/\/www.luckywwtp.com\/fr\/wp-json\/wp\/v2\/product_tag?post=306"}],"curies":[{"name":"wp","href":"https:\/\/api.w.org\/{rel}","templated":true}]}}