{"id":1599,"date":"2024-12-04T14:45:03","date_gmt":"2024-12-04T06:45:03","guid":{"rendered":"https:\/\/www.luckywwtp.com\/?post_type=product&#038;p=1599"},"modified":"2025-05-14T09:12:09","modified_gmt":"2025-05-14T01:12:09","slug":"sedimentation-tank-2","status":"publish","type":"product","link":"https:\/\/www.luckywwtp.com\/fr\/produit\/sedimentation-tank-2\/","title":{"rendered":"R\u00e9servoir de s\u00e9dimentation \u00e0 haut rendement"},"content":{"rendered":"<p><strong>Vue d'ensemble :<\/strong> Le d\u00e9canteur \u00e0 haut rendement est un nouveau proc\u00e9d\u00e9 de traitement des eaux us\u00e9es compact, efficace et flexible, qui peut \u00eatre largement utilis\u00e9 dans divers domaines, et peut \u00eatre utilis\u00e9 pour traiter les eaux us\u00e9es industrielles et domestiques, l'eau potable, les eaux de pluie et les eaux us\u00e9es tertiaires. Le r\u00e9servoir de s\u00e9dimentation \u00e0 haute densit\u00e9 est une technologie de clarification avanc\u00e9e et brevet\u00e9e d\u00e9velopp\u00e9e par la soci\u00e9t\u00e9 fran\u00e7aise Deliman. Cette technologie est largement utilis\u00e9e dans la production d'eau potable, le traitement des eaux us\u00e9es, le traitement des eaux us\u00e9es industrielles et l'\u00e9limination des boues. La principale technologie est celle de la floculation sur support, qui est une technologie de pr\u00e9cipitation rapide caract\u00e9ris\u00e9e par l'ajout de particules dissoutes de haute densit\u00e9 (telles que du sable fin) au stade de la coagulation, en utilisant la d\u00e9cantation par gravit\u00e9 du support et l'adsorption du support pour acc\u00e9l\u00e9rer la \"croissance\" et la pr\u00e9cipitation des flocs.<\/p>\n<p><strong>Classification principale<br \/>\n<\/strong><strong>R\u00e9servoir de s\u00e9dimentation \u00e0 haute densit\u00e9 de type RL<\/strong><br \/>\nIl s'agit du r\u00e9servoir de clarification \u00e0 haute densit\u00e9 le plus largement utilis\u00e9 (adopt\u00e9 par 95% des projets). Dans ce type de bassin de clarification \u00e0 haute densit\u00e9, le m\u00e9lange de ciment s'\u00e9coule dans la partie inf\u00e9rieure du tuyau inclin\u00e9 du bassin de s\u00e9dimentation, et les boues sont s\u00e9par\u00e9es de l'eau dans la zone de s\u00e9dimentation sous le tuyau inclin\u00e9. La s\u00e9dimentation \u00e0 ce moment-l\u00e0 est une s\u00e9dimentation d'obstruction, et les flocs restants sont pi\u00e9g\u00e9s par le tuyau inclin\u00e9. La s\u00e9paration s'effectue selon le m\u00e9canisme du r\u00e9servoir de s\u00e9dimentation \u00e0 tuyau inclin\u00e9. Par cons\u00e9quent, l'ensemble du processus de pr\u00e9cipitation dans la m\u00eame structure se d\u00e9roule en deux \u00e9tapes : la pr\u00e9cipitation par obstruction profonde et la pr\u00e9cipitation par tube inclin\u00e9 peu profond. L'entrave au processus de s\u00e9paration de la zone de d\u00e9cantation est la base du calcul des dimensions g\u00e9om\u00e9triques du bassin de d\u00e9cantation.<\/p>\n<p><strong>R\u00e9servoir de nettoyage d'entr\u00e9e de type RP<\/strong><br \/>\nLorsque les normes de rejet des effluents et des eaux us\u00e9es ne sont pas tr\u00e8s strictes, il est pr\u00e9f\u00e9rable d'utiliser ce type de r\u00e9servoir de clarification \u00e0 haute densit\u00e9, qui peut \u00eatre install\u00e9 sans tuyaux inclin\u00e9s. Le clarificateur est rarement utilis\u00e9 (uniquement pour la concentration du surnageant d\u00e9charg\u00e9 des eaux us\u00e9es de rin\u00e7age des filtres, exigences particuli\u00e8res en mati\u00e8re de concentration).<\/p>\n<p><strong>D\u00e9canteur \u00e0 haute densit\u00e9 de type RPL<\/strong><br \/>\nCe type de clarificateur \u00e0 haute densit\u00e9 n'est utilis\u00e9 que lorsqu'il est n\u00e9cessaire de stocker la boue de mani\u00e8re centralis\u00e9e et qu'il n'y a pas de r\u00e9action au traitement. Par cons\u00e9quent, son application est limit\u00e9e aux processus d'\u00e9limination du carbone (eau non potable) et aux processus de pr\u00e9cipitation sp\u00e9ciaux dans le traitement des eaux us\u00e9es industrielles.<\/p>\n<p><a href=\"mailto:sales@luckywwtp.com\"><img fetchpriority=\"high\" decoding=\"async\" class=\"alignnone wp-image-1887 size-full\" src=\"http:\/\/www.luckywwtp.com\/wp-content\/uploads\/2024\/12\/get-inquiry-blue.jpg\" alt=\"\" width=\"1000\" height=\"200\" srcset=\"https:\/\/www.luckywwtp.com\/wp-content\/uploads\/2024\/12\/get-inquiry-blue.jpg 1000w, https:\/\/www.luckywwtp.com\/wp-content\/uploads\/2024\/12\/get-inquiry-blue-300x60.jpg 300w, https:\/\/www.luckywwtp.com\/wp-content\/uploads\/2024\/12\/get-inquiry-blue-768x154.jpg 768w, https:\/\/www.luckywwtp.com\/wp-content\/uploads\/2024\/12\/get-inquiry-blue-18x4.jpg 18w, https:\/\/www.luckywwtp.com\/wp-content\/uploads\/2024\/12\/get-inquiry-blue-800x160.jpg 800w\" sizes=\"(max-width: 1000px) 100vw, 1000px\" \/><\/a><\/p>\n<p><strong>Comment fonctionne un bac de s\u00e9dimentation \u00e0 micro-sable ?<\/strong><\/p>\n<p>Le principe de fonctionnement du r\u00e9servoir de s\u00e9dimentation \u00e0 micro-sable est principalement bas\u00e9 sur l'effet de lest et la r\u00e9action de floculation du micro-sable. Au stade de la coagulation, des particules insolubles de haute densit\u00e9 - le microsable - sont ajout\u00e9es aux eaux us\u00e9es, et un coagulant et un floculant polym\u00e8re sont ajout\u00e9s en m\u00eame temps. Les microsables et les solides en suspension dans les eaux us\u00e9es sont \u00e9troitement combin\u00e9s sous l'action des floculants polym\u00e8res pour former des flocs larges et denses. En raison de leur densit\u00e9 accrue, ces flocs contenant du microsable peuvent rapidement se d\u00e9poser au fond du bassin, ce qui permet d'obtenir une s\u00e9paration solide-liquide.<\/p>\n<p>&nbsp;<\/p>\n<p><strong>De quels \u00e9l\u00e9ments se compose un bac de s\u00e9dimentation \u00e0 microsable ?<\/strong><\/p>\n<ol>\n<li>R\u00e9servoir de coagulation : Une fois que l'eau brute a \u00e9t\u00e9 inject\u00e9e avec le coagulant, elle entre dans l'\u00e9quipement de traitement de l'eau submersible rapide \u00e0 milieu lourd. Apr\u00e8s une agitation et un m\u00e9lange rapides, les collo\u00efdes pr\u00e9sents dans l'eau brute sont d\u00e9stabilis\u00e9s et forment des microflocs pr\u00e9cipitables.<\/li>\n<li>R\u00e9servoir de floculation : Ajouter un coagulant polym\u00e8re au r\u00e9servoir de floculation, le m\u00e9langer soigneusement \u00e0 l'eau brute coagul\u00e9e et ajouter en m\u00eame temps une quantit\u00e9 appropri\u00e9e de milieu lourd pour former un floc large et dense.<\/li>\n<li>R\u00e9servoir de s\u00e9dimentation : Le microsable et le floc sont enti\u00e8rement combin\u00e9s sous l'action du floc polym\u00e8re et du coagulant, puis entrent dans le r\u00e9servoir de s\u00e9dimentation pour la s\u00e9paration eau-boue. Le surnageant s'\u00e9coule dans le r\u00e9servoir de collecte de l'eau par le tuyau inclin\u00e9 situ\u00e9 dans la partie sup\u00e9rieure, tandis que les boues descendent au fond du r\u00e9servoir et p\u00e9n\u00e8trent dans la tr\u00e9mie centrale par le racleur de boue.<\/li>\n<li>Zone de stockage des boues : Les boues descendent au fond de la cuve et p\u00e9n\u00e8trent dans la tr\u00e9mie centrale par l'interm\u00e9diaire d'un racleur de boue. La zone de stockage des boues est utilis\u00e9e pour stocker les boues pr\u00e9cipit\u00e9es et joue le r\u00f4le de stockage, de concentration et d'\u00e9vacuation.<\/li>\n<li>Syst\u00e8me de circulation de micro-sable : Le floc et la boue coagul\u00e9e contenant une grande quantit\u00e9 de micro-sable entrent dans l'hydrocyclone par le syst\u00e8me de retour pour la s\u00e9paration de la boue et du sable, et le micro-sable retourne dans le syst\u00e8me. Les boues sont \u00e9vacu\u00e9es du syst\u00e8me par le tuyau de trop-plein sup\u00e9rieur de l'hydrocyclone. Entrer dans le r\u00e9servoir de concentration des boues.<\/li>\n<\/ol>\n<p>&nbsp;<\/p>\n<p><strong>Quels sont les proc\u00e9d\u00e9s technologiques du d\u00e9canteur de micro-sable ?<\/strong><br \/>\nLe processus est divis\u00e9 en cinq \u00e9tapes : m\u00e9lange, remplissage, maturation du floc, s\u00e9dimentation \u00e0 grande vitesse et retour des boues.<br \/>\n(1) M\u00e9lange<br \/>\nAvant que l'eau brute n'entre dans le r\u00e9servoir de coagulation, un coagulant \u00e0 base de sel d'aluminium ou de sel de fer est ajout\u00e9, puis elle entre dans le r\u00e9servoir de m\u00e9lange pour \u00eatre rapidement brass\u00e9e et m\u00e9lang\u00e9e afin de d\u00e9stabiliser les solides en suspension et les particules collo\u00efdales. Le temps de s\u00e9jour est d'environ 1 \u00e0 2 minutes.<br \/>\n(2) Floculation<br \/>\nIntroduire du microsable et du PAM avec une taille de particule de 60~140um dans le r\u00e9servoir de remplissage. Le microsable constitue le noyau de la r\u00e9action de floculation. Gr\u00e2ce \u00e0 l'adsorption et \u00e0 l'effet de pont du PAM, il acc\u00e9l\u00e8re l'agglom\u00e9ration entre les flocs, les solides en suspension et le microsable. Il en r\u00e9sulte des flocs de haute densit\u00e9. Le temps de s\u00e9jour est d'environ 1~2min.<br \/>\n(3) Maturation du floc<br \/>\nLe floc entre dans le r\u00e9servoir de maturation du floc. L'objectif de la phase de maturation est de former des flocs plus importants afin de faciliter une s\u00e9paration rapide dans le r\u00e9servoir de s\u00e9dimentation suivant. Pendant la phase de maturation, l'intensit\u00e9 de l'agitation est r\u00e9duite, ce qui permet d'\u00e9viter la destruction du floc tout en maintenant l'\u00e9tat de suspension du floc. Le temps de s\u00e9jour est d'environ 4 \u00e0 6 minutes.<br \/>\n(4) Pr\u00e9cipitations \u00e0 grande vitesse<br \/>\nLe flux d'eau entre dans le r\u00e9servoir de s\u00e9dimentation \u00e0 tube inclin\u00e9 (plaque) et les solides en suspension et les collo\u00efdes sont s\u00e9par\u00e9s par s\u00e9dimentation. La vitesse de s\u00e9paration dans la zone de s\u00e9dimentation peut atteindre 30~40m\/h. La zone de s\u00e9dimentation requise est \u00e9gale \u00e0 1\/4 du r\u00e9servoir de s\u00e9dimentation \u00e0 tube inclin\u00e9 traditionnel.<br \/>\n(5) Syst\u00e8me de circulation de micro-sable<br \/>\nLe sable fin et les boues au fond du bassin de s\u00e9dimentation sont pomp\u00e9s par la pompe \u00e0 boues de circulation vers le s\u00e9parateur cyclonique hydraulique de boues et de sables. La boue et le sable sont s\u00e9par\u00e9s par centrifugation dans l'hydrocyclone. La boue est \u00e9vacu\u00e9e par la partie sup\u00e9rieure du cyclone et entre dans le syst\u00e8me de traitement des boues. Le sable entre \u00e0 nouveau dans le r\u00e9servoir de floculation par la partie inf\u00e9rieure du cyclone pour \u00eatre recycl\u00e9. Le d\u00e9bit de retour du sable fin et des boues d\u00e9pend de la qualit\u00e9 de l'eau entrante et est g\u00e9n\u00e9ralement contr\u00f4l\u00e9 entre 3% et 6%. Lorsque la turbidit\u00e9 de l'eau augmente, le d\u00e9bit de retour augmente en cons\u00e9quence. La quantit\u00e9 de sable fin perdue par le d\u00e9bordement de l'hydrocyclone n'exc\u00e8de pas 2g\/m3, g\u00e9n\u00e9ralement moins de 1g\/m3, et la partie perdue doit g\u00e9n\u00e9ralement \u00eatre remplac\u00e9e r\u00e9guli\u00e8rement.<\/p>\n<p><strong>Dans quelles industries les d\u00e9canteurs de microsable peuvent-ils \u00eatre utilis\u00e9s ?<\/strong><br \/>\nLes bassins de d\u00e9cantation \u00e0 microsable sont largement utilis\u00e9s dans le traitement des eaux us\u00e9es urbaines, le traitement des eaux us\u00e9es industrielles, l'approvisionnement en eau de surface et d'autres domaines. Ils sont particuli\u00e8rement adapt\u00e9s au traitement des sources d'eau difficiles, telles que les eaux \u00e0 basse temp\u00e9rature, \u00e0 faible turbidit\u00e9, \u00e0 forte coloration, etc. Ils peuvent \u00e9galement \u00eatre utilis\u00e9s dans le cadre de projets de protection de l'environnement tels que le traitement des eaux de pluie et la gestion des cours d'eau.<\/p>\n<p><strong>Quelles sont les caract\u00e9ristiques du d\u00e9canteur de micro-sable ?<\/strong><br \/>\n1. S\u00e9dimentation efficace : L'ajout de micro-sable augmente la densit\u00e9 et la vitesse de s\u00e9dimentation du floc, ce qui rend le processus de s\u00e9dimentation plus efficace. En g\u00e9n\u00e9ral, la vitesse de s\u00e9dimentation des bassins de s\u00e9dimentation \u00e0 micro-sable peut atteindre des dizaines de m\u00e8tres par heure, ce qui est beaucoup plus \u00e9lev\u00e9 que celle des bassins de s\u00e9dimentation traditionnels. 2. Faible encombrement : En raison de la vitesse de s\u00e9dimentation rapide, les bassins de d\u00e9cantation \u00e0 micro-sable peuvent r\u00e9aliser un traitement efficace des eaux us\u00e9es dans un espace r\u00e9duit. Ceci est particuli\u00e8rement b\u00e9n\u00e9fique pour les zones o\u00f9 les ressources fonci\u00e8res sont limit\u00e9es.<br \/>\n2. Bon effet de traitement : Le bassin de s\u00e9dimentation \u00e0 micro-sable peut \u00e9liminer efficacement les solides en suspension, les substances collo\u00efdales, les algues, la couleur, les m\u00e9taux lourds et d'autres polluants dans les eaux us\u00e9es, et am\u00e9liorer la qualit\u00e9 des effluents.<br \/>\n3. Forte adaptabilit\u00e9 : Les bassins de s\u00e9dimentation \u00e0 microsable conviennent \u00e0 divers types de traitement de la qualit\u00e9 de l'eau, y compris les sources d'eau difficiles \u00e0 traiter telles qu'une turbidit\u00e9 \u00e9lev\u00e9e, une faible temp\u00e9rature et une faible turbidit\u00e9, ainsi qu'une couleur \u00e9lev\u00e9e.<br \/>\n4. Circulation du micro-sable : Apr\u00e8s s\u00e9dimentation, les boues contenant des micro-sables peuvent \u00eatre r\u00e9introduites dans le processus de traitement par le syst\u00e8me de retour, ce qui permet de recycler les micro-sables et de r\u00e9duire les co\u00fbts d'exploitation.<\/p>","protected":false},"excerpt":{"rendered":"<p>Overview: High efficiency sedimentation tank is a compact, efficient and flexible new sewage treatment process, which can be widely used in various fields, and can be used to treat industrial and domestic sewage, drinking water, rainwater and tertiary wastewater. High density sedimentation tank is an advanced patent clarification technology developed by the French Deliman company&#8230;.<\/p>","protected":false},"featured_media":1600,"comment_status":"open","ping_status":"closed","template":"","meta":{"_kad_post_transparent":"default","_kad_post_title":"","_kad_post_layout":"default","_kad_post_sidebar_id":"","_kad_post_content_style":"default","_kad_post_vertical_padding":"default","_kad_post_feature":"","_kad_post_feature_position":"","_kad_post_header":false,"_kad_post_footer":false,"_kad_post_classname":""},"product_brand":[],"product_cat":[24,29],"product_tag":[104,105,107,103,106],"class_list":{"0":"post-1599","1":"product","2":"type-product","3":"status-publish","4":"has-post-thumbnail","6":"product_cat-products","7":"product_cat-waste-water-treatment-products","8":"product_tag-coagulation-tank","9":"product_tag-flocculation-tank","10":"product_tag-microsand-settling-tanks","11":"product_tag-sand-sedimentation-tank","12":"product_tag-sedimentation-tank","14":"first","15":"instock","16":"shipping-taxable","17":"product-type-simple","18":"entry","19":"content-bg","20":"loop-entry"},"_links":{"self":[{"href":"https:\/\/www.luckywwtp.com\/fr\/wp-json\/wp\/v2\/product\/1599","targetHints":{"allow":["GET"]}}],"collection":[{"href":"https:\/\/www.luckywwtp.com\/fr\/wp-json\/wp\/v2\/product"}],"about":[{"href":"https:\/\/www.luckywwtp.com\/fr\/wp-json\/wp\/v2\/types\/product"}],"replies":[{"embeddable":true,"href":"https:\/\/www.luckywwtp.com\/fr\/wp-json\/wp\/v2\/comments?post=1599"}],"wp:featuredmedia":[{"embeddable":true,"href":"https:\/\/www.luckywwtp.com\/fr\/wp-json\/wp\/v2\/media\/1600"}],"wp:attachment":[{"href":"https:\/\/www.luckywwtp.com\/fr\/wp-json\/wp\/v2\/media?parent=1599"}],"wp:term":[{"taxonomy":"product_brand","embeddable":true,"href":"https:\/\/www.luckywwtp.com\/fr\/wp-json\/wp\/v2\/product_brand?post=1599"},{"taxonomy":"product_cat","embeddable":true,"href":"https:\/\/www.luckywwtp.com\/fr\/wp-json\/wp\/v2\/product_cat?post=1599"},{"taxonomy":"product_tag","embeddable":true,"href":"https:\/\/www.luckywwtp.com\/fr\/wp-json\/wp\/v2\/product_tag?post=1599"}],"curies":[{"name":"wp","href":"https:\/\/api.w.org\/{rel}","templated":true}]}}