{"id":1594,"date":"2024-12-04T14:40:24","date_gmt":"2024-12-04T06:40:24","guid":{"rendered":"https:\/\/www.luckywwtp.com\/?post_type=product&#038;p=1594"},"modified":"2025-05-14T09:18:06","modified_gmt":"2025-05-14T01:18:06","slug":"incline-sendimentation-tank","status":"publish","type":"product","link":"https:\/\/www.luckywwtp.com\/fr\/produit\/incline-sendimentation-tank\/","title":{"rendered":"R\u00e9servoir de s\u00e9dimentation inclin\u00e9"},"content":{"rendered":"<p>Le r\u00e9servoir de s\u00e9dimentation \u00e0 tubes inclin\u00e9s est un r\u00e9servoir de s\u00e9dimentation combin\u00e9 con\u00e7u sur la base de la th\u00e9orie de la s\u00e9dimentation en bassin peu profond. Son principe consiste \u00e0 installer de nombreux tubes ou plaques inclin\u00e9s dens\u00e9ment espac\u00e9s dans la zone de s\u00e9dimentation, de sorte que les impuret\u00e9s en suspension dans l'eau puissent \u00eatre d\u00e9pos\u00e9es dans les plaques ou tubes inclin\u00e9s. Apr\u00e8s le d\u00e9p\u00f4t des impuret\u00e9s, l'eau monte le long de la plaque inclin\u00e9e ou du tube inclin\u00e9, et les boues s\u00e9par\u00e9es glissent le long de la plaque inclin\u00e9e (tube) jusqu'au fond de la piscine sous l'action de la gravit\u00e9, puis elles sont concentr\u00e9es et \u00e9vacu\u00e9es. Cet \u00e9quipement peut augmenter l'efficacit\u00e9 du d\u00e9p\u00f4t de 50 \u00e0 60% et augmenter la capacit\u00e9 de traitement de 3 \u00e0 5 fois sur la m\u00eame surface.<\/p>\n<p><strong>Application<\/strong><br \/>\nUtilis\u00e9 pour le traitement des eaux us\u00e9es industrielles, des eaux us\u00e9es domestiques et des eaux us\u00e9es provenant du traitement des m\u00e9taux non ferreux. Traitement des eaux us\u00e9es de d\u00e9poussi\u00e9rage hydraulique dans les chaufferies des centrales \u00e9lectriques, traitement des eaux de lavage des stations-service, traitement chimique de l'eau et pr\u00e9traitement de la purification de l'approvisionnement en eau. Il pr\u00e9sente de grandes caract\u00e9ristiques en termes de nouveaux bassins de s\u00e9dimentation et de potentiel d'utilisation et de r\u00e9novation des anciens bassins, et convient \u00e0 l'installation et \u00e0 l'utilisation dans les bassins de s\u00e9dimentation d'approvisionnement en eau et de drainage.<\/p>\n<p><strong>Que peut faire le d\u00e9canteur \u00e0 tube inclin\u00e9 ?<\/strong><br \/>\nLes pr\u00e9cipitateurs \u00e0 tube inclin\u00e9 peuvent \u00eatre utilis\u00e9s comme \u00e9quipement de soutien pour les processus de traitement de l'eau tels que la flottation \u00e0 l'air et les m\u00e9thodes d'am\u00e9lioration, et peuvent \u00e9galement traiter une vari\u00e9t\u00e9 d'eaux us\u00e9es en une seule \u00e9tape, par exemple :<br \/>\n1. Les taux d'\u00e9limination des eaux us\u00e9es mixtes, du chrome, du cuivre, du fer, du zinc, du nickel, etc. contenant divers ions m\u00e9talliques dans les eaux us\u00e9es de galvanoplastie sont tous sup\u00e9rieurs \u00e0 90%. En g\u00e9n\u00e9ral, les eaux us\u00e9es de galvanoplastie peuvent satisfaire aux normes de rejet apr\u00e8s traitement.<br \/>\n2. Les eaux us\u00e9es des mines de charbon et du traitement des minerais peuvent r\u00e9duire la turbidit\u00e9 de 500-1500 mg\/L \u00e0 5 mg\/L.<br \/>\n3. Le taux d'\u00e9limination des couleurs des eaux us\u00e9es d'impression et de teinture, de blanchiment et de teinture est de 70-90%, (l'\u00e9limination de la DCO est de 50-70%).<br \/>\n4. \u00c9limination de grandes quantit\u00e9s de mati\u00e8res organiques des eaux us\u00e9es dans les industries du tannage, de l'alimentation et autres, le taux d'\u00e9limination de la DCO est de 50-80%, et le taux d'\u00e9limination des impuret\u00e9s solides est sup\u00e9rieur \u00e0 90%.<br \/>\n5. Le taux d'\u00e9limination de la DCO des eaux us\u00e9es chimiques est de 60-70%, le taux d'\u00e9limination de la chroma est de 60-90%, et les solides en suspension respectent les normes d'\u00e9mission.<\/p>\n<p><strong>Caract\u00e9ristiques<\/strong><br \/>\n1. L'utilisation du principe de l'\u00e9coulement laminaire permet d'am\u00e9liorer la capacit\u00e9 de traitement du bassin de s\u00e9dimentation.<br \/>\n2. R\u00e9duit la distance de s\u00e9dimentation des particules et donc le temps de s\u00e9dimentation.<br \/>\n3. Le d\u00e9bit de ce type de bassin de s\u00e9dimentation peut atteindre 36 m3\/(m2.h), ce qui est 5 \u00e0 10 fois sup\u00e9rieur \u00e0 la capacit\u00e9 de traitement des bassins de s\u00e9dimentation ordinaires. Il s'agit d'un nouveau type d'\u00e9quipement de s\u00e9dimentation.<br \/>\n4. Fabriqu\u00e9 \u00e0 partir de mat\u00e9riaux de haute qualit\u00e9 et soud\u00e9 avec pr\u00e9cision, il est solide et durable.<br \/>\n5. Augmente la zone de s\u00e9dimentation du bassin de d\u00e9cantation et am\u00e9liore l'efficacit\u00e9 du traitement.<\/p>\n<p><a href=\"mailto:sales@luckywwtp.com\"><img fetchpriority=\"high\" decoding=\"async\" class=\"alignnone wp-image-1887 size-full\" src=\"http:\/\/www.luckywwtp.com\/wp-content\/uploads\/2024\/12\/get-inquiry-blue.jpg\" alt=\"\" width=\"1000\" height=\"200\" srcset=\"https:\/\/www.luckywwtp.com\/wp-content\/uploads\/2024\/12\/get-inquiry-blue.jpg 1000w, https:\/\/www.luckywwtp.com\/wp-content\/uploads\/2024\/12\/get-inquiry-blue-300x60.jpg 300w, https:\/\/www.luckywwtp.com\/wp-content\/uploads\/2024\/12\/get-inquiry-blue-768x154.jpg 768w, https:\/\/www.luckywwtp.com\/wp-content\/uploads\/2024\/12\/get-inquiry-blue-18x4.jpg 18w, https:\/\/www.luckywwtp.com\/wp-content\/uploads\/2024\/12\/get-inquiry-blue-800x160.jpg 800w\" sizes=\"(max-width: 1000px) 100vw, 1000px\" \/><\/a><\/p>","protected":false},"excerpt":{"rendered":"<p>Le r\u00e9servoir de s\u00e9dimentation \u00e0 tubes inclin\u00e9s est un r\u00e9servoir de s\u00e9dimentation combin\u00e9 con\u00e7u sur la base de la th\u00e9orie de la s\u00e9dimentation en bassin peu profond. Son principe consiste \u00e0 installer de nombreux tubes ou plaques inclin\u00e9s dens\u00e9ment espac\u00e9s dans la zone de s\u00e9dimentation, de sorte que les impuret\u00e9s en suspension dans l'eau puissent \u00eatre d\u00e9pos\u00e9es dans les plaques ou tubes inclin\u00e9s. ,...<\/p>","protected":false},"featured_media":1595,"comment_status":"open","ping_status":"closed","template":"","meta":{"_kad_post_transparent":"default","_kad_post_title":"","_kad_post_layout":"default","_kad_post_sidebar_id":"","_kad_post_content_style":"default","_kad_post_vertical_padding":"default","_kad_post_feature":"","_kad_post_feature_position":"","_kad_post_header":false,"_kad_post_footer":false,"_kad_post_classname":""},"product_brand":[],"product_cat":[28,15],"product_tag":[123,120,118,117,121,106,122,119,125,124],"class_list":{"0":"post-1594","1":"product","2":"type-product","3":"status-publish","4":"has-post-thumbnail","6":"product_cat-solid-waste-treatment","7":"product_cat-uncategorized","8":"product_tag-chemical-water-treatment","9":"product_tag-domestic-wastewater","10":"product_tag-hallow-pool-sedimentation","11":"product_tag-inclined-tube-sedimentation-tank","12":"product_tag-removal-wastewater","13":"product_tag-sedimentation-tank","14":"product_tag-treatment-of-gas-station-washing-water","15":"product_tag-treatment-of-industrial-wastewater","16":"product_tag-water-supply-and-drainage","17":"product_tag-water-supply-purification","19":"first","20":"instock","21":"shipping-taxable","22":"product-type-simple","23":"entry","24":"content-bg","25":"loop-entry"},"_links":{"self":[{"href":"https:\/\/www.luckywwtp.com\/fr\/wp-json\/wp\/v2\/product\/1594","targetHints":{"allow":["GET"]}}],"collection":[{"href":"https:\/\/www.luckywwtp.com\/fr\/wp-json\/wp\/v2\/product"}],"about":[{"href":"https:\/\/www.luckywwtp.com\/fr\/wp-json\/wp\/v2\/types\/product"}],"replies":[{"embeddable":true,"href":"https:\/\/www.luckywwtp.com\/fr\/wp-json\/wp\/v2\/comments?post=1594"}],"wp:featuredmedia":[{"embeddable":true,"href":"https:\/\/www.luckywwtp.com\/fr\/wp-json\/wp\/v2\/media\/1595"}],"wp:attachment":[{"href":"https:\/\/www.luckywwtp.com\/fr\/wp-json\/wp\/v2\/media?parent=1594"}],"wp:term":[{"taxonomy":"product_brand","embeddable":true,"href":"https:\/\/www.luckywwtp.com\/fr\/wp-json\/wp\/v2\/product_brand?post=1594"},{"taxonomy":"product_cat","embeddable":true,"href":"https:\/\/www.luckywwtp.com\/fr\/wp-json\/wp\/v2\/product_cat?post=1594"},{"taxonomy":"product_tag","embeddable":true,"href":"https:\/\/www.luckywwtp.com\/fr\/wp-json\/wp\/v2\/product_tag?post=1594"}],"curies":[{"name":"wp","href":"https:\/\/api.w.org\/{rel}","templated":true}]}}