{"id":338,"date":"2024-09-04T19:13:53","date_gmt":"2024-09-04T11:13:53","guid":{"rendered":"https:\/\/www.luckywwtp.com\/?post_type=product&#038;p=338"},"modified":"2025-05-14T09:22:13","modified_gmt":"2025-05-14T01:22:13","slug":"reverse-osmosis","status":"publish","type":"product","link":"https:\/\/www.luckywwtp.com\/es\/producto\/reverse-osmosis\/","title":{"rendered":"Ultrafiltro y sistema de \u00f3smosis inversa (UF+RO)"},"content":{"rendered":"<p><strong>\u00d3smosis inversa y ultrafiltraci\u00f3n<\/strong><br \/>\n\u2460Aliviar la escasez de suministro de agua: tomando los edificios de nueva construcci\u00f3n como objeto principal, es una medida eficaz para aliviar la escasez de suministro de agua en zonas con escasez de agua;<br \/>\n\u2461Proteger las aguas p\u00fablicas: Con el r\u00e1pido desarrollo de la escala de la construcci\u00f3n urbana y la industria y el r\u00e1pido aumento de la descarga de aguas residuales, el sistema de reutilizaci\u00f3n de agua es una medida eficaz para reducir la carga en los sistemas de drenaje urbano y proteger las aguas p\u00fablicas;<br \/>\n\u2462Asegurar el suministro de agua a los residentes: garantiza un suministro estable de agua en la estaci\u00f3n seca y proporciona un buen entorno a los residentes urbanos;<br \/>\n\u2463Utilizaci\u00f3n racional de los recursos h\u00eddricos: se ha llevado a cabo el desarrollo y la utilizaci\u00f3n racionales de los recursos h\u00eddricos regionales, se han ahorrado recursos h\u00eddricos, se ha reducido la contaminaci\u00f3n del agua y se han creado las condiciones para el desarrollo sostenible de la ciudad.<\/p>\n<p><img fetchpriority=\"high\" decoding=\"async\" class=\"wp-image-1787\" src=\"http:\/\/www.luckywwtp.com\/wp-content\/uploads\/2024\/09\/RO-NF.jpg\" alt=\"\" width=\"541\" height=\"541\" srcset=\"https:\/\/www.luckywwtp.com\/wp-content\/uploads\/2024\/09\/RO-NF.jpg 800w, https:\/\/www.luckywwtp.com\/wp-content\/uploads\/2024\/09\/RO-NF-300x300.jpg 300w, https:\/\/www.luckywwtp.com\/wp-content\/uploads\/2024\/09\/RO-NF-150x150.jpg 150w, https:\/\/www.luckywwtp.com\/wp-content\/uploads\/2024\/09\/RO-NF-768x768.jpg 768w, https:\/\/www.luckywwtp.com\/wp-content\/uploads\/2024\/09\/RO-NF-12x12.jpg 12w, https:\/\/www.luckywwtp.com\/wp-content\/uploads\/2024\/09\/RO-NF-600x600.jpg 600w, https:\/\/www.luckywwtp.com\/wp-content\/uploads\/2024\/09\/RO-NF-100x100.jpg 100w\" sizes=\"(max-width: 541px) 100vw, 541px\" \/><\/p>\n<p><strong>El campo de aplicaci\u00f3n<\/strong><br \/>\nEs adecuado para la reutilizaci\u00f3n del agua en la mayor\u00eda de los campos de las aguas residuales industriales, como las aguas residuales de la fabricaci\u00f3n de papel, las aguas residuales de la impresi\u00f3n y el te\u00f1ido, las aguas residuales de la qu\u00edmica fina, las aguas residuales petroqu\u00edmicas, las aguas residuales de la qu\u00edmica del carb\u00f3n, las aguas residuales farmac\u00e9uticas, las aguas residuales del procesamiento de minerales, las aguas residuales de la industria metal\u00fargica, las aguas residuales de las centrales el\u00e9ctricas, las aguas residuales del procesamiento mec\u00e1nico y el campo de las aguas residuales municipales.<\/p>\n<p><strong>Ventajas<\/strong><br \/>\n\u2460 El sistema de UF se utiliza para eliminar los s\u00f3lidos en suspensi\u00f3n y coloides en las aguas residuales para garantizar los requisitos de calidad del agua del sistema de \u00f3smosis inversa, Despu\u00e9s del tratamiento del sistema de \u00f3smosis inversa, m\u00e1s de 98% de s\u00f3lidos solubles, DQO, etc se eliminan para asegurar que el agua producida por el sistema cumple con las normas de calidad del agua para su reutilizaci\u00f3n.<br \/>\nLas instalaciones de tratamiento de aguas \u2461 ocupan poco espacio, requieren poca inversi\u00f3n en ingenier\u00eda, consumen poca energ\u00eda, tienen bajos costes de tratamiento y producen pocos lodos.<\/p>\n<p><a href=\"mailto:sales@luckywwtp.com\"><img decoding=\"async\" class=\"alignnone wp-image-1887 size-full\" src=\"http:\/\/www.luckywwtp.com\/wp-content\/uploads\/2024\/12\/get-inquiry-blue.jpg\" alt=\"\" width=\"1000\" height=\"200\" srcset=\"https:\/\/www.luckywwtp.com\/wp-content\/uploads\/2024\/12\/get-inquiry-blue.jpg 1000w, https:\/\/www.luckywwtp.com\/wp-content\/uploads\/2024\/12\/get-inquiry-blue-300x60.jpg 300w, https:\/\/www.luckywwtp.com\/wp-content\/uploads\/2024\/12\/get-inquiry-blue-768x154.jpg 768w, https:\/\/www.luckywwtp.com\/wp-content\/uploads\/2024\/12\/get-inquiry-blue-18x4.jpg 18w, https:\/\/www.luckywwtp.com\/wp-content\/uploads\/2024\/12\/get-inquiry-blue-800x160.jpg 800w\" sizes=\"(max-width: 1000px) 100vw, 1000px\" \/><\/a><\/p>","protected":false},"excerpt":{"rendered":"<p>Reverse Osmosis &amp; Ultra Filtration \u2460Alleviate water supply shortage: taking newly built buildings as the main object.it is an effective measure to alleviate water supply shortage in areas with watersupply shortage; \u2461Protect public waters: With the rapid development of urban construction scaleand industry and rapid increase of sewage discharge, the water reuse system isan effective&#8230;<\/p>","protected":false},"featured_media":339,"comment_status":"open","ping_status":"closed","template":"","meta":{"_kad_post_transparent":"default","_kad_post_title":"","_kad_post_layout":"default","_kad_post_sidebar_id":"","_kad_post_content_style":"default","_kad_post_vertical_padding":"default","_kad_post_feature":"","_kad_post_feature_position":"","_kad_post_header":false,"_kad_post_footer":false,"_kad_post_classname":""},"product_brand":[],"product_cat":[55,24],"product_tag":[145,150,146,148,140,149,147,141,144,143,142],"class_list":{"0":"post-338","1":"product","2":"type-product","3":"status-publish","4":"has-post-thumbnail","6":"product_cat-basic-stp-equipment","7":"product_cat-products","8":"product_tag-industrial-wastewater-fields","9":"product_tag-low-sludge-production","10":"product_tag-municipal-sewage","11":"product_tag-remove-suspended-solids","12":"product_tag-reverse-osmosis","13":"product_tag-ro-system","14":"product_tag-uf-system","15":"product_tag-ultra-filtration","16":"product_tag-urban-drainage-systems","17":"product_tag-water-reuse","18":"product_tag-water-supply","20":"first","21":"instock","22":"shipping-taxable","23":"product-type-simple","24":"entry","25":"content-bg","26":"loop-entry"},"_links":{"self":[{"href":"https:\/\/www.luckywwtp.com\/es\/wp-json\/wp\/v2\/product\/338","targetHints":{"allow":["GET"]}}],"collection":[{"href":"https:\/\/www.luckywwtp.com\/es\/wp-json\/wp\/v2\/product"}],"about":[{"href":"https:\/\/www.luckywwtp.com\/es\/wp-json\/wp\/v2\/types\/product"}],"replies":[{"embeddable":true,"href":"https:\/\/www.luckywwtp.com\/es\/wp-json\/wp\/v2\/comments?post=338"}],"wp:featuredmedia":[{"embeddable":true,"href":"https:\/\/www.luckywwtp.com\/es\/wp-json\/wp\/v2\/media\/339"}],"wp:attachment":[{"href":"https:\/\/www.luckywwtp.com\/es\/wp-json\/wp\/v2\/media?parent=338"}],"wp:term":[{"taxonomy":"product_brand","embeddable":true,"href":"https:\/\/www.luckywwtp.com\/es\/wp-json\/wp\/v2\/product_brand?post=338"},{"taxonomy":"product_cat","embeddable":true,"href":"https:\/\/www.luckywwtp.com\/es\/wp-json\/wp\/v2\/product_cat?post=338"},{"taxonomy":"product_tag","embeddable":true,"href":"https:\/\/www.luckywwtp.com\/es\/wp-json\/wp\/v2\/product_tag?post=338"}],"curies":[{"name":"wp","href":"https:\/\/api.w.org\/{rel}","templated":true}]}}