{"id":335,"date":"2024-09-04T19:12:55","date_gmt":"2024-09-04T11:12:55","guid":{"rendered":"https:\/\/www.luckywwtp.com\/?post_type=product&#038;p=335"},"modified":"2025-05-14T09:22:58","modified_gmt":"2025-05-14T01:22:58","slug":"ion-exchange-systems","status":"publish","type":"product","link":"https:\/\/www.luckywwtp.com\/es\/producto\/ion-exchange-systems\/","title":{"rendered":"Sistema de intercambio i\u00f3nico (IX)"},"content":{"rendered":"<p><strong>Visi\u00f3n general:<\/strong> El proceso de intercambio i\u00f3nico requiere que el agente de intercambio se coloque en el interior del intercambiador de iones (o lecho). La capacidad de intercambio i\u00f3nico se restablece por regeneraci\u00f3n cuando falla el agente de intercambio i\u00f3nico. Para mejorar la econom\u00eda y la aplicabilidad t\u00e9cnica del proceso de intercambio i\u00f3nico, se han desarrollado distintas combinaciones de resinas, distintos tipos de lecho y diversos sistemas de intercambio i\u00f3nico. Los intercambiadores de iones m\u00e1s comunes son los de lecho fijo (intercambiadores de iones) y los de lecho continuo.El agente de intercambio instalado en el intercambiador de iones se encuentra en una posici\u00f3n fija durante el proceso de intercambio.Un intercambiador de iones de este tipo se denomina de lecho fijo, y el tratamiento de intercambio del agua bruta y su generaci\u00f3n tras el fallo de la resina se llevan a cabo por separado en el mismo intercambiador en momentos diferentes. Los intercambiadores de iones de lecho fijo pueden dividirse en lecho simple, lecho doble y lecho mixto seg\u00fan el tipo de resina del intercambiador.<\/p>\n<p>La cama simple se rellena con una sola resina; La cama doble se rellena con resinas fuertes y d\u00e9biles; La cama mixta se rellena con resinas Yin y Yang. En circunstancias normales, el lecho fijo se refiere al tipo de lecho \u00fanico con lecho fijo. Los intercambiadores de iones de lecho continuo son intercambiadores en los que la resina de intercambio i\u00f3nico funciona din\u00e1micamente y el tratamiento de intercambio del agua bruta y la regeneraci\u00f3n tras el fallo de la resina se llevan a cabo simult\u00e1neamente en diferentes dispositivos. Uso: los intercambiadores de lon se utilizan principalmente en la preparaci\u00f3n de agua pura y agua de alta pureza, y se han utilizado ampliamente en muchos campos industriales como la medicina, la industria qu\u00edmica, la electr\u00f3nica, la pinturabebida y el suministro de agua de calderas de media y alta presi\u00f3n. Se utiliza para calderas, centrales t\u00e9rmicas, qu\u00edmica, industria ligera, textil, medicina, biolog\u00eda, electr\u00f3nica, energ\u00eda at\u00f3mica y tratamiento de agua pura, ablandamiento de agua dura necesaria para la producci\u00f3n industrial, preparaci\u00f3n de agua desionizada. Tambi\u00e9n se puede utilizar para la decoloraci\u00f3n y purificaci\u00f3n de alimentos y medicamentos, recuperaci\u00f3n de metales preciosos y materias primas qu\u00edmicas, y tratamiento de aguas residuales de galvanoplastia.<\/p>\n<p><a href=\"mailto:sales@luckywwtp.com\"><img fetchpriority=\"high\" decoding=\"async\" class=\"alignnone wp-image-1887 size-full\" src=\"http:\/\/www.luckywwtp.com\/wp-content\/uploads\/2024\/12\/get-inquiry-blue.jpg\" alt=\"\" width=\"1000\" height=\"200\" srcset=\"https:\/\/www.luckywwtp.com\/wp-content\/uploads\/2024\/12\/get-inquiry-blue.jpg 1000w, https:\/\/www.luckywwtp.com\/wp-content\/uploads\/2024\/12\/get-inquiry-blue-300x60.jpg 300w, https:\/\/www.luckywwtp.com\/wp-content\/uploads\/2024\/12\/get-inquiry-blue-768x154.jpg 768w, https:\/\/www.luckywwtp.com\/wp-content\/uploads\/2024\/12\/get-inquiry-blue-18x4.jpg 18w, https:\/\/www.luckywwtp.com\/wp-content\/uploads\/2024\/12\/get-inquiry-blue-800x160.jpg 800w\" sizes=\"(max-width: 1000px) 100vw, 1000px\" \/><\/a><\/p>","protected":false},"excerpt":{"rendered":"<p>Overview: The ion exchanger process requires the exchange agent to be placed inside the ion exchanger (or bed). The ion exchange capacity is restored by regeneration after the ion exchange agent fails. in order to improve the economy and technical applicability of the ion exchange process, diferent combinations of resins, different bed types and various&#8230;<\/p>","protected":false},"featured_media":337,"comment_status":"open","ping_status":"closed","template":"","meta":{"_kad_post_transparent":"default","_kad_post_title":"","_kad_post_layout":"default","_kad_post_sidebar_id":"","_kad_post_content_style":"default","_kad_post_vertical_padding":"default","_kad_post_feature":"","_kad_post_feature_position":"","_kad_post_header":false,"_kad_post_footer":false,"_kad_post_classname":""},"product_brand":[],"product_cat":[55,24],"product_tag":[154,153,156,151,155,152],"class_list":{"0":"post-335","1":"product","2":"type-product","3":"status-publish","4":"has-post-thumbnail","6":"product_cat-basic-stp-equipment","7":"product_cat-products","8":"product_tag-exchange-treatment-of-raw-water","9":"product_tag-ion-exchange-resin","10":"product_tag-ion-exchange-system","11":"product_tag-ion-exchanger","12":"product_tag-mixed-bed","13":"product_tag-raw-water","15":"first","16":"instock","17":"shipping-taxable","18":"product-type-simple","19":"entry","20":"content-bg","21":"loop-entry"},"_links":{"self":[{"href":"https:\/\/www.luckywwtp.com\/es\/wp-json\/wp\/v2\/product\/335","targetHints":{"allow":["GET"]}}],"collection":[{"href":"https:\/\/www.luckywwtp.com\/es\/wp-json\/wp\/v2\/product"}],"about":[{"href":"https:\/\/www.luckywwtp.com\/es\/wp-json\/wp\/v2\/types\/product"}],"replies":[{"embeddable":true,"href":"https:\/\/www.luckywwtp.com\/es\/wp-json\/wp\/v2\/comments?post=335"}],"wp:featuredmedia":[{"embeddable":true,"href":"https:\/\/www.luckywwtp.com\/es\/wp-json\/wp\/v2\/media\/337"}],"wp:attachment":[{"href":"https:\/\/www.luckywwtp.com\/es\/wp-json\/wp\/v2\/media?parent=335"}],"wp:term":[{"taxonomy":"product_brand","embeddable":true,"href":"https:\/\/www.luckywwtp.com\/es\/wp-json\/wp\/v2\/product_brand?post=335"},{"taxonomy":"product_cat","embeddable":true,"href":"https:\/\/www.luckywwtp.com\/es\/wp-json\/wp\/v2\/product_cat?post=335"},{"taxonomy":"product_tag","embeddable":true,"href":"https:\/\/www.luckywwtp.com\/es\/wp-json\/wp\/v2\/product_tag?post=335"}],"curies":[{"name":"wp","href":"https:\/\/api.w.org\/{rel}","templated":true}]}}