{"id":331,"date":"2024-09-04T19:10:59","date_gmt":"2024-09-04T11:10:59","guid":{"rendered":"https:\/\/www.luckywwtp.com\/?post_type=product&#038;p=331"},"modified":"2025-05-14T09:24:48","modified_gmt":"2025-05-14T01:24:48","slug":"iron-carbon-micro-electrolysis","status":"publish","type":"product","link":"https:\/\/www.luckywwtp.com\/es\/producto\/iron-carbon-micro-electrolysis\/","title":{"rendered":"Microelectr\u00f3lisis hierro-carbono"},"content":{"rendered":"<p><strong>Visi\u00f3n general:<\/strong> La tecnolog\u00eda de microelectrolisis catal\u00edtica es actualmente un proceso ideal para el tratamiento de aguas residuales org\u00e1nicas de alta concentraci\u00f3n. Utiliza un filtro de oxidaci\u00f3n electroqu\u00edmica catal\u00edtica multicomponente de alta eficiencia y un equipo de tratamiento de \u00e1cidos de apoyo para formar un sistema de reacci\u00f3n para el tratamiento de aguas residuales.La diferencia de potencial de 0,9-1,7V generada por el propio filtro de oxidaci\u00f3n electroqu\u00edmica despu\u00e9s de que el agua pase a trav\u00e9s del sistema formar\u00e1 innumerables celdas galv\u00e1nicas en el equipo. Las c\u00e9lulas galv\u00e1nicas utilizan las aguas residuales como electrolito y el tratamiento electroqu\u00edmico de las aguas residuales se forma por la descarga del \u00e1nodo y el c\u00e1todo, a fin de lograr el prop\u00f3sito de la degradaci\u00f3n electroqu\u00edmica de la materia org\u00e1nica inthe aguas residuales.<\/p>\n<p><strong>Aplicaci\u00f3n<\/strong><br \/>\nAguas residuales de la industria tintorera, qu\u00edmica, farmac\u00e9utica, coquera y petrolera: Tras el tratamiento de las aguas residuales, el valor de DQO disminuy\u00f3 significativamente y se eliminaron los metales pesados. Aguas residuales de imprentas y tintorer\u00edas, aguas residuales del cuero:<br \/>\nBuena decoloraci\u00f3n y eliminaci\u00f3n evidente de la DQO. Aguas residuales en galvanoplastia, impresi\u00f3n, industria minera y otras aguas residuales que contienen metales pesados:<br \/>\nLos metales pesados pueden eliminarse de las aguas residuales mencionadas.<img fetchpriority=\"high\" decoding=\"async\" class=\"alignnone wp-image-1264 size-full\" src=\"http:\/\/www.luckywwtp.com\/wp-content\/uploads\/2024\/09\/Iron-1-e1742807606678.jpg\" alt=\"\" width=\"1900\" height=\"1317\" srcset=\"https:\/\/www.luckywwtp.com\/wp-content\/uploads\/2024\/09\/Iron-1-e1742807606678.jpg 1900w, https:\/\/www.luckywwtp.com\/wp-content\/uploads\/2024\/09\/Iron-1-e1742807606678-300x208.jpg 300w, https:\/\/www.luckywwtp.com\/wp-content\/uploads\/2024\/09\/Iron-1-e1742807606678-1024x710.jpg 1024w, https:\/\/www.luckywwtp.com\/wp-content\/uploads\/2024\/09\/Iron-1-e1742807606678-768x532.jpg 768w, https:\/\/www.luckywwtp.com\/wp-content\/uploads\/2024\/09\/Iron-1-e1742807606678-1536x1065.jpg 1536w, https:\/\/www.luckywwtp.com\/wp-content\/uploads\/2024\/09\/Iron-1-e1742807606678-18x12.jpg 18w, https:\/\/www.luckywwtp.com\/wp-content\/uploads\/2024\/09\/Iron-1-e1742807606678-1320x915.jpg 1320w, https:\/\/www.luckywwtp.com\/wp-content\/uploads\/2024\/09\/Iron-1-e1742807606678-800x555.jpg 800w\" sizes=\"(max-width: 1900px) 100vw, 1900px\" \/><\/p>\n<p><a href=\"mailto:sales@luckywwtp.com\"><img decoding=\"async\" class=\"alignnone wp-image-1887 size-full\" src=\"http:\/\/www.luckywwtp.com\/wp-content\/uploads\/2024\/12\/get-inquiry-blue.jpg\" alt=\"\" width=\"1000\" height=\"200\" srcset=\"https:\/\/www.luckywwtp.com\/wp-content\/uploads\/2024\/12\/get-inquiry-blue.jpg 1000w, https:\/\/www.luckywwtp.com\/wp-content\/uploads\/2024\/12\/get-inquiry-blue-300x60.jpg 300w, https:\/\/www.luckywwtp.com\/wp-content\/uploads\/2024\/12\/get-inquiry-blue-768x154.jpg 768w, https:\/\/www.luckywwtp.com\/wp-content\/uploads\/2024\/12\/get-inquiry-blue-18x4.jpg 18w, https:\/\/www.luckywwtp.com\/wp-content\/uploads\/2024\/12\/get-inquiry-blue-800x160.jpg 800w\" sizes=\"(max-width: 1000px) 100vw, 1000px\" \/><\/a><\/p>","protected":false},"excerpt":{"rendered":"<p>Overview: Catalytic microelectrolysis technology is currently an ideal process for the treatment of high-concentration organic wastewater. lt uses high-efficiency multi-component catalytic electrochemical oxidation filter and supporting acid treatment equipment to form a reaction system for wastewater treatment.The 0.9-1.7V potential difference generated by the electrochemical oxidation filter itself after the water passes through the system will&#8230;<\/p>","protected":false},"featured_media":332,"comment_status":"open","ping_status":"closed","template":"","meta":{"_kad_post_transparent":"default","_kad_post_title":"","_kad_post_layout":"default","_kad_post_sidebar_id":"","_kad_post_content_style":"default","_kad_post_vertical_padding":"default","_kad_post_feature":"","_kad_post_feature_position":"","_kad_post_header":false,"_kad_post_footer":false,"_kad_post_classname":""},"product_brand":[],"product_cat":[24,28],"product_tag":[181,182,185,184,183],"class_list":{"0":"post-331","1":"product","2":"type-product","3":"status-publish","4":"has-post-thumbnail","6":"product_cat-products","7":"product_cat-solid-waste-treatment","8":"product_tag-electrochemical-oxidation-filter","9":"product_tag-heavy-metals-removed","10":"product_tag-mining-industry","11":"product_tag-printing","12":"product_tag-wastewater-in-electroplating","14":"first","15":"instock","16":"shipping-taxable","17":"product-type-simple","18":"entry","19":"content-bg","20":"loop-entry"},"_links":{"self":[{"href":"https:\/\/www.luckywwtp.com\/es\/wp-json\/wp\/v2\/product\/331","targetHints":{"allow":["GET"]}}],"collection":[{"href":"https:\/\/www.luckywwtp.com\/es\/wp-json\/wp\/v2\/product"}],"about":[{"href":"https:\/\/www.luckywwtp.com\/es\/wp-json\/wp\/v2\/types\/product"}],"replies":[{"embeddable":true,"href":"https:\/\/www.luckywwtp.com\/es\/wp-json\/wp\/v2\/comments?post=331"}],"wp:featuredmedia":[{"embeddable":true,"href":"https:\/\/www.luckywwtp.com\/es\/wp-json\/wp\/v2\/media\/332"}],"wp:attachment":[{"href":"https:\/\/www.luckywwtp.com\/es\/wp-json\/wp\/v2\/media?parent=331"}],"wp:term":[{"taxonomy":"product_brand","embeddable":true,"href":"https:\/\/www.luckywwtp.com\/es\/wp-json\/wp\/v2\/product_brand?post=331"},{"taxonomy":"product_cat","embeddable":true,"href":"https:\/\/www.luckywwtp.com\/es\/wp-json\/wp\/v2\/product_cat?post=331"},{"taxonomy":"product_tag","embeddable":true,"href":"https:\/\/www.luckywwtp.com\/es\/wp-json\/wp\/v2\/product_tag?post=331"}],"curies":[{"name":"wp","href":"https:\/\/api.w.org\/{rel}","templated":true}]}}