{"id":313,"date":"2024-09-04T18:47:35","date_gmt":"2024-09-04T10:47:35","guid":{"rendered":"https:\/\/www.luckywwtp.com\/?post_type=product&#038;p=313"},"modified":"2025-05-14T09:27:41","modified_gmt":"2025-05-14T01:27:41","slug":"pressure-sand-filter","status":"publish","type":"product","link":"https:\/\/www.luckywwtp.com\/es\/producto\/pressure-sand-filter\/","title":{"rendered":"Filtro de arena a presi\u00f3n y filtro multimedia"},"content":{"rendered":"<p><strong>Visi\u00f3n general:<\/strong> El filtro multimedios utiliza dos o m\u00e1s medios filtrantes para filtrar el agua con mayor turbidez a trav\u00e9s de un cierto espesor de materiales granulares o no granulares bajo una cierta presi\u00f3n con el fin de eliminar eficazmente las impurezas en suspensi\u00f3n para limpiar el agua. Los materiales filtrantes m\u00e1s utilizados son la arena de cuarzo, la antracita, la arena de manganeso, el carb\u00f3n activado, etc. Se utilizan principalmente para eliminar la turbidez del agua, ablandar el agua y pretratar el agua pura, etc. La turbidez del efluente puede alcanzar menos de 3 grados.<\/p>\n<p><img fetchpriority=\"high\" decoding=\"async\" class=\"wp-image-1790 size-full\" src=\"http:\/\/www.luckywwtp.com\/wp-content\/uploads\/2024\/09\/\u5fae\u7802\u8fc7\u6ee4\u56681-e1742548058691.jpg\" alt=\"\" width=\"1000\" height=\"527\" srcset=\"https:\/\/www.luckywwtp.com\/wp-content\/uploads\/2024\/09\/\u5fae\u7802\u8fc7\u6ee4\u56681-e1742548058691.jpg 1000w, https:\/\/www.luckywwtp.com\/wp-content\/uploads\/2024\/09\/\u5fae\u7802\u8fc7\u6ee4\u56681-e1742548058691-300x158.jpg 300w, https:\/\/www.luckywwtp.com\/wp-content\/uploads\/2024\/09\/\u5fae\u7802\u8fc7\u6ee4\u56681-e1742548058691-768x405.jpg 768w, https:\/\/www.luckywwtp.com\/wp-content\/uploads\/2024\/09\/\u5fae\u7802\u8fc7\u6ee4\u56681-e1742548058691-18x9.jpg 18w, https:\/\/www.luckywwtp.com\/wp-content\/uploads\/2024\/09\/\u5fae\u7802\u8fc7\u6ee4\u56681-e1742548058691-800x422.jpg 800w\" sizes=\"(max-width: 1000px) 100vw, 1000px\" \/><\/p>\n<p><img decoding=\"async\" class=\"alignnone size-full wp-image-1791\" src=\"http:\/\/www.luckywwtp.com\/wp-content\/uploads\/2024\/09\/activated-carbon-filter.jpg\" alt=\"\" width=\"1024\" height=\"569\" srcset=\"https:\/\/www.luckywwtp.com\/wp-content\/uploads\/2024\/09\/activated-carbon-filter.jpg 1024w, https:\/\/www.luckywwtp.com\/wp-content\/uploads\/2024\/09\/activated-carbon-filter-300x167.jpg 300w, https:\/\/www.luckywwtp.com\/wp-content\/uploads\/2024\/09\/activated-carbon-filter-768x427.jpg 768w, https:\/\/www.luckywwtp.com\/wp-content\/uploads\/2024\/09\/activated-carbon-filter-18x10.jpg 18w, https:\/\/www.luckywwtp.com\/wp-content\/uploads\/2024\/09\/activated-carbon-filter-800x445.jpg 800w\" sizes=\"(max-width: 1024px) 100vw, 1024px\" \/><\/p>\n<p><strong>Aplicaci\u00f3n<br \/>\n<\/strong>\u2460Tratamiento de filtraci\u00f3n de agua cruda para generaci\u00f3n de energ\u00eda,industria qu\u00edmica, fabricaci\u00f3n de papel, bebidas, etc.<br \/>\n\u2461Decoloraci\u00f3n, eliminaci\u00f3n de materia org\u00e1nica, eliminaci\u00f3n de la turbidez de las aguas subterr\u00e1neas en el suministro de agua de plantas qu\u00edmicas.<br \/>\n\u2462Pretratamiento de \u00f3smosis inversa, intercambiador de iones, ultrafiltraci\u00f3n y otros sistemas<br \/>\n\u2463Pretratamiento de aguas dom\u00e9sticas, tratamiento de aguas industriales, tratamiento de aguas residuales<br \/>\n\u2464Tratamiento del agua de piscinas, sistema de filtraci\u00f3n de agua circulante, aguas superficiales<\/p>\n<p><a href=\"mailto:sales@luckywwtp.com\"><img decoding=\"async\" class=\"alignnone wp-image-1887 size-full\" src=\"http:\/\/www.luckywwtp.com\/wp-content\/uploads\/2024\/12\/get-inquiry-blue.jpg\" alt=\"\" width=\"1000\" height=\"200\" srcset=\"https:\/\/www.luckywwtp.com\/wp-content\/uploads\/2024\/12\/get-inquiry-blue.jpg 1000w, https:\/\/www.luckywwtp.com\/wp-content\/uploads\/2024\/12\/get-inquiry-blue-300x60.jpg 300w, https:\/\/www.luckywwtp.com\/wp-content\/uploads\/2024\/12\/get-inquiry-blue-768x154.jpg 768w, https:\/\/www.luckywwtp.com\/wp-content\/uploads\/2024\/12\/get-inquiry-blue-18x4.jpg 18w, https:\/\/www.luckywwtp.com\/wp-content\/uploads\/2024\/12\/get-inquiry-blue-800x160.jpg 800w\" sizes=\"(max-width: 1000px) 100vw, 1000px\" \/><\/a><\/p>","protected":false},"excerpt":{"rendered":"<p>Overview: Multi-media filter uses two or more filtering media to filter the water with higher turbidity through a certain thickness of granular or non-granular materials under a certain pressure so as to effectively remove suspended impurities to clear the water. Commonly used filter materials include quartz sand filteration, anthracite filter, manganese sand, activated carbon filter,&#8230;<\/p>","protected":false},"featured_media":314,"comment_status":"open","ping_status":"closed","template":"","meta":{"_kad_post_transparent":"default","_kad_post_title":"","_kad_post_layout":"default","_kad_post_sidebar_id":"","_kad_post_content_style":"default","_kad_post_vertical_padding":"default","_kad_post_feature":"","_kad_post_feature_position":"","_kad_post_header":false,"_kad_post_footer":false,"_kad_post_classname":""},"product_brand":[],"product_cat":[24,29],"product_tag":[163,162,172,168,169,151,158,159,164,166,161,165,157,160,171,167,170],"class_list":{"0":"post-313","1":"product","2":"type-product","3":"status-publish","4":"has-post-thumbnail","6":"product_cat-products","7":"product_cat-waste-water-treatment-products","8":"product_tag-activated-carbon-filter","9":"product_tag-anthracite-filter","10":"product_tag-circulating-water-filtration-system","11":"product_tag-domestic-water-pretreatment","12":"product_tag-industrial-water-treatment","13":"product_tag-ion-exchanger","14":"product_tag-multi-medium-filtration","15":"product_tag-multi-media-filter","16":"product_tag-pre-treatment-of-pure-water","17":"product_tag-pre-treatment-of-reverse-osmosis","18":"product_tag-quartz-sand-filteration","19":"product_tag-raw-water-filtration-treatment","20":"product_tag-sand-filter","21":"product_tag-softening-water","22":"product_tag-swimming-pool-water-treatment","23":"product_tag-ultrafiltration","24":"product_tag-wastewatear-treatment","26":"first","27":"instock","28":"shipping-taxable","29":"product-type-simple","30":"entry","31":"content-bg","32":"loop-entry"},"_links":{"self":[{"href":"https:\/\/www.luckywwtp.com\/es\/wp-json\/wp\/v2\/product\/313","targetHints":{"allow":["GET"]}}],"collection":[{"href":"https:\/\/www.luckywwtp.com\/es\/wp-json\/wp\/v2\/product"}],"about":[{"href":"https:\/\/www.luckywwtp.com\/es\/wp-json\/wp\/v2\/types\/product"}],"replies":[{"embeddable":true,"href":"https:\/\/www.luckywwtp.com\/es\/wp-json\/wp\/v2\/comments?post=313"}],"wp:featuredmedia":[{"embeddable":true,"href":"https:\/\/www.luckywwtp.com\/es\/wp-json\/wp\/v2\/media\/314"}],"wp:attachment":[{"href":"https:\/\/www.luckywwtp.com\/es\/wp-json\/wp\/v2\/media?parent=313"}],"wp:term":[{"taxonomy":"product_brand","embeddable":true,"href":"https:\/\/www.luckywwtp.com\/es\/wp-json\/wp\/v2\/product_brand?post=313"},{"taxonomy":"product_cat","embeddable":true,"href":"https:\/\/www.luckywwtp.com\/es\/wp-json\/wp\/v2\/product_cat?post=313"},{"taxonomy":"product_tag","embeddable":true,"href":"https:\/\/www.luckywwtp.com\/es\/wp-json\/wp\/v2\/product_tag?post=313"}],"curies":[{"name":"wp","href":"https:\/\/api.w.org\/{rel}","templated":true}]}}