{"id":302,"date":"2024-09-04T18:26:10","date_gmt":"2024-09-04T10:26:10","guid":{"rendered":"https:\/\/www.luckywwtp.com\/?post_type=product&#038;p=302"},"modified":"2025-05-14T09:32:53","modified_gmt":"2025-05-14T01:32:53","slug":"sedimentation-tank","status":"publish","type":"product","link":"https:\/\/www.luckywwtp.com\/es\/producto\/sedimentation-tank\/","title":{"rendered":"Tanque de sedimentaci\u00f3n"},"content":{"rendered":"<p><strong>Visi\u00f3n general:<\/strong> El tanque de sedimentaci\u00f3n de coagulaci\u00f3n magn\u00e9tica es una tecnolog\u00eda de purificaci\u00f3n de agua profunda de precipitaci\u00f3n ultra eficiente mejorada sobre la base del proceso del tanque de sedimentaci\u00f3n de alta eficiencia y su diagrama de flujo de proceso se muestra a continuaci\u00f3n. Introducir part\u00edculas magn\u00e9ticas en el proceso de purificaci\u00f3n de agua del tanque de sedimentaci\u00f3n de floculaci\u00f3n eficiente, combinar contaminantes insolubles como algas, materia suspendida diminuta, coloides, bacterias, etc. en el agua con part\u00edculas de polvo magn\u00e9tico a trav\u00e9s de floculaci\u00f3n, adsorci\u00f3n de atracci\u00f3n, adsorci\u00f3n de carga, puente, atrapamiento neto, etc. (gravedad espec\u00edfica del polvo magn\u00e9tico 5.2) formando un mayor volumen y densidad de floc magn\u00e9tico fortaleciendo el efecto de floculaci\u00f3n. puede capturar los contaminantes con tama\u00f1os de part\u00edcula m\u00e1s peque\u00f1os haciendo que los flocs se asienten r\u00e1pidamente y el efecto de purificaci\u00f3n de agua sea excelente. El efluente es claro y transparente. El lodo en el tanque de sedimentaci\u00f3n se bombea de nuevo al sistema de separaci\u00f3n de lodo de polvo magn\u00e9tico, y el polvo magn\u00e9tico se recicla y se utiliza, y el lodo separado se descarga en el tanque de lodo para el tratamiento de deshidrataci\u00f3n.<\/p>\n<p><img fetchpriority=\"high\" decoding=\"async\" class=\"alignnone size-full wp-image-1802\" src=\"http:\/\/www.luckywwtp.com\/wp-content\/uploads\/2024\/09\/flocculation-sedimentaion-1.jpg\" alt=\"\" width=\"750\" height=\"360\" srcset=\"https:\/\/www.luckywwtp.com\/wp-content\/uploads\/2024\/09\/flocculation-sedimentaion-1.jpg 750w, https:\/\/www.luckywwtp.com\/wp-content\/uploads\/2024\/09\/flocculation-sedimentaion-1-300x144.jpg 300w, https:\/\/www.luckywwtp.com\/wp-content\/uploads\/2024\/09\/flocculation-sedimentaion-1-18x9.jpg 18w\" sizes=\"(max-width: 750px) 100vw, 750px\" \/><\/p>\n<p><strong>Ventaja<\/strong><br \/>\n1\u3001Puede eliminar eficazmente SS, algas, aceite, bacterias, coloides y otros contaminantes no solubles y caus\u00f3 turbidez, DQO, croma y olor (SS&lt;3mg\/L, turbidez &lt;1.0NTU); Se pueden utilizar coagulantes de Fe o AI para eliminar el f\u00f3sforo en profundidad al mismo tiempo (TP&lt;0.05mg\/L); Combinado con pre-oxidaci\u00f3n, el hierro, el manganeso y el ars\u00e9nico se pueden eliminar en profundidad. Cu, Cd, Hg, Pb, Cr, Zn, Mn, Ni y otros iones de metales pesados pueden eliminarse eficazmente a\u00f1adiendo Ca(OH)2 y azufre org\u00e1nico. La adici\u00f3n de precipitados prequ\u00edmicos como el Ca(OH)2 puede ablandar el agua (reducir la dureza\/alcalinidad).<br \/>\n2\u3001Peque\u00f1a huella, efluente estable, cubriendo un \u00e1rea de aproximadamente 1\/8 de la precipitaci\u00f3n de floculaci\u00f3n tradicional, corto tiempo de residencia del sistema(&lt;15~20 minutos).<br \/>\n3\u3001La tasa de recuperaci\u00f3n de polvo magn\u00e9tico es alta (99,9%), y la tasa de p\u00e9rdida de polvo magn\u00e9tico es baja.<br \/>\n4\u3001Bajos costes de explotaci\u00f3n, el uso de la tecnolog\u00eda de floculaci\u00f3n micro magn\u00e9tica, peque\u00f1a dosificaci\u00f3n, y la tasa de reciclaje de polvo magn\u00e9tico es alta, bajos costes de explotaci\u00f3n.<br \/>\n5\u3001F\u00e1cil mantenimiento diario, alto grado de automatizaci\u00f3n, funcionamiento estable y fiable.<\/p>\n<p><img decoding=\"async\" class=\"alignnone wp-image-1275\" src=\"http:\/\/www.luckywwtp.com\/wp-content\/uploads\/2024\/09\/Sedimentation1-scaled-e1743042093636.jpg\" alt=\"\" width=\"746\" height=\"416\" srcset=\"https:\/\/www.luckywwtp.com\/wp-content\/uploads\/2024\/09\/Sedimentation1-scaled-e1743042093636.jpg 1677w, https:\/\/www.luckywwtp.com\/wp-content\/uploads\/2024\/09\/Sedimentation1-scaled-e1743042093636-300x167.jpg 300w, https:\/\/www.luckywwtp.com\/wp-content\/uploads\/2024\/09\/Sedimentation1-scaled-e1743042093636-1024x572.jpg 1024w, https:\/\/www.luckywwtp.com\/wp-content\/uploads\/2024\/09\/Sedimentation1-scaled-e1743042093636-768x429.jpg 768w, https:\/\/www.luckywwtp.com\/wp-content\/uploads\/2024\/09\/Sedimentation1-scaled-e1743042093636-1536x857.jpg 1536w, https:\/\/www.luckywwtp.com\/wp-content\/uploads\/2024\/09\/Sedimentation1-scaled-e1743042093636-18x10.jpg 18w, https:\/\/www.luckywwtp.com\/wp-content\/uploads\/2024\/09\/Sedimentation1-scaled-e1743042093636-1320x737.jpg 1320w, https:\/\/www.luckywwtp.com\/wp-content\/uploads\/2024\/09\/Sedimentation1-scaled-e1743042093636-800x447.jpg 800w\" sizes=\"(max-width: 746px) 100vw, 746px\" \/><\/p>\n<p>A\u00f1adir polvo magn\u00e9tico en la precipitaci\u00f3n de coagulaci\u00f3n. El peque\u00f1o tama\u00f1o del polvo magn\u00e9tico act\u00faa como n\u00facleo cristalino, facilitando la formaci\u00f3n de flores de alumbre. Al mismo tiempo, se greatlyincreases la proporci\u00f3n de flores de alumbre y acelera la velocidad de precipitaci\u00f3n. lt como cloudseeding para aumentar artificialmente la nucleus.The componente de la part\u00edcula magn\u00e9tica a\u00f1adido fue FeSO4. Las mol\u00e9culas se ordenaron para formar im\u00e1n. Las mol\u00e9culas de FeSO4 se desordenaron para formar una part\u00edcula magn\u00e9tica. El polvo magn\u00e9tico en s\u00ed no es magn\u00e9tico, pero puede ser atra\u00eddo por imanes. El polvo magn\u00e9tico tiene las caracter\u00edsticas de alta densidad, estructura estable y reciclabilidad, y sus part\u00edculas son de unas 100 micras.<\/p>\n<p><a href=\"mailto:sales@luckywwtp.com\"><img decoding=\"async\" class=\"wp-image-1887 size-full alignleft\" src=\"http:\/\/www.luckywwtp.com\/wp-content\/uploads\/2024\/12\/get-inquiry-blue.jpg\" alt=\"\" width=\"1000\" height=\"200\" srcset=\"https:\/\/www.luckywwtp.com\/wp-content\/uploads\/2024\/12\/get-inquiry-blue.jpg 1000w, https:\/\/www.luckywwtp.com\/wp-content\/uploads\/2024\/12\/get-inquiry-blue-300x60.jpg 300w, https:\/\/www.luckywwtp.com\/wp-content\/uploads\/2024\/12\/get-inquiry-blue-768x154.jpg 768w, https:\/\/www.luckywwtp.com\/wp-content\/uploads\/2024\/12\/get-inquiry-blue-18x4.jpg 18w, https:\/\/www.luckywwtp.com\/wp-content\/uploads\/2024\/12\/get-inquiry-blue-800x160.jpg 800w\" sizes=\"(max-width: 1000px) 100vw, 1000px\" \/><\/a><\/p>","protected":false},"excerpt":{"rendered":"<p>Overview: Magnetic coagulation sedimentation tank is an ultra-efficient precipitation deep water purification technology upgraded on the basis of high efficiency sedimentation tank process and its process flow chart is shown below. Introduce magnetic particles into the water purification process of efficient flocculation sedimentation tank, combine insoluble pollutants such as algae, tiny suspended matter, colloids, bacteria,&#8230;<\/p>","protected":false},"featured_media":309,"comment_status":"open","ping_status":"closed","template":"","meta":{"_kad_post_transparent":"default","_kad_post_title":"","_kad_post_layout":"default","_kad_post_sidebar_id":"","_kad_post_content_style":"default","_kad_post_vertical_padding":"default","_kad_post_feature":"","_kad_post_feature_position":"","_kad_post_header":false,"_kad_post_footer":false,"_kad_post_classname":""},"product_brand":[],"product_cat":[24,29],"product_tag":[208,206,204,106,207,205],"class_list":{"0":"post-302","1":"product","2":"type-product","3":"status-publish","4":"has-post-thumbnail","6":"product_cat-products","7":"product_cat-waste-water-treatment-products","8":"product_tag-flocculation-sedimentation-tank","9":"product_tag-high-efficiency-sedimentation-tank","10":"product_tag-magnetic-coagulation-sedimentation-tank","11":"product_tag-sedimentation-tank","12":"product_tag-water-purification-process","13":"product_tag-water-purification-technology","15":"first","16":"instock","17":"shipping-taxable","18":"product-type-simple","19":"entry","20":"content-bg","21":"loop-entry"},"_links":{"self":[{"href":"https:\/\/www.luckywwtp.com\/es\/wp-json\/wp\/v2\/product\/302","targetHints":{"allow":["GET"]}}],"collection":[{"href":"https:\/\/www.luckywwtp.com\/es\/wp-json\/wp\/v2\/product"}],"about":[{"href":"https:\/\/www.luckywwtp.com\/es\/wp-json\/wp\/v2\/types\/product"}],"replies":[{"embeddable":true,"href":"https:\/\/www.luckywwtp.com\/es\/wp-json\/wp\/v2\/comments?post=302"}],"wp:featuredmedia":[{"embeddable":true,"href":"https:\/\/www.luckywwtp.com\/es\/wp-json\/wp\/v2\/media\/309"}],"wp:attachment":[{"href":"https:\/\/www.luckywwtp.com\/es\/wp-json\/wp\/v2\/media?parent=302"}],"wp:term":[{"taxonomy":"product_brand","embeddable":true,"href":"https:\/\/www.luckywwtp.com\/es\/wp-json\/wp\/v2\/product_brand?post=302"},{"taxonomy":"product_cat","embeddable":true,"href":"https:\/\/www.luckywwtp.com\/es\/wp-json\/wp\/v2\/product_cat?post=302"},{"taxonomy":"product_tag","embeddable":true,"href":"https:\/\/www.luckywwtp.com\/es\/wp-json\/wp\/v2\/product_tag?post=302"}],"curies":[{"name":"wp","href":"https:\/\/api.w.org\/{rel}","templated":true}]}}