{"id":1601,"date":"2024-12-04T14:52:07","date_gmt":"2024-12-04T06:52:07","guid":{"rendered":"https:\/\/www.luckywwtp.com\/?post_type=product&#038;p=1601"},"modified":"2025-05-13T17:18:14","modified_gmt":"2025-05-13T09:18:14","slug":"sludge-scraper","status":"publish","type":"product","link":"https:\/\/www.luckywwtp.com\/es\/producto\/sludge-scraper\/","title":{"rendered":"Rascador de lodos"},"content":{"rendered":"<p>Resumen:El rascador de lodo es una m\u00e1quina que limpia el lodo del r\u00edo, que se utiliza en la planta de tratamiento de aguas residuales urbanas, obras hidr\u00e1ulicas, y el tanque de sedimentaci\u00f3n circular de gran di\u00e1metro en el tratamiento de aguas residuales industriales, para eliminar el lodo que se asienta en el fondo de la piscina y desnatar la escoria en la superficie de la piscina.<\/p>\n<p><strong>Componentes<\/strong><\/p>\n<p>El rascador de lodo se compone de un dispositivo de accionamiento, un puente de trabajo, un rascador de lodo principal, un rascador de lodo auxiliar, una plataforma giratoria central, un dispositivo de desnatado, una placa de vertedero de desbordamiento y una placa deflectora de escoria, y un colector el\u00e9ctrico. Para el tanque de sedimentaci\u00f3n de entrada central y salida perif\u00e9rica, generalmente es necesario establecer un cilindro de gu\u00eda de flujo para lograr los mejores efectos en la precipitaci\u00f3n y la descarga de lodos .<\/p>\n<p><strong>Caracter\u00edsticas del equipo<\/strong><\/p>\n<p>1. El rascador de lodo adopta la forma de curva espiral logar\u00edtmica, y camina a lo largo del fondo de la piscina con el apoyo de ruedas de goma, que tiene buen efecto de rascado de lodo, bajos requisitos para el fondo de la piscina y buena adaptabilidad;<br \/>\n2, Adem\u00e1s del dispositivo principal de raspado de lodo, tambi\u00e9n hay un dispositivo auxiliar \u00fanico de raspado de lodo instalado, que permite que el raspado de lodo de medio puente pueda desempe\u00f1ar el papel de la m\u00e1quina de raspado de lodo de puente completo;<br \/>\n3, El piso del puente se coloca con placa de rejilla de acero, que tiene alta resistencia, peso ligero y bajo consumo de energ\u00eda;<br \/>\n4, La rueda motriz es una rueda de caucho macizo que no necesita carril, tiene una estructura sencilla y es f\u00e1cil de instalar;<br \/>\n5, Las partes sumergidas son de acero inoxidable, mientras que las partes sobre el agua son de acero al carbono y galvanizadas en caliente, con buena resistencia a la corrosi\u00f3n y larga vida \u00fatil.<a href=\"mailto:sales@luckywwtp.com\"><img fetchpriority=\"high\" decoding=\"async\" class=\"alignnone wp-image-1887 size-full\" src=\"http:\/\/www.luckywwtp.com\/wp-content\/uploads\/2024\/12\/get-inquiry-blue.jpg\" alt=\"\" width=\"1000\" height=\"200\" srcset=\"https:\/\/www.luckywwtp.com\/wp-content\/uploads\/2024\/12\/get-inquiry-blue.jpg 1000w, https:\/\/www.luckywwtp.com\/wp-content\/uploads\/2024\/12\/get-inquiry-blue-300x60.jpg 300w, https:\/\/www.luckywwtp.com\/wp-content\/uploads\/2024\/12\/get-inquiry-blue-768x154.jpg 768w, https:\/\/www.luckywwtp.com\/wp-content\/uploads\/2024\/12\/get-inquiry-blue-18x4.jpg 18w, https:\/\/www.luckywwtp.com\/wp-content\/uploads\/2024\/12\/get-inquiry-blue-800x160.jpg 800w\" sizes=\"(max-width: 1000px) 100vw, 1000px\" \/><\/a><\/p>\n<p><!--more--><\/p>\n<p><strong>\u00bfC\u00f3mo funciona un rascador de barro?<\/strong><br \/>\nEl dispositivo de accionamiento acciona el rascador de lodo para que gire alrededor del centro del tanque de sedimentaci\u00f3n. Despu\u00e9s de que el agua bruta se asiente en el tanque de sedimentaci\u00f3n, el sobrenadante se descarga por la placa vertedera de desbordamiento. El lodo sedimentado en el fondo del tanque es conducido lentamente por el rascador curvado en espiral logar\u00edtmica. La tierra fluye por el fondo de la balsa hasta el tanque central de recogida de lodos y se descarga a trav\u00e9s de la tuber\u00eda de descarga de lodos. Al mismo tiempo, la escoria de la superficie de la piscina se concentra en la zona situada entre el rascador de escoria y el deflector de escoria. Cuando el puente de trabajo pasa a trav\u00e9s del tubo de descarga de escoria flotando en la superficie de la piscina, el tubo de descarga de escoria es presionado bajo la superficie del l\u00edquido, y la escoria pasa a trav\u00e9s del tubo de descarga es descargada fuera de la piscina.<\/p>\n<p><strong>\u00bfQu\u00e9 tipos de rascadores de barro existen?<\/strong><br \/>\nClasificaci\u00f3n: Los rascadores incluyen principalmente rascadores de accionamiento perif\u00e9rico y rascadores concentrados de accionamiento central.<br \/>\nEl rascador de lodos de accionamiento perif\u00e9rico es un equipo de descarga de lodos para el sistema de tratamiento de lodos. Componentes: El rascador se compone de un dispositivo de accionamiento, un puente de trabajo, un dispositivo de rascador principal, un dispositivo de rascador auxiliar, una plataforma giratoria central, un dispositivo de desnatado, una placa de vertedero de desbordamiento y una placa de retenci\u00f3n de escoria, y un dispositivo de recogida de energ\u00eda. Para los tanques de sedimentaci\u00f3n de entrada central y salida perif\u00e9rica, generalmente es necesario establecer tubos de desviaci\u00f3n para lograr mejores efectos de sedimentaci\u00f3n y descarga de lodos.<\/p>\n<p>El rascador de lodos espesantes de accionamiento central consta principalmente de un dispositivo de desbordamiento, vigas y barras, tuber\u00edas de entrada, dispositivos de transmisi\u00f3n, cajas el\u00e9ctricas, cilindros estabilizadores de flujo, ejes principales, placas rascadoras de escoria, dispositivos rascadores, cojinetes subacu\u00e1ticos, rascadores peque\u00f1os y tolvas de escoria. El rascador de lodos concentrados de accionamiento central. El rascador de lodo concentrado de accionamiento central puede separar a\u00fan m\u00e1s la humedad libre en el lodo en el tanque de concentraci\u00f3n para reducir el volumen de lodo, aumentar la concentraci\u00f3n de lodo y descargar el lodo concentrado fuera del tanque.<\/p>\n<p><strong>\u00bfPara qu\u00e9 sirve un rascador de barro?<\/strong><br \/>\nLos rascadores de lodos se utilizan principalmente en tanques de sedimentaci\u00f3n circulares de gran di\u00e1metro en plantas de tratamiento de aguas residuales urbanas, plantas de agua y tratamiento de aguas residuales industriales para eliminar los lodos sedimentados en el fondo del tanque y esparcir la espuma en la superficie del tanque.<\/p>\n<p><strong>\u00bfCu\u00e1l es la composici\u00f3n del rascador de barro?<\/strong><br \/>\nEl rascador de lodo consta principalmente de las siguientes partes:<br \/>\n1. Dispositivo de accionamiento: El dispositivo de accionamiento es el componente central del rascador de lodo. El trigo negativo impulsa el rascador de lodo para girar alrededor del centro del tanque de sedimentaci\u00f3n. Por lo general, utiliza un reductor de molinete cicloidal para impulsar el cojinete giratorio de engranaje interno para girar, impulsando as\u00ed otros componentes para operar.<br \/>\n2. Puente de trabajo: El puente de trabajo es la estructura principal del rascador de lodo. Suele estar hecho de perfiles de acero al carbono y placas de acero al carbono soldadas en una estructura de celos\u00eda. La cubierta del puente est\u00e1 pavimentada con rejillas de acero o placas de acero al carbono. Tiene alta resistencia, peso ligero y bajo consumo de energ\u00eda.<br \/>\n3. Dispositivo rascador principal: El dispositivo rascador principal incluye un rascador y un braguero. El rascador tiene forma de \"?\" y est\u00e1 dispuesto sim\u00e9tricamente en el borde inferior del braguero en forma de curva logar\u00edtmica en espiral, que puede rascar eficazmente el lodo del fondo de la piscina.<br \/>\n4. Dispositivo rascador de lodo auxiliar: El rascador de lodo auxiliar se utiliza para mejorar el efecto del rascador de lodo. Por lo general, se instala adem\u00e1s del dispositivo rascador de lodo principal, lo que puede mejorar a\u00fan m\u00e1s el rendimiento general del rascador de lodo.<br \/>\n5. Plataforma giratoria central: La plataforma giratoria central es el componente central del rascador de lodo. Est\u00e1 conectada al soporte de salida del dispositivo de accionamiento a trav\u00e9s de pernos para garantizar el funcionamiento estable del rascador de lodo.<br \/>\n6. Desnatador: La espumadera se utiliza para raspar la espuma de la superficie del agua y descargarla fuera de la piscina a trav\u00e9s del tubo de descarga de espuma.<br \/>\n7. Placa de rebose: La placa de vertedero de desbordamiento se utiliza para controlar la descarga del l\u00edquido sobrenadante y garantizar que el l\u00edquido sobrenadante precipitado pueda descargarse sin problemas.<br \/>\n8. Dispositivo de recogida de energ\u00eda: El dispositivo colector de energ\u00eda se utiliza para recoger y transmitir energ\u00eda el\u00e9ctrica para garantizar el funcionamiento normal del rascador de lodo.<br \/>\n9. 9. Dispositivo de ajuste del caudal: El dispositivo de ajuste de flujo se utiliza para ajustar el volumen de descarga de lodo de acuerdo con los requisitos reales del proceso para garantizar un funcionamiento estable del sistema.<br \/>\nEstos componentes trabajan juntos para permitir que el rascador de lodos desempe\u00f1e un papel importante en el tratamiento de aguas residuales, rascando y descargando eficazmente los lodos y los sedimentos del fondo del tanque de sedimentaci\u00f3n.<\/p>\n<p><strong>\u00bfCu\u00e1les son las caracter\u00edsticas de un rascador de lodos?<\/strong><br \/>\nLas principales caracter\u00edsticas del rascador de lodo son su gran eficacia, estabilidad, adaptabilidad, seguridad y fiabilidad, as\u00ed como su resistencia a la corrosi\u00f3n y su larga vida \u00fatil.<br \/>\n1. Eficaz: El rascador de lodos puede rascar los lodos de forma continua y autom\u00e1tica, mejorando en gran medida la eficiencia del tratamiento de lodos.<br \/>\n2. 2. Estable: El raspador de lodo tiene un dise\u00f1o razonable y un funcionamiento estable, lo que puede garantizar el raspado eficaz del lodo.<br \/>\n3. Gran adaptabilidad: El rascador de lodo es adecuado para tanques de sedimentaci\u00f3n de varios tama\u00f1os. Ya se trate de un tanque de sedimentaci\u00f3n peque\u00f1o o grande, puede encontrar un modelo de rascador de lodo adecuado.<br \/>\n4. Seguro y fiable: La parte de transmisi\u00f3n adopta una doble protecci\u00f3n contra sobrecarga el\u00e9ctrica y mec\u00e1nica para garantizar un funcionamiento seguro y fiable. 25. 25. Resistencia a la corrosi\u00f3n y larga vida \u00fatil: Las partes sumergidas est\u00e1n hechas de acero inoxidable, y las partes sobre el agua est\u00e1n hechas de acero al carbono y galvanizadas en caliente, que es resistente a la corrosi\u00f3n. 26. Buen rendimiento y larga vida \u00fatil.<\/p>\n<p>&nbsp;<\/p>","protected":false},"excerpt":{"rendered":"<p>Overview:Mud scraper is a machine that cleans the silt out of the river, which is used in the urban sewage treatment plant, waterworks, and the circular sedimentation tank with large diameter in the industrial wastewater treatment, to remove the sludge settling at the bottom of the pool and skim the scum on the pool surface&#8230;.<\/p>","protected":false},"featured_media":1603,"comment_status":"open","ping_status":"closed","template":"","meta":{"_kad_post_transparent":"default","_kad_post_title":"","_kad_post_layout":"default","_kad_post_sidebar_id":"","_kad_post_content_style":"default","_kad_post_vertical_padding":"default","_kad_post_feature":"","_kad_post_feature_position":"","_kad_post_header":false,"_kad_post_footer":false,"_kad_post_classname":""},"product_brand":[],"product_cat":[24,28],"product_tag":[132,209,106,114,111,210,361,211,212],"class_list":{"0":"post-1601","1":"product","2":"type-product","3":"status-publish","4":"has-post-thumbnail","6":"product_cat-products","7":"product_cat-solid-waste-treatment","8":"product_tag-industrial-wastewater-treatment","9":"product_tag-mud-scraper","10":"product_tag-sedimentation-tank","11":"product_tag-sewage-treatment-plant","12":"product_tag-sewage-treatment-plants","13":"product_tag-sludge-scraper","14":"product_tag-sludge-setting-pool","15":"product_tag-sludge-treatment-system","16":"product_tag-water-plants","18":"first","19":"instock","20":"shipping-taxable","21":"product-type-simple","22":"entry","23":"content-bg","24":"loop-entry"},"_links":{"self":[{"href":"https:\/\/www.luckywwtp.com\/es\/wp-json\/wp\/v2\/product\/1601","targetHints":{"allow":["GET"]}}],"collection":[{"href":"https:\/\/www.luckywwtp.com\/es\/wp-json\/wp\/v2\/product"}],"about":[{"href":"https:\/\/www.luckywwtp.com\/es\/wp-json\/wp\/v2\/types\/product"}],"replies":[{"embeddable":true,"href":"https:\/\/www.luckywwtp.com\/es\/wp-json\/wp\/v2\/comments?post=1601"}],"wp:featuredmedia":[{"embeddable":true,"href":"https:\/\/www.luckywwtp.com\/es\/wp-json\/wp\/v2\/media\/1603"}],"wp:attachment":[{"href":"https:\/\/www.luckywwtp.com\/es\/wp-json\/wp\/v2\/media?parent=1601"}],"wp:term":[{"taxonomy":"product_brand","embeddable":true,"href":"https:\/\/www.luckywwtp.com\/es\/wp-json\/wp\/v2\/product_brand?post=1601"},{"taxonomy":"product_cat","embeddable":true,"href":"https:\/\/www.luckywwtp.com\/es\/wp-json\/wp\/v2\/product_cat?post=1601"},{"taxonomy":"product_tag","embeddable":true,"href":"https:\/\/www.luckywwtp.com\/es\/wp-json\/wp\/v2\/product_tag?post=1601"}],"curies":[{"name":"wp","href":"https:\/\/api.w.org\/{rel}","templated":true}]}}