{"id":1599,"date":"2024-12-04T14:45:03","date_gmt":"2024-12-04T06:45:03","guid":{"rendered":"https:\/\/www.luckywwtp.com\/?post_type=product&#038;p=1599"},"modified":"2025-05-14T09:12:09","modified_gmt":"2025-05-14T01:12:09","slug":"sedimentation-tank-2","status":"publish","type":"product","link":"https:\/\/www.luckywwtp.com\/es\/producto\/sedimentation-tank-2\/","title":{"rendered":"Tanque de sedimentaci\u00f3n de alta eficacia"},"content":{"rendered":"<p><strong>Visi\u00f3n general:<\/strong> El tanque de sedimentaci\u00f3n de alta eficiencia es un nuevo proceso de tratamiento de aguas residuales compacto, eficiente y flexible, que puede ser ampliamente utilizado en diversos campos, y puede ser utilizado para tratar aguas residuales industriales y dom\u00e9sticas, agua potable, agua de lluvia y aguas residuales terciarias. El tanque de sedimentaci\u00f3n de alta densidad es una tecnolog\u00eda avanzada de clarificaci\u00f3n patentada y desarrollada por la empresa francesa Deliman. Esta tecnolog\u00eda se utiliza ampliamente en la producci\u00f3n de agua potable, el tratamiento de aguas residuales, el tratamiento de aguas residuales industriales y la eliminaci\u00f3n de lodos. La tecnolog\u00eda principal es la de floculaci\u00f3n del portador, que es una tecnolog\u00eda de precipitaci\u00f3n r\u00e1pida caracterizada por la adici\u00f3n de part\u00edculas de medio disuelto de alta densidad (como arena fina) en la etapa de coagulaci\u00f3n, utilizando el asentamiento por gravedad del medio y la adsorci\u00f3n del portador para acelerar el \"crecimiento\" y la precipitaci\u00f3n de los fl\u00f3culos.<\/p>\n<p><strong>Clasificaci\u00f3n principal<br \/>\n<\/strong><strong>Tanque de sedimentaci\u00f3n de alta densidad tipo RL<\/strong><br \/>\nEs el tanque de clarificaci\u00f3n de alta densidad m\u00e1s utilizado (adoptado por 95% de proyectos). En este tipo de tanque de clarificaci\u00f3n de alta densidad, la mezcla de cemento fluye hacia la parte inferior del tubo inclinado del tanque de sedimentaci\u00f3n, y el lodo se separa del agua en la zona de sedimentaci\u00f3n bajo el tubo inclinado. La sedimentaci\u00f3n en este momento es una sedimentaci\u00f3n de obstrucci\u00f3n, y los fl\u00f3culos restantes quedan atrapados por el tubo inclinado. La separaci\u00f3n se lleva a cabo seg\u00fan el mecanismo del tanque de sedimentaci\u00f3n del tubo inclinado. Por lo tanto, todo el proceso de precipitaci\u00f3n en la misma estructura se lleva a cabo en dos etapas: precipitaci\u00f3n profunda por obstrucci\u00f3n y precipitaci\u00f3n superficial por tubo inclinado. La obstaculizaci\u00f3n del proceso de separaci\u00f3n del \u00e1rea de sedimentaci\u00f3n es la base del c\u00e1lculo de las dimensiones geom\u00e9tricas del tanque de sedimentaci\u00f3n.<\/p>\n<p><strong>Tanque de limpieza de entrada de gran escala tipo RP<\/strong><br \/>\nCuando las normas de vertido de efluentes y aguas residuales no son muy estrictas, es mejor utilizar dicho tanque clarificador de alta densidad, que puede instalarse sin tuber\u00edas inclinadas. El clarificador se utiliza raramente (s\u00f3lo para la concentraci\u00f3n de sobrenadante descargado de aguas residuales de lavado de filtro, requisitos especiales de concentraci\u00f3n).<\/p>\n<p><strong>Clarificador de alta densidad tipo RPL<\/strong><br \/>\nEste tipo de clarificador de alta densidad s\u00f3lo se utiliza cuando es necesario almacenar los lodos de forma centralizada y no se produce ninguna reacci\u00f3n al tratamiento. Por lo tanto, su aplicaci\u00f3n se limita a procesos de eliminaci\u00f3n de carbono (agua no potable) y procesos especiales de precipitaci\u00f3n en el tratamiento de aguas residuales industriales.<\/p>\n<p><a href=\"mailto:sales@luckywwtp.com\"><img fetchpriority=\"high\" decoding=\"async\" class=\"alignnone wp-image-1887 size-full\" src=\"http:\/\/www.luckywwtp.com\/wp-content\/uploads\/2024\/12\/get-inquiry-blue.jpg\" alt=\"\" width=\"1000\" height=\"200\" srcset=\"https:\/\/www.luckywwtp.com\/wp-content\/uploads\/2024\/12\/get-inquiry-blue.jpg 1000w, https:\/\/www.luckywwtp.com\/wp-content\/uploads\/2024\/12\/get-inquiry-blue-300x60.jpg 300w, https:\/\/www.luckywwtp.com\/wp-content\/uploads\/2024\/12\/get-inquiry-blue-768x154.jpg 768w, https:\/\/www.luckywwtp.com\/wp-content\/uploads\/2024\/12\/get-inquiry-blue-18x4.jpg 18w, https:\/\/www.luckywwtp.com\/wp-content\/uploads\/2024\/12\/get-inquiry-blue-800x160.jpg 800w\" sizes=\"(max-width: 1000px) 100vw, 1000px\" \/><\/a><\/p>\n<p><strong>\u00bfC\u00f3mo funciona el tanque de sedimentaci\u00f3n de microarena?<\/strong><\/p>\n<p>El principio de funcionamiento del tanque de sedimentaci\u00f3n de microarena se basa principalmente en el efecto de lastre y la reacci\u00f3n de floculaci\u00f3n de la microarena. En la etapa de coagulaci\u00f3n, se a\u00f1aden part\u00edculas de medio insoluble de alta densidad - microarena - a las aguas residuales, y se a\u00f1aden al mismo tiempo coagulante y floculante polim\u00e9rico. La microarena y los s\u00f3lidos en suspensi\u00f3n de las aguas residuales se combinan estrechamente bajo la acci\u00f3n de los floculantes polim\u00e9ricos para formar fl\u00f3culos grandes y densos. Debido al aumento de densidad, estos fl\u00f3culos con microarena pueden depositarse r\u00e1pidamente en el fondo de la piscina, consiguiendo as\u00ed la separaci\u00f3n s\u00f3lido-l\u00edquido.<\/p>\n<p>&nbsp;<\/p>\n<p><strong>\u00bfDe qu\u00e9 partes consta un dep\u00f3sito de sedimentaci\u00f3n de microarena?<\/strong><\/p>\n<ol>\n<li>Tanque de coagulaci\u00f3n: Despu\u00e9s de inyectar coagulante en el agua bruta, \u00e9sta entra en el equipo de tratamiento de agua r\u00e1pido sumergible de medio pesado. Tras una agitaci\u00f3n y mezcla r\u00e1pidas, los coloides del agua bruta se desestabilizan y forman microfl\u00f3culos precipitables.<\/li>\n<li>Tanque de floculaci\u00f3n: A\u00f1ada un pol\u00edmero coagulante al tanque de floculaci\u00f3n, m\u00e9zclelo bien con el agua bruta coagulada y a\u00f1ada al mismo tiempo una cantidad adecuada de medio pesado para formar un fl\u00f3culo grande y denso.<\/li>\n<li>Tanque de sedimentaci\u00f3n: La microarena y el fl\u00f3culo se combinan completamente bajo la acci\u00f3n del fl\u00f3culo polim\u00e9rico y el coagulante y, a continuaci\u00f3n, entran en el tanque de sedimentaci\u00f3n para la separaci\u00f3n de lodo y agua. El sobrenadante rebosa al tanque de recogida de agua a trav\u00e9s del tubo inclinado situado en la parte superior, mientras que el lodo se hunde hasta el fondo del tanque y entra en la tolva central de lodo a trav\u00e9s del rascador de lodo.<\/li>\n<li>Zona de almacenamiento de lodos: El lodo se hunde en el fondo del tanque y entra en la tolva de lodo central a trav\u00e9s de un rascador de lodo. El \u00e1rea de almacenamiento de lodos se utiliza para almacenar los lodos precipitados y desempe\u00f1a la funci\u00f3n de almacenamiento, concentraci\u00f3n y descarga.<\/li>\n<li>Sistema de circulaci\u00f3n de microarena: El lodo floculado y coagulado que contiene una gran cantidad de microarena entra en el hidrocicl\u00f3n a trav\u00e9s del sistema de retorno para la separaci\u00f3n del lodo y la arena, y la microarena vuelve al sistema. El lodo se descarga fuera del sistema a trav\u00e9s del tubo de rebose superior del hidrocicl\u00f3n. Entra en el tanque de concentraci\u00f3n de lodos.<\/li>\n<\/ol>\n<p>&nbsp;<\/p>\n<p><strong>\u00bfCu\u00e1les son los procesos tecnol\u00f3gicos del tanque de sedimentaci\u00f3n de microarena?<\/strong><br \/>\nEl flujo del proceso se divide en cinco etapas: mezcla, llenado, maduraci\u00f3n de fl\u00f3culos, sedimentaci\u00f3n a alta velocidad y retorno de lodos.<br \/>\n(1) Mezcla<br \/>\nAntes de que el agua bruta entre en el tanque de coagulaci\u00f3n, se a\u00f1ade sal de aluminio o coagulante de sal de hierro, y entra en el tanque de mezcla para agitar y mezclar r\u00e1pidamente para desestabilizar los s\u00f3lidos en suspensi\u00f3n y las part\u00edculas coloidales. El tiempo de permanencia es de 1 a 2 minutos.<br \/>\n(2) Floculaci\u00f3n<br \/>\nPonga microarena y PAM con un tama\u00f1o de part\u00edcula de 60~140um en el tanque de llenado. La microarena proporciona el n\u00facleo para la reacci\u00f3n de floculaci\u00f3n. Mediante la adsorci\u00f3n y el efecto puente de la PAM, se acelera la aglomeraci\u00f3n entre los fl\u00f3culos, los s\u00f3lidos en suspensi\u00f3n y la microarena. De este modo, se forman fl\u00f3culos de alta densidad. El tiempo de residencia es de aproximadamente 1~2min.<br \/>\n(3) Maduraci\u00f3n de los fl\u00f3culos<br \/>\nEl fl\u00f3culo entra en el tanque de maduraci\u00f3n de fl\u00f3culos. El objetivo de la etapa de maduraci\u00f3n es formar fl\u00f3culos m\u00e1s grandes para facilitar una separaci\u00f3n r\u00e1pida en el tanque de sedimentaci\u00f3n posterior. Durante la etapa de maduraci\u00f3n, se reduce la intensidad de agitaci\u00f3n, lo que puede evitar que se destruya el fl\u00f3culo, manteniendo al mismo tiempo el estado de suspensi\u00f3n del fl\u00f3culo. El tiempo de permanencia es de unos 4 a 6 minutos.<br \/>\n(4) Precipitaciones de alta velocidad<br \/>\nEl flujo de agua entra en el tanque de sedimentaci\u00f3n de tubo inclinado de flujo ascendente (placa), y los s\u00f3lidos en suspensi\u00f3n y los coloides se separan mediante sedimentaci\u00f3n. La velocidad de separaci\u00f3n en la zona de sedimentaci\u00f3n puede alcanzar 30~40m\/h. El \u00e1rea de sedimentaci\u00f3n requerida es 1\/4 de la del tanque de sedimentaci\u00f3n de tubo inclinado tradicional.<br \/>\n(5) Sistema de circulaci\u00f3n de microarena<br \/>\nLa arena fina y los lodos del fondo del tanque de sedimentaci\u00f3n son bombeados por la bomba de circulaci\u00f3n de lodos al separador cicl\u00f3nico hidr\u00e1ulico de lodos y arenas. El lodo y la arena se separan por centrifugaci\u00f3n en el hidrocicl\u00f3n. El lodo se descarga por la parte superior del cicl\u00f3n y entra en el sistema de tratamiento de lodos. La arena vuelve a entrar en el tanque de floculaci\u00f3n desde la parte inferior del cicl\u00f3n para ser reciclada. El caudal de retorno de arena fina y lodos depende de la calidad del agua entrante, y generalmente se controla entre 3% y 6%. Cuando aumente la turbidez del agua entrante, el caudal de retorno aumentar\u00e1 en consecuencia. La cantidad de arena fina perdida por el desbordamiento del hidrocicl\u00f3n no excede de 2g\/m3, generalmente por debajo de 1g\/m3, y la parte perdida normalmente necesita ser repuesta regularmente.<\/p>\n<p><strong>\u00bfEn qu\u00e9 industrias pueden utilizarse los decantadores de microarena?<\/strong><br \/>\nLos tanques de sedimentaci\u00f3n de microarena se utilizan ampliamente en el tratamiento de aguas residuales urbanas, el tratamiento de aguas residuales industriales, el suministro de aguas superficiales y otros campos. Es especialmente adecuado para tratar fuentes de agua dif\u00edciles, como aguas de baja temperatura, baja turbidez, agua de alto color, etc. Al mismo tiempo, tambi\u00e9n puede utilizarse en proyectos de protecci\u00f3n medioambiental, como el tratamiento de aguas pluviales y la gesti\u00f3n de r\u00edos.<\/p>\n<p><strong>\u00bfCu\u00e1les son las caracter\u00edsticas de la cuba de decantaci\u00f3n de microarena?<\/strong><br \/>\n1. 1. Sedimentaci\u00f3n eficiente: Debido a la adici\u00f3n de microarena, la densidad y la velocidad de sedimentaci\u00f3n del fl\u00f3culo se incrementan, haciendo que el proceso de sedimentaci\u00f3n sea m\u00e1s eficiente. Generalmente, la velocidad de sedimentaci\u00f3n de los tanques de sedimentaci\u00f3n de microarena puede alcanzar decenas de metros por hora, que es mucho mayor que la de los tanques de sedimentaci\u00f3n tradicionales. 2. Ocupa poco espacio: Debido a la r\u00e1pida velocidad de sedimentaci\u00f3n, los tanques de sedimentaci\u00f3n de microarena pueden lograr un tratamiento eficiente de las aguas residuales en un espacio m\u00e1s peque\u00f1o. Esto es especialmente beneficioso para las zonas con recursos de tierra limitados.<br \/>\n2. Buen efecto de tratamiento: El tanque de sedimentaci\u00f3n de microarena puede eliminar eficazmente los s\u00f3lidos en suspensi\u00f3n, las sustancias coloidales, las algas, el color, los metales pesados y otros contaminantes de las aguas residuales, y mejorar la calidad del agua efluente.<br \/>\n3. Gran adaptabilidad: Los tanques de sedimentaci\u00f3n de microarena son adecuados para diversos tipos de tratamiento de la calidad del agua, incluidas las fuentes de agua que son dif\u00edciles de tratar, tales como alta turbidez, baja temperatura y baja turbidez, y alto color.<br \/>\n4. 4. Circulaci\u00f3n de microarena: Despu\u00e9s de la sedimentaci\u00f3n, el lodo que contiene microarena puede volver a entrar en el proceso de tratamiento a trav\u00e9s del sistema de retorno, realizando el reciclaje de microarena y reduciendo los costes de funcionamiento.<\/p>","protected":false},"excerpt":{"rendered":"<p>Overview: High efficiency sedimentation tank is a compact, efficient and flexible new sewage treatment process, which can be widely used in various fields, and can be used to treat industrial and domestic sewage, drinking water, rainwater and tertiary wastewater. High density sedimentation tank is an advanced patent clarification technology developed by the French Deliman company&#8230;.<\/p>","protected":false},"featured_media":1600,"comment_status":"open","ping_status":"closed","template":"","meta":{"_kad_post_transparent":"default","_kad_post_title":"","_kad_post_layout":"default","_kad_post_sidebar_id":"","_kad_post_content_style":"default","_kad_post_vertical_padding":"default","_kad_post_feature":"","_kad_post_feature_position":"","_kad_post_header":false,"_kad_post_footer":false,"_kad_post_classname":""},"product_brand":[],"product_cat":[24,29],"product_tag":[104,105,107,103,106],"class_list":{"0":"post-1599","1":"product","2":"type-product","3":"status-publish","4":"has-post-thumbnail","6":"product_cat-products","7":"product_cat-waste-water-treatment-products","8":"product_tag-coagulation-tank","9":"product_tag-flocculation-tank","10":"product_tag-microsand-settling-tanks","11":"product_tag-sand-sedimentation-tank","12":"product_tag-sedimentation-tank","14":"first","15":"instock","16":"shipping-taxable","17":"product-type-simple","18":"entry","19":"content-bg","20":"loop-entry"},"_links":{"self":[{"href":"https:\/\/www.luckywwtp.com\/es\/wp-json\/wp\/v2\/product\/1599","targetHints":{"allow":["GET"]}}],"collection":[{"href":"https:\/\/www.luckywwtp.com\/es\/wp-json\/wp\/v2\/product"}],"about":[{"href":"https:\/\/www.luckywwtp.com\/es\/wp-json\/wp\/v2\/types\/product"}],"replies":[{"embeddable":true,"href":"https:\/\/www.luckywwtp.com\/es\/wp-json\/wp\/v2\/comments?post=1599"}],"wp:featuredmedia":[{"embeddable":true,"href":"https:\/\/www.luckywwtp.com\/es\/wp-json\/wp\/v2\/media\/1600"}],"wp:attachment":[{"href":"https:\/\/www.luckywwtp.com\/es\/wp-json\/wp\/v2\/media?parent=1599"}],"wp:term":[{"taxonomy":"product_brand","embeddable":true,"href":"https:\/\/www.luckywwtp.com\/es\/wp-json\/wp\/v2\/product_brand?post=1599"},{"taxonomy":"product_cat","embeddable":true,"href":"https:\/\/www.luckywwtp.com\/es\/wp-json\/wp\/v2\/product_cat?post=1599"},{"taxonomy":"product_tag","embeddable":true,"href":"https:\/\/www.luckywwtp.com\/es\/wp-json\/wp\/v2\/product_tag?post=1599"}],"curies":[{"name":"wp","href":"https:\/\/api.w.org\/{rel}","templated":true}]}}