{"id":1596,"date":"2024-12-04T14:42:04","date_gmt":"2024-12-04T06:42:04","guid":{"rendered":"https:\/\/www.luckywwtp.com\/?post_type=product&#038;p=1596"},"modified":"2025-05-14T09:17:12","modified_gmt":"2025-05-14T01:17:12","slug":"screen","status":"publish","type":"product","link":"https:\/\/www.luckywwtp.com\/es\/producto\/screen\/","title":{"rendered":"Pantalla"},"content":{"rendered":"<p>El tamiz es el equipo auxiliar m\u00e1s importante de la estaci\u00f3n de bombeo de aguas residuales. El tamiz consiste generalmente en un conjunto de barras paralelas y se coloca oblicuamente a la entrada del dep\u00f3sito de recogida de agua de la estaci\u00f3n de bombeo. Su \u00e1ngulo de inclinaci\u00f3n es de 60\u00b0~80\u00b0. Detr\u00e1s de la rejilla debe colocarse un banco de trabajo que, por lo general, debe estar 0,5 m por encima del nivel m\u00e1s alto del agua aguas arriba de la rejilla. Para las rejillas manuales de limpieza de escoria, la longitud del banco de trabajo a lo largo de la direcci\u00f3n del flujo de agua no es inferior a 1,2 m. Para las rejillas de limpieza mec\u00e1nica de escorias, la longitud no es inferior a 1,5 m, y la anchura de los pasillos a ambos lados no es inferior a 0,7 m.<\/p>\n<p><strong>Clasificaci\u00f3n de la pantalla<\/strong><br \/>\n1. La placa de rejilla de 25 mm de espesor tiene una capacidad de carga media y s\u00f3lo es adecuada para que las personas caminen. Se utiliza a menudo como pasarelas de rejilla de fibra de vidrio, suelos, estanter\u00edas de carga, etc. en f\u00e1bricas de galvanoplastia y f\u00e1bricas de equipos.<br \/>\n2. La placa de cribado de 38mm de espesor tiene una fuerte capacidad de carga y se utiliza a menudo como una placa de carga de veh\u00edculos, una plataforma para el funcionamiento de la m\u00e1quina, y una placa de drenaje en lavaderos de coches, plantas de tratamiento de aguas residuales (STP), plantas qu\u00edmicas, etc.<br \/>\n3. La placa de cribado de 50mm de espesor ha aumentado gradualmente la capacidad de carga y es ampliamente utilizada en proyectos de construcci\u00f3n a gran escala, proyectos de ingenier\u00eda qu\u00edmica, exploraci\u00f3n de petr\u00f3leo en alta mar y otros lugares.<\/p>\n<p><strong>Aplicaci\u00f3n<\/strong><br \/>\n1. Tratamiento de aguas residuales: estaci\u00f3n depuradora de aguas residuales (EDAR), depuradora de aguas residuales (EDAR), taller de tratamiento de aguas.<br \/>\n2. Tratamiento de aguas: Pasarelas de mantenimiento, cubiertas de zanjas, grandes contenedores, limpiadores, bebederos, colgadores de piscinas de tratamiento bioqu\u00edmico del agua, ventanas de ventilaci\u00f3n, escaleras, pavimentaci\u00f3n de mostradores de operaci\u00f3n de torres de refrigeraci\u00f3n.<br \/>\n3. Plantas qu\u00edmicas: plantas qu\u00edmicas, plataformas de operaciones qu\u00edmicas, plantas de \u00e1cidos y \u00e1lcalis, plantas de fundici\u00f3n, talleres de agua desalada de plantas sider\u00fargicas, talleres de decapado de plantas de maquinaria, pelda\u00f1os de escaleras, plataformas de operaciones, barandillas, suelos de doble capa, cubiertas de zanjas, rejillas...<br \/>\n4. Tienda de lavado de coches 4S: tablero de drenaje de lavado de coches, plaza de aparcamiento, cubierta de zanja de lavado de coches.<br \/>\n5. Paisajismo, ingenier\u00eda municipal: cubiertas de estanques, \u00e1rboles, protectores de \u00e1rboles<br \/>\n6. Industria petrolera: plataformas petrol\u00edferas en alta mar, astilleros, cubiertas de buques<\/p>\n<p><strong>Caracter\u00edsticas<\/strong><br \/>\n1: Este equipo puede ajustar arbitrariamente el intervalo de funcionamiento del equipo seg\u00fan las necesidades del usuario para lograr un funcionamiento peri\u00f3dico.<br \/>\n2: Puede controlarse autom\u00e1ticamente seg\u00fan la diferencia de nivel de l\u00edquido entre las compuertas delantera y trasera, y tiene funci\u00f3n de control manual para facilitar el mantenimiento.<br \/>\n3: La rejilla mec\u00e1nica rotativa tiene las ventajas de un alto grado de automatizaci\u00f3n, buen efecto de pesca, bajo consumo de energ\u00eda, sin ruido y buena resistencia a la corrosi\u00f3n.<br \/>\n4: Cuando se deja desatendida, se puede garantizar un trabajo continuo y estable, con muy poco trabajo de mantenimiento diario.<\/p>\n<p><a href=\"mailto:sales@luckywwtp.com\"><img fetchpriority=\"high\" decoding=\"async\" class=\"alignnone wp-image-1887 size-full\" src=\"http:\/\/www.luckywwtp.com\/wp-content\/uploads\/2024\/12\/get-inquiry-blue.jpg\" alt=\"\" width=\"1000\" height=\"200\" srcset=\"https:\/\/www.luckywwtp.com\/wp-content\/uploads\/2024\/12\/get-inquiry-blue.jpg 1000w, https:\/\/www.luckywwtp.com\/wp-content\/uploads\/2024\/12\/get-inquiry-blue-300x60.jpg 300w, https:\/\/www.luckywwtp.com\/wp-content\/uploads\/2024\/12\/get-inquiry-blue-768x154.jpg 768w, https:\/\/www.luckywwtp.com\/wp-content\/uploads\/2024\/12\/get-inquiry-blue-18x4.jpg 18w, https:\/\/www.luckywwtp.com\/wp-content\/uploads\/2024\/12\/get-inquiry-blue-800x160.jpg 800w\" sizes=\"(max-width: 1000px) 100vw, 1000px\" \/><\/a><\/p>","protected":false},"excerpt":{"rendered":"<p>El tamiz es el equipo auxiliar m\u00e1s importante de la estaci\u00f3n de bombeo de aguas residuales. El tamiz consiste generalmente en un conjunto de barras paralelas y se coloca oblicuamente a la entrada del dep\u00f3sito de recogida de agua de la estaci\u00f3n de bombeo. Su \u00e1ngulo de inclinaci\u00f3n es de 60\u00b0~80\u00b0. Detr\u00e1s de la rejilla debe colocarse un banco de trabajo, que generalmente...<\/p>","protected":false},"featured_media":1597,"comment_status":"open","ping_status":"closed","template":"","meta":{"_kad_post_transparent":"default","_kad_post_title":"","_kad_post_layout":"default","_kad_post_sidebar_id":"","_kad_post_content_style":"default","_kad_post_vertical_padding":"default","_kad_post_feature":"","_kad_post_feature_position":"","_kad_post_header":false,"_kad_post_footer":false,"_kad_post_classname":""},"product_brand":[],"product_cat":[24,29],"product_tag":[110,108,115,113,114,111,116,112,109],"class_list":{"0":"post-1596","1":"product","2":"type-product","3":"status-publish","4":"has-post-thumbnail","6":"product_cat-products","7":"product_cat-waste-water-treatment-products","8":"product_tag-classification-of-screen","9":"product_tag-sewage-pumping-station","10":"product_tag-sewage-purification-plant","11":"product_tag-sewage-treatment","12":"product_tag-sewage-treatment-plant","13":"product_tag-sewage-treatment-plants","14":"product_tag-spp","15":"product_tag-stp","16":"product_tag-water-collection-tank","18":"first","19":"instock","20":"shipping-taxable","21":"product-type-simple","22":"entry","23":"content-bg","24":"loop-entry"},"_links":{"self":[{"href":"https:\/\/www.luckywwtp.com\/es\/wp-json\/wp\/v2\/product\/1596","targetHints":{"allow":["GET"]}}],"collection":[{"href":"https:\/\/www.luckywwtp.com\/es\/wp-json\/wp\/v2\/product"}],"about":[{"href":"https:\/\/www.luckywwtp.com\/es\/wp-json\/wp\/v2\/types\/product"}],"replies":[{"embeddable":true,"href":"https:\/\/www.luckywwtp.com\/es\/wp-json\/wp\/v2\/comments?post=1596"}],"wp:featuredmedia":[{"embeddable":true,"href":"https:\/\/www.luckywwtp.com\/es\/wp-json\/wp\/v2\/media\/1597"}],"wp:attachment":[{"href":"https:\/\/www.luckywwtp.com\/es\/wp-json\/wp\/v2\/media?parent=1596"}],"wp:term":[{"taxonomy":"product_brand","embeddable":true,"href":"https:\/\/www.luckywwtp.com\/es\/wp-json\/wp\/v2\/product_brand?post=1596"},{"taxonomy":"product_cat","embeddable":true,"href":"https:\/\/www.luckywwtp.com\/es\/wp-json\/wp\/v2\/product_cat?post=1596"},{"taxonomy":"product_tag","embeddable":true,"href":"https:\/\/www.luckywwtp.com\/es\/wp-json\/wp\/v2\/product_tag?post=1596"}],"curies":[{"name":"wp","href":"https:\/\/api.w.org\/{rel}","templated":true}]}}