{"id":1594,"date":"2024-12-04T14:40:24","date_gmt":"2024-12-04T06:40:24","guid":{"rendered":"https:\/\/www.luckywwtp.com\/?post_type=product&#038;p=1594"},"modified":"2025-05-14T09:18:06","modified_gmt":"2025-05-14T01:18:06","slug":"incline-sendimentation-tank","status":"publish","type":"product","link":"https:\/\/www.luckywwtp.com\/es\/producto\/incline-sendimentation-tank\/","title":{"rendered":"Tanque de sedimentaci\u00f3n inclinado"},"content":{"rendered":"<p>El tanque de sedimentaci\u00f3n de tubos inclinados es un tanque de sedimentaci\u00f3n combinado dise\u00f1ado en base a la teor\u00eda de la sedimentaci\u00f3n en piscinas poco profundas. Su principio es establecer muchos tubos inclinados densamente espaciados o placas inclinadas en el \u00e1rea de sedimentaci\u00f3n, de modo que las impurezas suspendidas en el agua puedan depositarse en las placas inclinadas o tubos inclinados. A continuaci\u00f3n, el agua se eleva a lo largo de la placa inclinada o tubo inclinado, y el lodo separado se desliza hacia abajo a lo largo de la placa inclinada (tubo) hasta el fondo de la piscina bajo la acci\u00f3n de la gravedad, y luego se concentra y se descarga. Este equipo puede aumentar la eficiencia de deposici\u00f3n en 50-60% y aumentar la capacidad de procesamiento en 3-5 veces en la misma \u00e1rea.<\/p>\n<p><strong>Aplicaci\u00f3n<\/strong><br \/>\nSe utiliza en el tratamiento de aguas residuales industriales, aguas residuales dom\u00e9sticas y aguas residuales de procesamiento de metales no ferrosos. Tratamiento de aguas residuales de eliminaci\u00f3n de polvo hidr\u00e1ulico en salas de calderas de centrales el\u00e9ctricas, tratamiento de aguas de lavado de gasolineras, tratamiento qu\u00edmico de aguas y pretratamiento de depuraci\u00f3n de suministro de agua. Tiene grandes caracter\u00edsticas en t\u00e9rminos de nuevos tanques de sedimentaci\u00f3n y el potencial de aprovechamiento y renovaci\u00f3n de los tanques antiguos, y es adecuado para la instalaci\u00f3n y el uso en tanques de sedimentaci\u00f3n de abastecimiento de agua y drenaje.<\/p>\n<p><strong>\u00bfQu\u00e9 puede hacer el dep\u00f3sito de sedimentaci\u00f3n de tubo inclinado?<\/strong><br \/>\nLos precipitadores de tubo inclinado pueden utilizarse como equipos de apoyo para procesos del agua como la flotaci\u00f3n por aire y los m\u00e9todos de mejora, y tambi\u00e9n pueden tratar una variedad de aguas residuales en una sola etapa, como:<br \/>\n1. Los \u00edndices de eliminaci\u00f3n de aguas residuales mixtas, cromo, cobre, hierro, zinc, n\u00edquel, etc. que contienen diversos iones met\u00e1licos en las aguas residuales de galvanoplastia son todos superiores a 90%. En general, las aguas residuales de galvanoplastia pueden cumplir las normas de vertido despu\u00e9s del tratamiento.<br \/>\n2. Las aguas residuales de minas de carb\u00f3n y de procesamiento de minerales pueden reducir la turbidez de 500-1500 mg\/L a 5 mg\/L.<br \/>\n3. La tasa de eliminaci\u00f3n del color de las aguas residuales de estampaci\u00f3n y te\u00f1ido, blanqueo y te\u00f1ido es de 70-90%, (la eliminaci\u00f3n de la DQO es de 50-70%).<br \/>\n4. Eliminaci\u00f3n de grandes cantidades de materia org\u00e1nica de las aguas residuales de las industrias del curtido, alimentaria y otras, la tasa de eliminaci\u00f3n de DQO es de 50-80%, y la tasa de eliminaci\u00f3n de s\u00f3lidos impuros es superior a 90%.<br \/>\n5. La tasa de eliminaci\u00f3n de DQO de las aguas residuales qu\u00edmicas es de 60-70%, la tasa de eliminaci\u00f3n de croma es de 60-90%, y los s\u00f3lidos en suspensi\u00f3n cumplen las normas de emisi\u00f3n.<\/p>\n<p><strong>Caracter\u00edsticas<\/strong><br \/>\n1. Utilizando el principio del flujo laminar, se mejora la capacidad de procesamiento del tanque de sedimentaci\u00f3n.<br \/>\n2. Acorta la distancia de sedimentaci\u00f3n de las part\u00edculas, acortando as\u00ed el tiempo de sedimentaci\u00f3n<br \/>\n3. La velocidad de flujo de este tipo de tanque de sedimentaci\u00f3n puede alcanzar 36m3\/(m2.h), que es 5-10 veces mayor que la capacidad de procesamiento de los tanques de sedimentaci\u00f3n ordinarios. Es un nuevo tipo de equipo de sedimentaci\u00f3n.<br \/>\n4. Hecho de materiales de alta calidad y soldadura de precisi\u00f3n, resistente y duradero.<br \/>\n5. Aumenta el \u00e1rea de sedimentaci\u00f3n del tanque de sedimentaci\u00f3n y mejora la eficiencia del tratamiento.<\/p>\n<p><a href=\"mailto:sales@luckywwtp.com\"><img fetchpriority=\"high\" decoding=\"async\" class=\"alignnone wp-image-1887 size-full\" src=\"http:\/\/www.luckywwtp.com\/wp-content\/uploads\/2024\/12\/get-inquiry-blue.jpg\" alt=\"\" width=\"1000\" height=\"200\" srcset=\"https:\/\/www.luckywwtp.com\/wp-content\/uploads\/2024\/12\/get-inquiry-blue.jpg 1000w, https:\/\/www.luckywwtp.com\/wp-content\/uploads\/2024\/12\/get-inquiry-blue-300x60.jpg 300w, https:\/\/www.luckywwtp.com\/wp-content\/uploads\/2024\/12\/get-inquiry-blue-768x154.jpg 768w, https:\/\/www.luckywwtp.com\/wp-content\/uploads\/2024\/12\/get-inquiry-blue-18x4.jpg 18w, https:\/\/www.luckywwtp.com\/wp-content\/uploads\/2024\/12\/get-inquiry-blue-800x160.jpg 800w\" sizes=\"(max-width: 1000px) 100vw, 1000px\" \/><\/a><\/p>","protected":false},"excerpt":{"rendered":"<p>El tanque de sedimentaci\u00f3n de tubos inclinados es un tanque de sedimentaci\u00f3n combinado dise\u00f1ado en base a la teor\u00eda de la sedimentaci\u00f3n en piscinas poco profundas. Su principio es establecer muchos tubos inclinados densamente espaciados o placas inclinadas en el \u00e1rea de sedimentaci\u00f3n, de modo que las impurezas suspendidas en el agua puedan depositarse en las placas inclinadas o tubos inclinados. ,...<\/p>","protected":false},"featured_media":1595,"comment_status":"open","ping_status":"closed","template":"","meta":{"_kad_post_transparent":"default","_kad_post_title":"","_kad_post_layout":"default","_kad_post_sidebar_id":"","_kad_post_content_style":"default","_kad_post_vertical_padding":"default","_kad_post_feature":"","_kad_post_feature_position":"","_kad_post_header":false,"_kad_post_footer":false,"_kad_post_classname":""},"product_brand":[],"product_cat":[28,15],"product_tag":[123,120,118,117,121,106,122,119,125,124],"class_list":{"0":"post-1594","1":"product","2":"type-product","3":"status-publish","4":"has-post-thumbnail","6":"product_cat-solid-waste-treatment","7":"product_cat-uncategorized","8":"product_tag-chemical-water-treatment","9":"product_tag-domestic-wastewater","10":"product_tag-hallow-pool-sedimentation","11":"product_tag-inclined-tube-sedimentation-tank","12":"product_tag-removal-wastewater","13":"product_tag-sedimentation-tank","14":"product_tag-treatment-of-gas-station-washing-water","15":"product_tag-treatment-of-industrial-wastewater","16":"product_tag-water-supply-and-drainage","17":"product_tag-water-supply-purification","19":"first","20":"instock","21":"shipping-taxable","22":"product-type-simple","23":"entry","24":"content-bg","25":"loop-entry"},"_links":{"self":[{"href":"https:\/\/www.luckywwtp.com\/es\/wp-json\/wp\/v2\/product\/1594","targetHints":{"allow":["GET"]}}],"collection":[{"href":"https:\/\/www.luckywwtp.com\/es\/wp-json\/wp\/v2\/product"}],"about":[{"href":"https:\/\/www.luckywwtp.com\/es\/wp-json\/wp\/v2\/types\/product"}],"replies":[{"embeddable":true,"href":"https:\/\/www.luckywwtp.com\/es\/wp-json\/wp\/v2\/comments?post=1594"}],"wp:featuredmedia":[{"embeddable":true,"href":"https:\/\/www.luckywwtp.com\/es\/wp-json\/wp\/v2\/media\/1595"}],"wp:attachment":[{"href":"https:\/\/www.luckywwtp.com\/es\/wp-json\/wp\/v2\/media?parent=1594"}],"wp:term":[{"taxonomy":"product_brand","embeddable":true,"href":"https:\/\/www.luckywwtp.com\/es\/wp-json\/wp\/v2\/product_brand?post=1594"},{"taxonomy":"product_cat","embeddable":true,"href":"https:\/\/www.luckywwtp.com\/es\/wp-json\/wp\/v2\/product_cat?post=1594"},{"taxonomy":"product_tag","embeddable":true,"href":"https:\/\/www.luckywwtp.com\/es\/wp-json\/wp\/v2\/product_tag?post=1594"}],"curies":[{"name":"wp","href":"https:\/\/api.w.org\/{rel}","templated":true}]}}