{"id":1591,"date":"2024-12-04T14:33:20","date_gmt":"2024-12-04T06:33:20","guid":{"rendered":"https:\/\/www.luckywwtp.com\/?post_type=product&#038;p=1591"},"modified":"2025-05-14T09:19:53","modified_gmt":"2025-05-14T01:19:53","slug":"hydrolysis-acidification-system","status":"publish","type":"product","link":"https:\/\/www.luckywwtp.com\/es\/producto\/hydrolysis-acidification-system\/","title":{"rendered":"Sistema de acidificaci\u00f3n por hidr\u00f3lisis"},"content":{"rendered":"<p><strong>Visi\u00f3n general:<\/strong>El conjunto de relleno en el equipo de acidificaci\u00f3n hidrol\u00edtica de flujo ascendente es un tipo de mejora de la resistencia de acuerdo con los requisitos de separaci\u00f3n del proceso de hidr\u00f3lisis. El relleno tiene una buena resistencia mec\u00e1nica bajo la premisa de asegurar una gran superficie espec\u00edfica.no se producen da\u00f1os en el proceso de cizallamiento hidr\u00e1ulico y la colisi\u00f3n por fricci\u00f3n entre los portadores. Como los materiales polim\u00e9ricos modificados se utilizan principalmente como sustratos en el proceso de producci\u00f3n , son resistentes a los \u00e1cidos y \u00e1lcalis, y tienen una mejor adaptabilidad a las aguas residuales de alta dificultad que contienen materia org\u00e1nica (hidrocarburos, benceno) , con una fuerte resistencia a la corrosi\u00f3n. El relleno puede aumentar la adhesi\u00f3n de microorganismos en la superficie del relleno, creando condiciones para el crecimiento de microorganismos. Al mismo tiempo, una peque\u00f1a cantidad de gas anaer\u00f3bico generado por la separaci\u00f3n de la placa inclinada es interceptado o adsorbido por el relleno durante el proceso de ascenso, y el gas adherido al lodo se separa del lodo en suspensi\u00f3n, y el lodo se adhiere al relleno, o acumula grandes masas de lodo que se deslizan hacia abajo y se hunden en el fondo de la piscina. Por otro lado, la adici\u00f3n de la placa inclinada aumenta el \u00e1rea efectiva de separaci\u00f3n, reduciendo en gran medida el radio hidr\u00e1ulico del \u00e1rea de sedimentaci\u00f3n, mejorando las condiciones hidr\u00e1ulicas de precipitaci\u00f3n del lodo y aumentando la eficacia de la separaci\u00f3n lodo-agua.<\/p>\n<p><strong>\u00bfQu\u00e9 es la hidr\u00f3lisis y la acidificaci\u00f3n?<\/strong><br \/>\nEl m\u00e9todo de tratamiento por hidr\u00f3lisis y acidificaci\u00f3n es un m\u00e9todo intermedio entre los m\u00e9todos de tratamiento aer\u00f3bico y anaer\u00f3bico. Puede considerarse como la primera y segunda etapas del tratamiento anaer\u00f3bico, es decir, bajo la acci\u00f3n de un gran n\u00famero de bacterias hidrolizantes y bacterias acidificantes, la hidr\u00f3lisis de la materia org\u00e1nica insoluble en materia org\u00e1nica disuelta convierte las sustancias macromoleculares dif\u00edciles de biodegradar en sustancias de mol\u00e9culas peque\u00f1as f\u00e1cilmente biodegradables, o bien es un proceso de reacci\u00f3n que hace que las sustancias m\u00e1s grandes y dif\u00edciles de degradar abran anillos y cadenas. Por lo tanto, en sentido estricto, el tanque de acidificaci\u00f3n por hidr\u00f3lisis es un tanque de ox\u00edgeno facultativo.<\/p>\n<p><strong>\u00bfCu\u00e1les son los flujos de proceso de la hidr\u00f3lisis y la acidificaci\u00f3n?<\/strong><br \/>\n1. 1. Pretratamiento: Dependiendo de las caracter\u00edsticas de las aguas residuales, pueden ser necesarias rejillas, sedimentaci\u00f3n u otras formas de pretratamiento para eliminar part\u00edculas grandes o materia flotante en las aguas residuales.<br \/>\n2. Ajustar la calidad del agua: ajustar el valor del pH, la temperatura, etc. de las aguas residuales para cumplir los requisitos del proceso de hidr\u00f3lisis y acidificaci\u00f3n. Por ejemplo, el proceso de hidr\u00f3lisis y acidificaci\u00f3n suele llevarse a cabo a un valor de pH entre 5,5 y 6,5 para obtener una mayor tasa de hidr\u00f3lisis (acidificaci\u00f3n).<br \/>\n3. Reacci\u00f3n de hidr\u00f3lisis y acidificaci\u00f3n: Las aguas residuales pasan por el reactor de hidr\u00f3lisis y acidificaci\u00f3n en condiciones anaer\u00f3bicas, y los microorganismos que contiene descomponen la materia org\u00e1nica de alto peso molecular en materia org\u00e1nica de peque\u00f1o peso molecular. Este paso puede realizarse utilizando reactores de hidr\u00f3lisis de flujo ascendente, h\u00edbridos o totalmente mixtos.<br \/>\n4. Acci\u00f3n microbiana: Durante el proceso de hidr\u00f3lisis y acidificaci\u00f3n, microorganismos como las bacterias de fermentaci\u00f3n desempe\u00f1an un papel protagonista en la conversi\u00f3n de materia org\u00e1nica flotante y sustancias macromoleculares en materia org\u00e1nica soluble y sustancias de mol\u00e9culas peque\u00f1as f\u00e1cilmente biodegradables.<br \/>\n5. Vertido de aguas residuales y lodos: Las aguas residuales despu\u00e9s de la hidr\u00f3lisis y la acidificaci\u00f3n entran en la unidad de tratamiento posterior, como el tratamiento aer\u00f3bico o la digesti\u00f3n anaer\u00f3bica. Al mismo tiempo, de acuerdo con las condiciones de funcionamiento del tanque de hidr\u00f3lisis y acidificaci\u00f3n, se realizan regularmente operaciones de descarga de lodos para mantener la actividad y la eficacia de tratamiento de los microorganismos en el reactor.<br \/>\n6. Monitorizaci\u00f3n y control: Supervisar y controlar los par\u00e1metros de funcionamiento del tanque de hidr\u00f3lisis y acidificaci\u00f3n, como el ox\u00edgeno disuelto, el valor de pH, la temperatura, la concentraci\u00f3n de materia org\u00e1nica, etc., para garantizar el funcionamiento estable del proceso.<br \/>\n7. 7. Tratamiento posterior: Dependiendo de los requisitos de calidad del efluente, puede ser necesario un tratamiento posterior, como sedimentaci\u00f3n, filtraci\u00f3n, desinfecci\u00f3n, etc. para cumplir las normas de vertido.<\/p>\n<p><strong>\u00bfCu\u00e1l es la estructura de un tanque de acidificaci\u00f3n por hidr\u00f3lisis?<\/strong><br \/>\n(1) Cuerpo de la piscina: generalmente rectangular o circular. La altura econ\u00f3mica de la piscina de hidr\u00f3lisis y acidificaci\u00f3n suele oscilar entre 4 y 6 m.<br \/>\n(2) Sistema de distribuci\u00f3n de agua: Los m\u00e9todos de distribuci\u00f3n de agua incluyen: m\u00e9todo de distribuci\u00f3n de agua de una tuber\u00eda y un orificio, m\u00e9todo de distribuci\u00f3n de agua de m\u00faltiples orificios de una tuber\u00eda y m\u00e9todo de distribuci\u00f3n de agua ramificada.<br \/>\n(3) Dispositivo de recogida de efluentes: El efluente del tanque de hidr\u00f3lisis y acidificaci\u00f3n puede recogerse mediante un vertedero triangular de salida de agua situado en la superficie del agua de la piscina.<br \/>\n(4) Sistema de descarga de lodos: Cuando el lodo en el tanque de acidificaci\u00f3n por hidr\u00f3lisis alcanza una cierta altura, el lodo debe ser descargado. El ajuste de la altura de descarga de lodos debe considerar la descarga de lodos de baja actividad y la preservaci\u00f3n de lodos de alta actividad. Descarga normal de lodos El punto est\u00e1 situado en la parte media y superior de la zona de lodos, y se puede utilizar un m\u00e9todo regular de descarga de lodos, y los lodos se pueden descargar una o dos veces al d\u00eda.<\/p>\n<p><a href=\"mailto:sales@luckywwtp.com\"><img fetchpriority=\"high\" decoding=\"async\" class=\"alignnone wp-image-1887 size-full\" src=\"http:\/\/www.luckywwtp.com\/wp-content\/uploads\/2024\/12\/get-inquiry-blue.jpg\" alt=\"\" width=\"1000\" height=\"200\" srcset=\"https:\/\/www.luckywwtp.com\/wp-content\/uploads\/2024\/12\/get-inquiry-blue.jpg 1000w, https:\/\/www.luckywwtp.com\/wp-content\/uploads\/2024\/12\/get-inquiry-blue-300x60.jpg 300w, https:\/\/www.luckywwtp.com\/wp-content\/uploads\/2024\/12\/get-inquiry-blue-768x154.jpg 768w, https:\/\/www.luckywwtp.com\/wp-content\/uploads\/2024\/12\/get-inquiry-blue-18x4.jpg 18w, https:\/\/www.luckywwtp.com\/wp-content\/uploads\/2024\/12\/get-inquiry-blue-800x160.jpg 800w\" sizes=\"(max-width: 1000px) 100vw, 1000px\" \/><\/a><\/p>\n<p><strong>Aplicaci\u00f3n<\/strong><br \/>\n1. Tratamiento de aguas residuales industriales: La tecnolog\u00eda de hidr\u00f3lisis y acidificaci\u00f3n se utiliza ampliamente en las industrias qu\u00edmica, farmac\u00e9utica, de impresi\u00f3n y tinte, y de procesamiento de alimentos. Puede descomponer eficazmente la materia org\u00e1nica refractaria, reducir la concentraci\u00f3n de DQO y SS y mejorar la biodegradabilidad de las aguas residuales, reduciendo as\u00ed la necesidad de un tratamiento bioqu\u00edmico posterior. de consumo de energ\u00eda.<br \/>\n2. Tratamiento de aguas residuales urbanas: En el tratamiento de aguas residuales urbanas, los tanques de hidr\u00f3lisis y acidificaci\u00f3n pueden utilizarse como proceso de pretratamiento para mejorar la biodegradabilidad de las aguas residuales y reducir la carga y el consumo energ\u00e9tico del tratamiento biol\u00f3gico posterior.<\/p>\n<p><strong>\u00bfCu\u00e1les son las ventajas y los inconvenientes de la hidr\u00f3lisis y la acidificaci\u00f3n?<\/strong><br \/>\n1. El tratamiento de lodos no necesita pasar por el digestor. La hidr\u00f3lisis directa y la acidificaci\u00f3n pueden hidrolizar r\u00e1pidamente los lodos a temperatura normal y, finalmente, lograr un tratamiento \u00fanico de los lodos.<br \/>\n2. El coste de inversi\u00f3n del proyecto es barato, y el funcionamiento y el mantenimiento diarios son sencillos y c\u00f3modos.<br \/>\n3. El efluente no tiene olor, lo que hace que la planta de tratamiento de aguas residuales tenga un buen ambiente.<br \/>\n4. La biodegradabilidad del efluente ha mejorado mucho, lo que favorece mucho el tratamiento aer\u00f3bico posterior.<\/p>","protected":false},"excerpt":{"rendered":"<p>Overview:The filler set in the upflow hydrolytic acidification equipment is a strength improvement type according to the separation requirements of the hydrolysis process. The filler has good mechanical strength under the premise of ensuring a large specific surface area.No damage occurs in the process of hydraulic shear and friction collision between carriers. As modified polymer&#8230;<\/p>","protected":false},"featured_media":1592,"comment_status":"open","ping_status":"closed","template":"","meta":{"_kad_post_transparent":"default","_kad_post_title":"","_kad_post_layout":"default","_kad_post_sidebar_id":"","_kad_post_content_style":"default","_kad_post_vertical_padding":"default","_kad_post_feature":"","_kad_post_feature_position":"","_kad_post_header":false,"_kad_post_footer":false,"_kad_post_classname":""},"product_brand":[],"product_cat":[24,28],"product_tag":[127,128,129,126,132,131,130],"class_list":{"0":"post-1591","1":"product","2":"type-product","3":"status-publish","4":"has-post-thumbnail","6":"product_cat-products","7":"product_cat-solid-waste-treatment","8":"product_tag-aerobic-and-anaerobic-treatment","9":"product_tag-anaerobic-treatment","10":"product_tag-hydrolysis-acidification-tank","11":"product_tag-hydrolysis-and-acidification","12":"product_tag-industrial-wastewater-treatment","13":"product_tag-sludge-discharge-system","14":"product_tag-water-distribution-system","16":"first","17":"instock","18":"shipping-taxable","19":"product-type-simple","20":"entry","21":"content-bg","22":"loop-entry"},"_links":{"self":[{"href":"https:\/\/www.luckywwtp.com\/es\/wp-json\/wp\/v2\/product\/1591","targetHints":{"allow":["GET"]}}],"collection":[{"href":"https:\/\/www.luckywwtp.com\/es\/wp-json\/wp\/v2\/product"}],"about":[{"href":"https:\/\/www.luckywwtp.com\/es\/wp-json\/wp\/v2\/types\/product"}],"replies":[{"embeddable":true,"href":"https:\/\/www.luckywwtp.com\/es\/wp-json\/wp\/v2\/comments?post=1591"}],"wp:featuredmedia":[{"embeddable":true,"href":"https:\/\/www.luckywwtp.com\/es\/wp-json\/wp\/v2\/media\/1592"}],"wp:attachment":[{"href":"https:\/\/www.luckywwtp.com\/es\/wp-json\/wp\/v2\/media?parent=1591"}],"wp:term":[{"taxonomy":"product_brand","embeddable":true,"href":"https:\/\/www.luckywwtp.com\/es\/wp-json\/wp\/v2\/product_brand?post=1591"},{"taxonomy":"product_cat","embeddable":true,"href":"https:\/\/www.luckywwtp.com\/es\/wp-json\/wp\/v2\/product_cat?post=1591"},{"taxonomy":"product_tag","embeddable":true,"href":"https:\/\/www.luckywwtp.com\/es\/wp-json\/wp\/v2\/product_tag?post=1591"}],"curies":[{"name":"wp","href":"https:\/\/api.w.org\/{rel}","templated":true}]}}