{"id":1891,"date":"2025-05-14T14:14:20","date_gmt":"2025-05-14T06:14:20","guid":{"rendered":"https:\/\/www.luckywwtp.com\/?page_id=1891"},"modified":"2025-05-14T14:14:38","modified_gmt":"2025-05-14T06:14:38","slug":"desalination","status":"publish","type":"page","link":"https:\/\/www.luckywwtp.com\/es\/products\/desalination\/","title":{"rendered":"Desalinizaci\u00f3n"},"content":{"rendered":"<p>Requisitos de vertido de aguas residuales para el contenido de sal: <br>1. Aguas residuales industriales: &lt;800-1000 mg\/L <br>2. Aguas residuales dom\u00e9sticas: &lt;150-200 mg\/L<\/p>\n\n\n\n<p>Seg\u00fan el TDS, las aguas residuales pueden dividirse en tres tipos: <br>1. Aguas residuales de salinidad extremadamente alta (&gt;30000 mg\/L TDS) <br>2. Aguas residuales de salinidad media a alta (2000-10000 mg\/L) <br>3. Aguas residuales de baja salinidad (500-2000 mg\/L)<\/p>\n\n\n\n<p>\u00bfCu\u00e1les son los m\u00e9todos de desalinizaci\u00f3n? <br>1. M\u00e9todos qu\u00edmicos: consisten en a\u00f1adir agentes qu\u00edmicos, como cloruros e hidr\u00f3xidos, para que reaccionen qu\u00edmicamente con las sales de las aguas residuales y reduzcan su contenido. Este m\u00e9todo es sencillo y eficaz, pero puede provocar una contaminaci\u00f3n secundaria y aumentar los costes de tratamiento. <br>2. M\u00e9todos biol\u00f3gicos: utilizan la acci\u00f3n degradadora de los microorganismos para descomponer los materiales org\u00e1nicos que contienen sal en sustancias con bajo contenido en sal o sin sal. Entre los m\u00e9todos biol\u00f3gicos m\u00e1s comunes se encuentran los lodos activados, los m\u00e9todos de biopel\u00edcula y el tratamiento biol\u00f3gico anaer\u00f3bico. Este m\u00e9todo es respetuoso con el medio ambiente y tiene bajos costes de tratamiento, pero tiene un ciclo de tratamiento m\u00e1s largo y es sensible a la calidad del agua y a los factores ambientales. <br>3. M\u00e9todos f\u00edsicos: incluyen la electrodi\u00e1lisis, la \u00f3smosis inversa y el intercambio i\u00f3nico. Estos m\u00e9todos utilizan membranas de separaci\u00f3n o agentes de intercambio i\u00f3nico para separar selectivamente las sales de las aguas residuales y conseguir la desalinizaci\u00f3n. Los m\u00e9todos f\u00edsicos pueden lograr un alto efecto de desalinizaci\u00f3n, pero la inversi\u00f3n en equipos y los costes de mantenimiento son elevados. Tanques de sedimentaci\u00f3n, tanques anaer\u00f3bicos-aer\u00f3bicos, electrodi\u00e1lisis.<\/p>\n\n\n\n<div class=\"wp-block-group is-layout-grid wp-container-core-group-is-layout-148d70a5 wp-block-group-is-layout-grid\">\n<figure class=\"wp-block-gallery alignleft has-nested-images columns-default is-cropped wp-block-gallery-1 is-layout-flex wp-block-gallery-is-layout-flex\">\n<figure class=\"wp-block-image size-full\" style=\"margin-top:0;margin-bottom:0\"><img fetchpriority=\"high\" decoding=\"async\" width=\"500\" height=\"550\" data-id=\"1892\" src=\"https:\/\/www.luckywwtp.com\/wp-content\/uploads\/2025\/05\/sedimentation-tank.jpg\" alt=\"\" class=\"wp-image-1892\" srcset=\"https:\/\/www.luckywwtp.com\/wp-content\/uploads\/2025\/05\/sedimentation-tank.jpg 500w, https:\/\/www.luckywwtp.com\/wp-content\/uploads\/2025\/05\/sedimentation-tank-273x300.jpg 273w, https:\/\/www.luckywwtp.com\/wp-content\/uploads\/2025\/05\/sedimentation-tank-11x12.jpg 11w\" sizes=\"(max-width: 500px) 100vw, 500px\" \/><\/figure>\n<\/figure>\n\n\n\n<figure class=\"wp-block-image size-full\"><img decoding=\"async\" width=\"500\" height=\"550\" src=\"http:\/\/www.luckywwtp.com\/wp-content\/uploads\/2025\/05\/anaerobic-oxic-tank.jpg\" alt=\"\" class=\"wp-image-1893\" srcset=\"https:\/\/www.luckywwtp.com\/wp-content\/uploads\/2025\/05\/anaerobic-oxic-tank.jpg 500w, https:\/\/www.luckywwtp.com\/wp-content\/uploads\/2025\/05\/anaerobic-oxic-tank-273x300.jpg 273w, https:\/\/www.luckywwtp.com\/wp-content\/uploads\/2025\/05\/anaerobic-oxic-tank-11x12.jpg 11w\" sizes=\"(max-width: 500px) 100vw, 500px\" \/><\/figure>\n\n\n\n<figure class=\"wp-block-image size-full\"><img decoding=\"async\" width=\"500\" height=\"550\" src=\"http:\/\/www.luckywwtp.com\/wp-content\/uploads\/2025\/05\/electrodialysis-EDI.jpg\" alt=\"\" class=\"wp-image-1894\" srcset=\"https:\/\/www.luckywwtp.com\/wp-content\/uploads\/2025\/05\/electrodialysis-EDI.jpg 500w, https:\/\/www.luckywwtp.com\/wp-content\/uploads\/2025\/05\/electrodialysis-EDI-273x300.jpg 273w, https:\/\/www.luckywwtp.com\/wp-content\/uploads\/2025\/05\/electrodialysis-EDI-11x12.jpg 11w\" sizes=\"(max-width: 500px) 100vw, 500px\" \/><\/figure>\n<\/div>\n\n\n\n<p>Aplicaciones de la desalinizaci\u00f3n de aguas residuales<br>1. M\u00e9todo de evaporaci\u00f3n: Las aguas residuales de alta salinidad se evaporan por calentamiento, dejando la sal en el s\u00f3lido despu\u00e9s de la evaporaci\u00f3n. Este m\u00e9todo es muy eficaz y sencillo de manejar, pero requiere una gran cantidad de energ\u00eda t\u00e9rmica y espacio.<br>2. M\u00e9todo de intercambio i\u00f3nico: Utiliza resina de intercambio i\u00f3nico para intercambiar iones en las aguas residuales con iones en la resina, con una tasa de desalinizaci\u00f3n superior a 90%. Sin embargo, la resina debe sustituirse peri\u00f3dicamente, y la salmuera concentrada tras el tratamiento requiere un tratamiento posterior.<br>3. M\u00e9todo de \u00f3smosis inversa: Las aguas residuales de alta salinidad se someten a \u00f3smosis inversa a alta presi\u00f3n para separar las sales y los contaminantes. La eficacia del tratamiento es extremadamente alta, pero el coste del equipo es elevado y los gastos de funcionamiento son caros.<br>4. Tecnolog\u00eda de cristalizaci\u00f3n de concentraci\u00f3n por evaporaci\u00f3n multiefecto a baja temperatura: Utiliza m\u00faltiples evaporadores interconectados en los que el vapor generado por una etapa se utiliza como fuente de calor para la etapa siguiente, con lo que se consigue una utilizaci\u00f3n escalonada de la energ\u00eda y se reduce el consumo energ\u00e9tico. En \u00faltima instancia, esto separa las aguas residuales de las sales s\u00f3lidas, y el agua desalinizada puede devolverse al sistema de producci\u00f3n para su reutilizaci\u00f3n.<\/p>\n\n\n\n<div class=\"wp-block-columns is-layout-flex wp-container-core-columns-is-layout-9d6595d7 wp-block-columns-is-layout-flex\">\n<div class=\"wp-block-column is-layout-flow wp-block-column-is-layout-flow\" style=\"flex-basis:33.34%\">\n<div class=\"wp-block-jetpack-tiled-gallery aligncenter is-style-rectangular\"><div class=\"\"><div class=\"tiled-gallery__gallery\"><div class=\"tiled-gallery__row\"><div class=\"tiled-gallery__col\" style=\"flex-basis:100.00000%\"><figure class=\"tiled-gallery__item\"><img decoding=\"async\" alt=\"\" data-height=\"550\" data-id=\"1895\" data-link=\"https:\/\/www.luckywwtp.com\/?attachment_id=1895\" data-url=\"https:\/\/www.luckywwtp.com\/wp-content\/uploads\/2025\/05\/multi-effect-evaporator.jpg\" data-width=\"500\" src=\"https:\/\/i0.wp.com\/www.luckywwtp.com\/wp-content\/uploads\/2025\/05\/multi-effect-evaporator.jpg?ssl=1\" data-amp-layout=\"responsive\" tabindex=\"0\" role=\"button\" aria-label=\"\u5728\u5168\u5c4f\u663e\u793a\u4e0b\u6253\u5f00 1 \u5f20\u56fe\u7247\uff08\u5171 1 \u5f20\uff09\"\/><\/figure><\/div><\/div><\/div><\/div><\/div>\n<\/div>\n\n\n\n<div class=\"wp-block-column is-layout-flow wp-block-column-is-layout-flow\" style=\"flex-basis:33.34%\">\n<figure class=\"wp-block-image size-full\"><img loading=\"lazy\" decoding=\"async\" width=\"500\" height=\"550\" src=\"https:\/\/www.luckywwtp.com\/wp-content\/uploads\/2025\/05\/Ion-Exchange.jpg\" alt=\"\" class=\"wp-image-1896\" srcset=\"https:\/\/www.luckywwtp.com\/wp-content\/uploads\/2025\/05\/Ion-Exchange.jpg 500w, https:\/\/www.luckywwtp.com\/wp-content\/uploads\/2025\/05\/Ion-Exchange-273x300.jpg 273w, https:\/\/www.luckywwtp.com\/wp-content\/uploads\/2025\/05\/Ion-Exchange-11x12.jpg 11w\" sizes=\"(max-width: 500px) 100vw, 500px\" \/><\/figure>\n<\/div>\n\n\n\n<div class=\"wp-block-column is-layout-flow wp-block-column-is-layout-flow\" style=\"flex-basis:33.33%\">\n<figure class=\"wp-block-image size-full\"><img loading=\"lazy\" decoding=\"async\" width=\"500\" height=\"550\" src=\"http:\/\/www.luckywwtp.com\/wp-content\/uploads\/2025\/05\/reverse-osmosis.jpg\" alt=\"\" class=\"wp-image-1897\" srcset=\"https:\/\/www.luckywwtp.com\/wp-content\/uploads\/2025\/05\/reverse-osmosis.jpg 500w, https:\/\/www.luckywwtp.com\/wp-content\/uploads\/2025\/05\/reverse-osmosis-273x300.jpg 273w, https:\/\/www.luckywwtp.com\/wp-content\/uploads\/2025\/05\/reverse-osmosis-11x12.jpg 11w\" sizes=\"(max-width: 500px) 100vw, 500px\" \/><\/figure>\n<\/div>\n<\/div>\n\n\n\n<p>\u00bfCu\u00e1les son los retos de la desalinizaci\u00f3n de aguas residuales?<br>1. Inhibici\u00f3n de la actividad microbiana debido a la alta salinidad: Las aguas residuales de alta salinidad suprimen significativamente el crecimiento y la actividad de los microorganismos, lo que provoca la deshidrataci\u00f3n o incluso la muerte de las c\u00e9lulas microbianas, imposibilitando la degradaci\u00f3n efectiva de la materia org\u00e1nica de las aguas residuales. Adem\u00e1s, la alta salinidad tambi\u00e9n puede causar corrosi\u00f3n y da\u00f1os en los equipos de tratamiento, aumentando el coste de mantenimiento y sustituci\u00f3n.<br>2. Costes de tratamiento elevados: Para reducir la salinidad de las aguas residuales suele ser necesario diluirlas, lo que aumenta el consumo de agua y los costes de tratamiento del proceso. Adem\u00e1s, el tratamiento de aguas residuales de alta salinidad consume mucha energ\u00eda t\u00e9rmica y el\u00e9ctrica, lo que aumenta a\u00fan m\u00e1s los costes de tratamiento.<br>3. Selecci\u00f3n de tecnolog\u00edas y aplicabilidad: Las distintas tecnolog\u00edas de desalinizaci\u00f3n tienen sus propias ventajas e inconvenientes. Por ejemplo, la tecnolog\u00eda de separaci\u00f3n por membranas es eficaz y respetuosa con el medio ambiente, pero los materiales de las membranas son propensos a la contaminaci\u00f3n y requieren una limpieza y un mantenimiento peri\u00f3dicos; los m\u00e9todos electrol\u00edticos son adecuados para tratar aguas residuales de alta salinidad que contienen iones de metales pesados, pero tienen un mayor consumo de energ\u00eda; los m\u00e9todos de evaporaci\u00f3n y concentraci\u00f3n tienen un alto consumo de energ\u00eda y equipos complejos; el tratamiento biol\u00f3gico requiere un tiempo de reacci\u00f3n biol\u00f3gica m\u00e1s largo. La elecci\u00f3n de la tecnolog\u00eda adecuada debe sopesarse en funci\u00f3n de las circunstancias espec\u00edficas.<br>4. Complejidad de la composici\u00f3n de las aguas residuales: Las aguas residuales de los yacimientos de petr\u00f3leo y gas contienen diversas sustancias org\u00e1nicas y sales inorg\u00e1nicas, cada una con propiedades qu\u00edmicas y biodegradabilidad diferentes, lo que aumenta la dificultad de su eliminaci\u00f3n. Adem\u00e1s, impurezas como los s\u00f3lidos en suspensi\u00f3n y los iones de metales pesados presentes en las aguas residuales tambi\u00e9n pueden afectar a la eficacia del tratamiento.<\/p>\n\n\n\n<p>\u00bfCu\u00e1les son los peligros de las aguas residuales de alta salinidad?<br>Los peligros medioambientales de las aguas residuales de alta salinidad se manifiestan principalmente en la toxicidad para los microorganismos, la corrosi\u00f3n de los equipos y la destrucci\u00f3n del ecosistema.<br>1. Toxicidad para los microorganismos: Las altas concentraciones de sal pueden aumentar la presi\u00f3n osm\u00f3tica, provocando la deshidrataci\u00f3n de las c\u00e9lulas microbianas y la separaci\u00f3n del protoplasma celular. Los efectos de salinizaci\u00f3n pueden reducir la actividad de la deshidrogenasa, y el aumento de la concentraci\u00f3n de iones cloruro tambi\u00e9n puede ser t\u00f3xico para las bacterias. Adem\u00e1s, las altas concentraciones de sal aumentan la densidad de las aguas residuales, lo que facilita que los lodos activados floten y se pierdan, afectando gravemente a la eficacia de depuraci\u00f3n de los sistemas de tratamiento biol\u00f3gico.<br>2. Corrosi\u00f3n de los equipos: Las sales de las aguas residuales de alta salinidad pueden corroer tuber\u00edas y equipos, afectando a su vida \u00fatil y calidad. Por ejemplo, concentraciones de sal excesivamente altas pueden provocar la corrosi\u00f3n de tuber\u00edas y equipos, afectando a su funcionamiento y mantenimiento normales.<br>3. Destrucci\u00f3n del ecosistema: Contaminantes como los s\u00f3lidos en suspensi\u00f3n, la materia org\u00e1nica, los metales pesados y las sustancias qu\u00edmicas nocivas presentes en las aguas residuales de alta salinidad pueden tener un enorme impacto sobre el medio ambiente y los ecosistemas. Estas sustancias no s\u00f3lo tienen efectos t\u00f3xicos sobre los microorganismos, sino que tambi\u00e9n pueden acumularse a trav\u00e9s de la cadena alimentaria, afectando en \u00faltima instancia al equilibrio y la salud de todo el ecosistema.<\/p>\n\n\n\n<figure class=\"wp-block-image size-full\"><a href=\"mailto:sales@luckywwtp.com\"><img loading=\"lazy\" decoding=\"async\" width=\"1000\" height=\"200\" src=\"http:\/\/www.luckywwtp.com\/wp-content\/uploads\/2024\/12\/get-inquiry-blue.jpg\" alt=\"\" class=\"wp-image-1887\" srcset=\"https:\/\/www.luckywwtp.com\/wp-content\/uploads\/2024\/12\/get-inquiry-blue.jpg 1000w, https:\/\/www.luckywwtp.com\/wp-content\/uploads\/2024\/12\/get-inquiry-blue-300x60.jpg 300w, https:\/\/www.luckywwtp.com\/wp-content\/uploads\/2024\/12\/get-inquiry-blue-768x154.jpg 768w, https:\/\/www.luckywwtp.com\/wp-content\/uploads\/2024\/12\/get-inquiry-blue-18x4.jpg 18w, https:\/\/www.luckywwtp.com\/wp-content\/uploads\/2024\/12\/get-inquiry-blue-800x160.jpg 800w\" sizes=\"(max-width: 1000px) 100vw, 1000px\" \/><\/a><\/figure>\n\n\n\n<p>\u00bfQu\u00e9 importancia tiene la desalinizaci\u00f3n de aguas residuales? <br>1. Protecci\u00f3n del medio ambiente: Si el contenido en sal de las aguas residuales se vierte sin tratamiento, puede provocar una grave contaminaci\u00f3n del medio ambiente. La sal puede alterar las propiedades qu\u00edmicas de las masas de agua, afectando a la supervivencia de los organismos acu\u00e1ticos, provocando el endurecimiento del agua y la eutrofizaci\u00f3n. El tratamiento de desalinizaci\u00f3n puede eliminar eficazmente las sales de las aguas residuales, reduciendo los da\u00f1os medioambientales. <br>2. Reutilizaci\u00f3n y reciclaje: Muchas sales de las aguas residuales son recursos valiosos; por ejemplo, las sales de ciertas aguas residuales qu\u00edmicas pueden utilizarse para producir sulfato s\u00f3dico, cloruro s\u00f3dico y otros productos qu\u00edmicos. Mediante el tratamiento de desalinizaci\u00f3n, estos valiosos recursos pueden extraerse, consiguiendo as\u00ed la utilizaci\u00f3n de los recursos de las aguas residuales. <br>3. Cumplimiento de las normas de vertido: Muchos pa\u00edses y regiones tienen normas estrictas sobre el contenido de sal en las aguas residuales. Para cumplir las normas de vertido, el tratamiento de desalinizaci\u00f3n es necesario para reducir el contenido de sal en las aguas residuales por debajo de la concentraci\u00f3n especificada, garantizando que las aguas residuales puedan verterse al medio ambiente de forma segura. <br>4. Evitar la corrosi\u00f3n de los equipos y la formaci\u00f3n de incrustaciones: El contenido en sales de las aguas residuales puede corroer los equipos y las tuber\u00edas, acortando su vida \u00fatil. El tratamiento de desalinizaci\u00f3n puede eliminar las sales de las aguas residuales, reduciendo la corrosi\u00f3n y las incrustaciones en los equipos, lo que prolonga su vida \u00fatil. <br>5. Prevenci\u00f3n de la contaminaci\u00f3n del suelo y de las aguas subterr\u00e1neas: Las altas concentraciones de sales y sustancias inorg\u00e1nicas solubles en las aguas residuales pueden provocar la salinizaci\u00f3n del suelo y la contaminaci\u00f3n de las aguas subterr\u00e1neas si se vierten directamente o se infiltran en el suelo y las aguas subterr\u00e1neas. El tratamiento de desalinizaci\u00f3n puede reducir el riesgo de contaminaci\u00f3n del suelo y las aguas subterr\u00e1neas. <br>6. Protecci\u00f3n de los ecosistemas: El vertido de aguas residuales en masas de agua naturales puede aumentar la concentraci\u00f3n de sal, alterando el equilibrio de los ecosistemas acu\u00e1ticos y afectando a la supervivencia y reproducci\u00f3n de los organismos acu\u00e1ticos. Mediante el tratamiento de desalinizaci\u00f3n, se puede reducir el impacto negativo de las aguas residuales en los ecosistemas acu\u00e1ticos, protegiendo la biodiversidad y el equilibrio ecol\u00f3gico de las masas de agua.<\/p>","protected":false},"excerpt":{"rendered":"<p>Wastewater discharge requirements for salt content: 1. Industrial wastewater: &lt;800-1000 mg\/L 2. Domestic wastewater: &lt;150-200 mg\/L According to the TDS, wastewater can be divided into three type: 1. Extremely high salinity wastewater (>30000 mg\/L TDS) 2. Medium to high salinity wastewater (2000-10000 mg\/L) 3. Low salinity wastewater (500-2000 mg\/L) What are the methods for desalination?&#8230;<\/p>","protected":false},"author":1,"featured_media":0,"parent":212,"menu_order":0,"comment_status":"closed","ping_status":"closed","template":"","meta":{"_kad_post_transparent":"","_kad_post_title":"","_kad_post_layout":"","_kad_post_sidebar_id":"","_kad_post_content_style":"","_kad_post_vertical_padding":"","_kad_post_feature":"","_kad_post_feature_position":"","_kad_post_header":false,"_kad_post_footer":false,"footnotes":""},"class_list":["post-1891","page","type-page","status-publish","hentry"],"_links":{"self":[{"href":"https:\/\/www.luckywwtp.com\/es\/wp-json\/wp\/v2\/pages\/1891","targetHints":{"allow":["GET"]}}],"collection":[{"href":"https:\/\/www.luckywwtp.com\/es\/wp-json\/wp\/v2\/pages"}],"about":[{"href":"https:\/\/www.luckywwtp.com\/es\/wp-json\/wp\/v2\/types\/page"}],"author":[{"embeddable":true,"href":"https:\/\/www.luckywwtp.com\/es\/wp-json\/wp\/v2\/users\/1"}],"replies":[{"embeddable":true,"href":"https:\/\/www.luckywwtp.com\/es\/wp-json\/wp\/v2\/comments?post=1891"}],"version-history":[{"count":3,"href":"https:\/\/www.luckywwtp.com\/es\/wp-json\/wp\/v2\/pages\/1891\/revisions"}],"predecessor-version":[{"id":1904,"href":"https:\/\/www.luckywwtp.com\/es\/wp-json\/wp\/v2\/pages\/1891\/revisions\/1904"}],"up":[{"embeddable":true,"href":"https:\/\/www.luckywwtp.com\/es\/wp-json\/wp\/v2\/pages\/212"}],"wp:attachment":[{"href":"https:\/\/www.luckywwtp.com\/es\/wp-json\/wp\/v2\/media?parent=1891"}],"curies":[{"name":"wp","href":"https:\/\/api.w.org\/{rel}","templated":true}]}}